{"id":51678,"date":"2024-07-19T12:05:30","date_gmt":"2024-07-19T09:05:30","guid":{"rendered":"https:\/\/araratfinland.com\/product\/tayas-damla-cheesecake12x80g\/"},"modified":"2025-11-16T15:40:08","modified_gmt":"2025-11-16T13:40:08","slug":"tayas-damla-cheesecake12x80g","status":"publish","type":"product","link":"https:\/\/araratfinland.com\/en\/product\/tayas-damla-cheesecake12x80g\/","title":{"rendered":"Tayas Damla Cheesecake 12x80g"},"content":{"rendered":"<p class=\"\" data-start=\"300\" data-end=\"365\"><strong data-start=\"300\" data-end=\"365\">Hedelm\u00e4arominen, hedelm\u00e4mehutiivisteell\u00e4 valmistettu makeinen<\/strong><\/p>\n<p class=\"\" data-start=\"367\" data-end=\"688\"><strong data-start=\"367\" data-end=\"381\">Ainesosat:<\/strong> Glukoosisiirappi, sokeri, hyytel\u00f6imisaine (pektiini), happamuudens\u00e4\u00e4t\u00f6aine (sitruunahappo), hedelm\u00e4mehutiivisteet (1%) (omena, appelsiini, ananas, mansikka, vadelma, sitruuna), kasvi\u00f6ljy (palmu), aromit, v\u00e4rit (kurkumiini, paprika-uute, karamellisiirappi, punajuuriuute), pintak\u00e4sittelyaine (karnaubavaha).<\/p>\n<p class=\"\" data-start=\"690\" data-end=\"759\"><strong data-start=\"690\" data-end=\"759\">Saattaa sis\u00e4lt\u00e4\u00e4 v\u00e4h\u00e4isi\u00e4 m\u00e4\u00e4ri\u00e4 maitoa, p\u00e4hkin\u00f6it\u00e4 ja gluteenia.<\/strong><\/p>\n<p class=\"\" data-start=\"761\" data-end=\"788\"><strong data-start=\"761\" data-end=\"788\">Ravintosis\u00e4lt\u00f6 \/ 100 g:<\/strong><\/p>\n<p class=\"\" data-start=\"791\" data-end=\"820\">Energia: 341 kcal \/ 1425 kJ<\/p>\n<p class=\"\" data-start=\"823\" data-end=\"837\">Rasva: 0,1 g<\/p>\n<p class=\"\" data-start=\"842\" data-end=\"870\">josta tyydyttynytt\u00e4: 0,1 g<\/p>\n<p class=\"\" data-start=\"873\" data-end=\"895\">Hiilihydraatit: 80 g<\/p>\n<p class=\"\" data-start=\"900\" data-end=\"923\">josta sokereita: 55 g<\/p>\n<p class=\"\" data-start=\"926\" data-end=\"944\">Proteiini: 0,3 g<\/p>\n<p class=\"\" data-start=\"947\" data-end=\"962\">Suola: 0,03 g<\/p>\n","protected":false},"excerpt":{"rendered":"<p>Hedelm\u00e4arominen, hedelm\u00e4mehutiivisteell\u00e4 valmistettu makeinen Ainesosat: Glukoosisiirappi, sokeri, hyytel\u00f6imisaine (pektiini), happamuudens\u00e4\u00e4t\u00f6aine (sitruunahappo), hedelm\u00e4mehutiivisteet (1%) (omena, appelsiini, ananas, mansikka, vadelma, sitruuna), kasvi\u00f6ljy<\/p>\n","protected":false},"featured_media":100473,"template":"","meta":{"om_disable_all_campaigns":false,"_monsterinsights_skip_tracking":false,"_monsterinsights_sitenote_active":false,"_monsterinsights_sitenote_note":"","_monsterinsights_sitenote_category":0},"location":[1422],"product_brand":[1423],"product_cat":[1324],"product_tag":[],"class_list":{"0":"post-51678","1":"product","2":"type-product","3":"status-publish","4":"has-post-thumbnail","6":"location-v","7":"product_brand-ararat-ari-food","8":"product_cat-makeiset-fi","9":"stock_type-pcs-en","11":"first","12":"instock","13":"taxable","14":"shipping-taxable","15":"purchasable","16":"product-type-simple"},"aioseo_notices":[],"locations":[{"id":1422,"name":"v","slug":"v","quantity":"144"}],"_links":{"self":[{"href":"https:\/\/araratfinland.com\/en\/wp-json\/wp\/v2\/product\/51678","targetHints":{"allow":["GET"]}}],"collection":[{"href":"https:\/\/araratfinland.com\/en\/wp-json\/wp\/v2\/product"}],"about":[{"href":"https:\/\/araratfinland.com\/en\/wp-json\/wp\/v2\/types\/product"}],"version-history":[{"count":2,"href":"https:\/\/araratfinland.com\/en\/wp-json\/wp\/v2\/product\/51678\/revisions"}],"predecessor-version":[{"id":76706,"href":"https:\/\/araratfinland.com\/en\/wp-json\/wp\/v2\/product\/51678\/revisions\/76706"}],"wp:featuredmedia":[{"embeddable":true,"href":"https:\/\/araratfinland.com\/en\/wp-json\/wp\/v2\/media\/100473"}],"wp:attachment":[{"href":"https:\/\/araratfinland.com\/en\/wp-json\/wp\/v2\/media?parent=51678"}],"wp:term":[{"taxonomy":"location","embeddable":true,"href":"https:\/\/araratfinland.com\/en\/wp-json\/wp\/v2\/location?post=51678"},{"taxonomy":"product_brand","embeddable":true,"href":"https:\/\/araratfinland.com\/en\/wp-json\/wp\/v2\/product_brand?post=51678"},{"taxonomy":"product_cat","embeddable":true,"href":"https:\/\/araratfinland.com\/en\/wp-json\/wp\/v2\/product_cat?post=51678"},{"taxonomy":"product_tag","embeddable":true,"href":"https:\/\/araratfinland.com\/en\/wp-json\/wp\/v2\/product_tag?post=51678"}],"curies":[{"name":"wp","href":"https:\/\/api.w.org\/{rel}","templated":true}]}}