{"id":51676,"date":"2024-07-19T12:03:21","date_gmt":"2024-07-19T09:03:21","guid":{"rendered":"https:\/\/araratfinland.com\/product\/tayas-damla-worms-12x80g\/"},"modified":"2025-11-16T15:40:55","modified_gmt":"2025-11-16T13:40:55","slug":"tayas-damla-worms-12x80g","status":"publish","type":"product","link":"https:\/\/araratfinland.com\/en\/product\/tayas-damla-worms-12x80g\/","title":{"rendered":"Tayas Damla Worms 12x80g"},"content":{"rendered":"<p class=\"\" data-start=\"78\" data-end=\"388\"><strong data-start=\"78\" data-end=\"115\">Hedelm\u00e4nmakuinen pehme\u00e4 karamelli<\/strong><br data-start=\"115\" data-end=\"118\" \/> Ainesosat: Glukoosisiirappi, sokeri, vesi, naudan liivate, t\u00e4rkkelys, happamuudens\u00e4\u00e4t\u00f6aineet (sitruuna- ja omenahappo), hedelm\u00e4- ja kasviuutteet (esim. porkkana, spirulina, mustikka, kurkuma), v\u00e4riaineet, aromit, hedelm\u00e4mehu- ja soseet (vaihtelevat makutyypin mukaan).<\/p>\n<p class=\"\" data-start=\"390\" data-end=\"461\"><strong data-start=\"390\" data-end=\"415\">Ravintoarvot \/ 100 g:<\/strong><br data-start=\"415\" data-end=\"418\" \/> Energia: 1246 kJ \/ 1477 kcal<br data-start=\"446\" data-end=\"449\" \/> Rasva: 0 g<\/p>\n<p class=\"\" data-start=\"464\" data-end=\"515\">josta tyydyttynytt\u00e4: 0 g<br data-start=\"488\" data-end=\"491\" \/> Hiilihydraatit: 82,6 g<\/p>\n<p class=\"\" data-start=\"518\" data-end=\"576\">josta sokeria: 61,1 g<br data-start=\"539\" data-end=\"542\" \/> Proteiini: 5,8 g<br data-start=\"558\" data-end=\"561\" \/> Suola: 0,03 g<\/p>\n","protected":false},"excerpt":{"rendered":"<p>Hedelm\u00e4nmakuinen pehme\u00e4 karamelli Ainesosat: Glukoosisiirappi, sokeri, vesi, naudan liivate, t\u00e4rkkelys, happamuudens\u00e4\u00e4t\u00f6aineet (sitruuna- ja omenahappo), hedelm\u00e4- ja kasviuutteet (esim. porkkana, spirulina,<\/p>\n","protected":false},"featured_media":100481,"template":"","meta":{"om_disable_all_campaigns":false,"_monsterinsights_skip_tracking":false,"_monsterinsights_sitenote_active":false,"_monsterinsights_sitenote_note":"","_monsterinsights_sitenote_category":0},"location":[1422],"product_brand":[1423],"product_cat":[1324],"product_tag":[],"class_list":{"0":"post-51676","1":"product","2":"type-product","3":"status-publish","4":"has-post-thumbnail","6":"location-v","7":"product_brand-ararat-ari-food","8":"product_cat-makeiset-fi","9":"stock_type-pcs-en","11":"first","12":"instock","13":"taxable","14":"shipping-taxable","15":"purchasable","16":"product-type-simple"},"aioseo_notices":[],"locations":[{"id":1422,"name":"v","slug":"v","quantity":"144"}],"_links":{"self":[{"href":"https:\/\/araratfinland.com\/en\/wp-json\/wp\/v2\/product\/51676","targetHints":{"allow":["GET"]}}],"collection":[{"href":"https:\/\/araratfinland.com\/en\/wp-json\/wp\/v2\/product"}],"about":[{"href":"https:\/\/araratfinland.com\/en\/wp-json\/wp\/v2\/types\/product"}],"version-history":[{"count":1,"href":"https:\/\/araratfinland.com\/en\/wp-json\/wp\/v2\/product\/51676\/revisions"}],"predecessor-version":[{"id":76698,"href":"https:\/\/araratfinland.com\/en\/wp-json\/wp\/v2\/product\/51676\/revisions\/76698"}],"wp:featuredmedia":[{"embeddable":true,"href":"https:\/\/araratfinland.com\/en\/wp-json\/wp\/v2\/media\/100481"}],"wp:attachment":[{"href":"https:\/\/araratfinland.com\/en\/wp-json\/wp\/v2\/media?parent=51676"}],"wp:term":[{"taxonomy":"location","embeddable":true,"href":"https:\/\/araratfinland.com\/en\/wp-json\/wp\/v2\/location?post=51676"},{"taxonomy":"product_brand","embeddable":true,"href":"https:\/\/araratfinland.com\/en\/wp-json\/wp\/v2\/product_brand?post=51676"},{"taxonomy":"product_cat","embeddable":true,"href":"https:\/\/araratfinland.com\/en\/wp-json\/wp\/v2\/product_cat?post=51676"},{"taxonomy":"product_tag","embeddable":true,"href":"https:\/\/araratfinland.com\/en\/wp-json\/wp\/v2\/product_tag?post=51676"}],"curies":[{"name":"wp","href":"https:\/\/api.w.org\/{rel}","templated":true}]}}