{"id":51671,"date":"2024-07-19T11:24:25","date_gmt":"2024-07-19T08:24:25","guid":{"rendered":"https:\/\/araratfinland.com\/product\/destan-tortilla-30cm-2\/"},"modified":"2025-11-13T10:22:22","modified_gmt":"2025-11-13T08:22:22","slug":"destan-tortilla-30cm-2","status":"publish","type":"product","link":"https:\/\/araratfinland.com\/en\/product\/destan-tortilla-30cm-2\/","title":{"rendered":"Destan Tortilla 30cm"},"content":{"rendered":"<p><strong>Destan Tortilla<\/strong><br \/><strong>Ainesosat:<\/strong> vehn\u00e4jauho (63 %), vesi, rapsi\u00f6ljy, kosteudens\u00e4ilytt\u00e4j\u00e4 (glyseroli), palmu\u00f6ljy, sokeri, suola, kohotusaineet (E450i, E500ii), happamuudens\u00e4\u00e4t\u00f6aine (E296), emulgointiaine (E471), stabilointiaineet (E412, E466), s\u00e4il\u00f6nt\u00e4aineet (E202, E282).<\/p>\n<p><strong>Ravintosis\u00e4lt\u00f6 per 100 g:<\/strong><br \/>Energia: 1246,8 kJ<br \/>Rasva: 7,6 g<\/p>\n<p> josta tyydyttyneit\u00e4: 2,0 g<br \/>Hiilihydraatit: 49,7 g josta sokereita: 2,1 g<br \/>Ravintokuitu: 1,6 g<br \/>Proteiini: 7,3 g<br \/>Suola: 1,8 g <\/p>\n<p><strong>S\u00e4ilytys:<\/strong> S\u00e4ilyt\u00e4 viile\u00e4ss\u00e4 ja kuivassa paikassa.<\/p>\n","protected":false},"excerpt":{"rendered":"<p>Destan TortillaAinesosat: vehn\u00e4jauho (63 %), vesi, rapsi\u00f6ljy, kosteudens\u00e4ilytt\u00e4j\u00e4 (glyseroli), palmu\u00f6ljy, sokeri, suola, kohotusaineet (E450i, E500ii), happamuudens\u00e4\u00e4t\u00f6aine (E296), emulgointiaine (E471), stabilointiaineet<\/p>\n","protected":false},"featured_media":100181,"template":"","meta":{"om_disable_all_campaigns":false,"_monsterinsights_skip_tracking":false,"_monsterinsights_sitenote_active":false,"_monsterinsights_sitenote_note":"","_monsterinsights_sitenote_category":0},"location":[1422],"product_brand":[1423],"product_cat":[1469],"product_tag":[],"class_list":{"0":"post-51671","1":"product","2":"type-product","3":"status-publish","4":"has-post-thumbnail","6":"location-v","7":"product_brand-ararat-ari-food","8":"product_cat-restaurant-en-2","9":"stock_type-pcs-en","11":"first","12":"instock","13":"taxable","14":"shipping-taxable","15":"purchasable","16":"product-type-simple"},"aioseo_notices":[],"locations":[{"id":1422,"name":"v","slug":"v","quantity":"60"}],"_links":{"self":[{"href":"https:\/\/araratfinland.com\/en\/wp-json\/wp\/v2\/product\/51671","targetHints":{"allow":["GET"]}}],"collection":[{"href":"https:\/\/araratfinland.com\/en\/wp-json\/wp\/v2\/product"}],"about":[{"href":"https:\/\/araratfinland.com\/en\/wp-json\/wp\/v2\/types\/product"}],"version-history":[{"count":1,"href":"https:\/\/araratfinland.com\/en\/wp-json\/wp\/v2\/product\/51671\/revisions"}],"predecessor-version":[{"id":68412,"href":"https:\/\/araratfinland.com\/en\/wp-json\/wp\/v2\/product\/51671\/revisions\/68412"}],"wp:featuredmedia":[{"embeddable":true,"href":"https:\/\/araratfinland.com\/en\/wp-json\/wp\/v2\/media\/100181"}],"wp:attachment":[{"href":"https:\/\/araratfinland.com\/en\/wp-json\/wp\/v2\/media?parent=51671"}],"wp:term":[{"taxonomy":"location","embeddable":true,"href":"https:\/\/araratfinland.com\/en\/wp-json\/wp\/v2\/location?post=51671"},{"taxonomy":"product_brand","embeddable":true,"href":"https:\/\/araratfinland.com\/en\/wp-json\/wp\/v2\/product_brand?post=51671"},{"taxonomy":"product_cat","embeddable":true,"href":"https:\/\/araratfinland.com\/en\/wp-json\/wp\/v2\/product_cat?post=51671"},{"taxonomy":"product_tag","embeddable":true,"href":"https:\/\/araratfinland.com\/en\/wp-json\/wp\/v2\/product_tag?post=51671"}],"curies":[{"name":"wp","href":"https:\/\/api.w.org\/{rel}","templated":true}]}}