{"id":51600,"date":"2024-07-19T10:02:20","date_gmt":"2024-07-19T07:02:20","guid":{"rendered":"https:\/\/araratfinland.com\/product\/durra-pistaasi-halva-700-g\/"},"modified":"2025-10-20T12:29:52","modified_gmt":"2025-10-20T09:29:52","slug":"durra-pistaasi-halva-700-g","status":"publish","type":"product","link":"https:\/\/araratfinland.com\/en\/product\/durra-pistaasi-halva-700-g\/","title":{"rendered":"Durra Pistaasi Halawa 700 g"},"content":{"rendered":"<h4><span style=\"color: #000000\"><span style=\"font-size: 19px\"><strong>Ainesosat: Seesamipasta 52%,<\/strong> sokeri 28,87,<br \/>glukoosi 14,43%, emulgointiaine E471 (2%) &amp;\u00a0<br \/><\/span><span style=\"font-size: 19px\"><strong>soijalesitiini E322 (0,5%) pistaasi 1%\u00a0<\/strong>&amp;<br \/>happamuudens\u00e4\u00e4t\u00f6aine E330 (0,15%),<br \/>vanilja 0,05%.<\/span><\/span><\/h4>\n<h4><span style=\"font-size: 19px;color: #000000\"><strong>S\u00e4ilytys:\u00a0<\/strong>S\u00e4ilyt\u00e4 viile\u00e4ss\u00e4 ja kuivassa<br \/>paikassa poissa auringonvalosta.<\/span><\/h4>\n<table style=\"width: 439.406px\">\n<tbody>\n<tr>\n<td style=\"width: 430.406px\" colspan=\"2\"><span style=\"font-size: 19px;color: #000000\"><strong>Ravintosis\u00e4lt\u00f6 per 100g<\/strong><\/span><\/td>\n<\/tr>\n<\/tbody>\n<tbody>\n<tr>\n<td style=\"width: 229px\"><span style=\"font-size: 19px;color: #000000\">Energia<\/span><\/td>\n<td style=\"width: 201.406px\"><span style=\"font-size: 19px;color: #000000\">1912 kj \/ 457 kcal<\/span><\/td>\n<\/tr>\n<tr>\n<td style=\"width: 229px\"><span style=\"font-size: 19px;color: #000000\">Rasva<\/span><\/td>\n<td style=\"width: 201.406px\"><span style=\"font-size: 19px;color: #000000\">28 g<\/span><\/td>\n<\/tr>\n<tr>\n<td style=\"width: 229px\"><span style=\"font-size: 19px;color: #000000\">josta tyydyttyneitt\u00e4<\/span><\/td>\n<td style=\"width: 201.406px\"><span style=\"font-size: 19px;color: #000000\">4,0 g<\/span><\/td>\n<\/tr>\n<tr>\n<td style=\"width: 229px\"><span style=\"font-size: 19px;color: #000000\">Hiilihydraatit<\/span><\/td>\n<td style=\"width: 201.406px\"><span style=\"font-size: 19px;color: #000000\">48 g<\/span><\/td>\n<\/tr>\n<tr>\n<td style=\"width: 229px\"><span style=\"font-size: 19px;color: #000000\">josta sokereita<\/span><\/td>\n<td style=\"width: 201.406px\"><span style=\"font-size: 19px;color: #000000\">37 g<\/span><\/td>\n<\/tr>\n<tr>\n<td style=\"width: 229px\"><span style=\"font-size: 19px;color: #000000\">Proteiini<\/span><\/td>\n<td style=\"width: 201.406px\"><span style=\"font-size: 19px;color: #000000\">9,0 g<\/span><\/td>\n<\/tr>\n<tr>\n<td style=\"width: 229px\"><span style=\"font-size: 19px;color: #000000\">Suola<\/span><\/td>\n<td style=\"width: 201.406px\"><span style=\"font-size: 19px;color: #000000\">0,10 g<\/span><\/td>\n<\/tr>\n<\/tbody>\n<\/table>\n","protected":false},"excerpt":{"rendered":"<p>Ainesosat: Seesamipasta 52%, sokeri 28,87,glukoosi 14,43%, emulgointiaine E471 (2%) &amp;\u00a0soijalesitiini E322 (0,5%) pistaasi 1%\u00a0&amp;happamuudens\u00e4\u00e4t\u00f6aine E330 (0,15%),vanilja 0,05%. S\u00e4ilytys:\u00a0S\u00e4ilyt\u00e4 viile\u00e4ss\u00e4 ja<\/p>\n","protected":false},"featured_media":97715,"template":"","meta":{"om_disable_all_campaigns":false,"_monsterinsights_skip_tracking":false,"_monsterinsights_sitenote_active":false,"_monsterinsights_sitenote_note":"","_monsterinsights_sitenote_category":0},"location":[1422],"product_brand":[1423],"product_cat":[1324],"product_tag":[],"class_list":{"0":"post-51600","1":"product","2":"type-product","3":"status-publish","4":"has-post-thumbnail","6":"location-v","7":"product_brand-ararat-ari-food","8":"product_cat-makeiset-fi","9":"stock_type-kpl-en","11":"first","12":"instock","13":"taxable","14":"shipping-taxable","15":"purchasable","16":"product-type-simple"},"aioseo_notices":[],"locations":[{"id":1422,"name":"v","slug":"v","quantity":"0"}],"_links":{"self":[{"href":"https:\/\/araratfinland.com\/en\/wp-json\/wp\/v2\/product\/51600","targetHints":{"allow":["GET"]}}],"collection":[{"href":"https:\/\/araratfinland.com\/en\/wp-json\/wp\/v2\/product"}],"about":[{"href":"https:\/\/araratfinland.com\/en\/wp-json\/wp\/v2\/types\/product"}],"version-history":[{"count":3,"href":"https:\/\/araratfinland.com\/en\/wp-json\/wp\/v2\/product\/51600\/revisions"}],"predecessor-version":[{"id":59705,"href":"https:\/\/araratfinland.com\/en\/wp-json\/wp\/v2\/product\/51600\/revisions\/59705"}],"wp:featuredmedia":[{"embeddable":true,"href":"https:\/\/araratfinland.com\/en\/wp-json\/wp\/v2\/media\/97715"}],"wp:attachment":[{"href":"https:\/\/araratfinland.com\/en\/wp-json\/wp\/v2\/media?parent=51600"}],"wp:term":[{"taxonomy":"location","embeddable":true,"href":"https:\/\/araratfinland.com\/en\/wp-json\/wp\/v2\/location?post=51600"},{"taxonomy":"product_brand","embeddable":true,"href":"https:\/\/araratfinland.com\/en\/wp-json\/wp\/v2\/product_brand?post=51600"},{"taxonomy":"product_cat","embeddable":true,"href":"https:\/\/araratfinland.com\/en\/wp-json\/wp\/v2\/product_cat?post=51600"},{"taxonomy":"product_tag","embeddable":true,"href":"https:\/\/araratfinland.com\/en\/wp-json\/wp\/v2\/product_tag?post=51600"}],"curies":[{"name":"wp","href":"https:\/\/api.w.org\/{rel}","templated":true}]}}