{"id":51236,"date":"2024-07-16T13:39:41","date_gmt":"2024-07-16T10:39:41","guid":{"rendered":"https:\/\/araratfinland.com\/?post_type=product&#038;p=51236"},"modified":"2025-08-19T15:46:58","modified_gmt":"2025-08-19T12:46:58","slug":"darina-vesimeloni-25kg","status":"publish","type":"product","link":"https:\/\/araratfinland.com\/en\/product\/darina-vesimeloni-25kg\/","title":{"rendered":"Darina Vesimeloni 2,5kg"},"content":{"rendered":"<h3 style=\"color: #222222;font-family: Arial, Helvetica, sans-serif\"><strong>Tropical-makujauhejuoma, makeutettu sokerilla<\/strong><\/h3>\n<p> <strong>Paino:<\/strong>\u00a02,5 kg valmistaa 20 litraa. <strong>Ainesosat:<\/strong>\u00a0Sokeri, happo (sitruunahappo E330), luontaisen kaltainen trooppinen aromi, happamuudens\u00e4\u00e4t\u00f6aine (natriumsitraatti E331), paakkuuntumisenestoaine (trikalsiumfosfaatti E341), sakeuttamisaineet (ksantaanikumi E415, natriumkarboksimetyyliselluloosa E466, pektiini E440), C-vitamiini, hyv\u00e4ksytyt keinotekoiset v\u00e4rit (tartratsiini E102, sunset yellow E110, allura red E129), paakkuuntumisenestoaine E551. <strong>Huomio:<\/strong>\u00a0Voi vaikuttaa haitallisesti lasten aktiivisuuteen ja keskittymiskykyyn. Saattaa sis\u00e4lt\u00e4\u00e4 j\u00e4\u00e4mi\u00e4 vehn\u00e4st\u00e4, maidosta ja soijasta. <strong>K\u00e4ytt\u00f6ohje:<\/strong>\u00a0Laita 8 tasoista ruokalusikallista (125 g) kannuun. Lis\u00e4\u00e4 kylm\u00e4\u00e4 vett\u00e4 ja j\u00e4it\u00e4 niin, ett\u00e4 saat 1 litran juomaa. Sekoita, j\u00e4\u00e4hdyt\u00e4 ja tarjoile. <strong>S\u00e4ilytys:<\/strong>\u00a0\u00c4l\u00e4 s\u00e4ilyt\u00e4 metallisessa astiassa.<\/p>\n","protected":false},"excerpt":{"rendered":"<p>Tropical-makujauhejuoma, makeutettu sokerilla Paino:\u00a02,5 kg valmistaa 20 litraa. Ainesosat:\u00a0Sokeri, happo (sitruunahappo E330), luontaisen kaltainen trooppinen aromi, happamuudens\u00e4\u00e4t\u00f6aine (natriumsitraatti E331), paakkuuntumisenestoaine<\/p>\n","protected":false},"featured_media":85477,"template":"","meta":{"om_disable_all_campaigns":false,"_monsterinsights_skip_tracking":false,"_monsterinsights_sitenote_active":false,"_monsterinsights_sitenote_note":"","_monsterinsights_sitenote_category":0},"location":[1422],"product_brand":[1423],"product_cat":[1480],"product_tag":[],"class_list":{"0":"post-51236","1":"product","2":"type-product","3":"status-publish","4":"has-post-thumbnail","6":"location-v","7":"product_brand-ararat-ari-food","8":"product_cat-mehut-nesteet-en","9":"stock_type-pcs-en","11":"first","12":"instock","13":"taxable","14":"shipping-taxable","15":"purchasable","16":"product-type-simple"},"aioseo_notices":[],"locations":[{"id":1422,"name":"v","slug":"v","quantity":"0"}],"_links":{"self":[{"href":"https:\/\/araratfinland.com\/en\/wp-json\/wp\/v2\/product\/51236","targetHints":{"allow":["GET"]}}],"collection":[{"href":"https:\/\/araratfinland.com\/en\/wp-json\/wp\/v2\/product"}],"about":[{"href":"https:\/\/araratfinland.com\/en\/wp-json\/wp\/v2\/types\/product"}],"version-history":[{"count":2,"href":"https:\/\/araratfinland.com\/en\/wp-json\/wp\/v2\/product\/51236\/revisions"}],"predecessor-version":[{"id":79166,"href":"https:\/\/araratfinland.com\/en\/wp-json\/wp\/v2\/product\/51236\/revisions\/79166"}],"wp:featuredmedia":[{"embeddable":true,"href":"https:\/\/araratfinland.com\/en\/wp-json\/wp\/v2\/media\/85477"}],"wp:attachment":[{"href":"https:\/\/araratfinland.com\/en\/wp-json\/wp\/v2\/media?parent=51236"}],"wp:term":[{"taxonomy":"location","embeddable":true,"href":"https:\/\/araratfinland.com\/en\/wp-json\/wp\/v2\/location?post=51236"},{"taxonomy":"product_brand","embeddable":true,"href":"https:\/\/araratfinland.com\/en\/wp-json\/wp\/v2\/product_brand?post=51236"},{"taxonomy":"product_cat","embeddable":true,"href":"https:\/\/araratfinland.com\/en\/wp-json\/wp\/v2\/product_cat?post=51236"},{"taxonomy":"product_tag","embeddable":true,"href":"https:\/\/araratfinland.com\/en\/wp-json\/wp\/v2\/product_tag?post=51236"}],"curies":[{"name":"wp","href":"https:\/\/api.w.org\/{rel}","templated":true}]}}