{"id":51187,"date":"2024-07-16T12:21:20","date_gmt":"2024-07-16T09:21:20","guid":{"rendered":"https:\/\/araratfinland.com\/product\/suntop-tropical-3x200ml-2\/"},"modified":"2025-11-06T10:49:41","modified_gmt":"2025-11-06T08:49:41","slug":"suntop-tropical-3x200ml-2-3","status":"publish","type":"product","link":"https:\/\/araratfinland.com\/en\/product\/suntop-tropical-3x200ml-2-3\/","title":{"rendered":"Suntop Tropical 3x200ml"},"content":{"rendered":"<h3 data-start=\"193\" data-end=\"227\"><strong data-start=\"197\" data-end=\"225\">Marjajuoma (Red Berries)<\/strong><\/h3>\n<p data-start=\"229\" data-end=\"254\"><strong data-start=\"229\" data-end=\"247\">Mehupitoisuus:<\/strong> 10 %<\/p>\n<p data-start=\"256\" data-end=\"408\"><strong data-start=\"256\" data-end=\"270\">Ainesosat:<\/strong><br data-start=\"270\" data-end=\"273\" \/> Vesi, sokeri, hedelm\u00e4mehut tiivisteest\u00e4 (10 %) (viiniryp\u00e4le, mansikka, selja, vadelma), happamuudens\u00e4\u00e4t\u00f6aine (sitruunahappo), aromit.<\/p>\n<p data-start=\"410\" data-end=\"582\"><strong data-start=\"410\" data-end=\"438\">Ravintosis\u00e4lt\u00f6 \/ 100 ml:<\/strong><br data-start=\"438\" data-end=\"441\" \/> Energia 242 kJ \/ 58 kcal<br data-start=\"465\" data-end=\"468\" \/> Rasva 0 g<br data-start=\"477\" data-end=\"480\" \/> \u2013 josta tyydyttyneit\u00e4 0 g<br data-start=\"505\" data-end=\"508\" \/> Hiilihydraatit 14 g<br data-start=\"527\" data-end=\"530\" \/> \u2013 josta sokereita 14 g<br data-start=\"552\" data-end=\"555\" \/> Proteiini 0 g<br data-start=\"568\" data-end=\"571\" \/> Suola 0 g<\/p>\n<p data-start=\"584\" data-end=\"606\"><strong data-start=\"584\" data-end=\"597\">Tilavuus:<\/strong> 200 ml<\/p>\n<p data-start=\"608\" data-end=\"656\"><strong data-start=\"608\" data-end=\"621\">S\u00e4ilytys:<\/strong><br data-start=\"621\" data-end=\"624\" \/> S\u00e4ilyt\u00e4 viile\u00e4ss\u00e4 ja kuivassa.<\/p>\n<p data-start=\"658\" data-end=\"705\"><strong data-start=\"658\" data-end=\"676\">Parasta ennen:<\/strong> katso pakkauksen merkint\u00e4.<\/p>\n","protected":false},"excerpt":{"rendered":"<p>Marjajuoma (Red Berries) Mehupitoisuus: 10 % Ainesosat: Vesi, sokeri, hedelm\u00e4mehut tiivisteest\u00e4 (10 %) (viiniryp\u00e4le, mansikka, selja, vadelma), happamuudens\u00e4\u00e4t\u00f6aine (sitruunahappo), aromit.<\/p>\n","protected":false},"featured_media":98812,"template":"","meta":{"om_disable_all_campaigns":false,"_monsterinsights_skip_tracking":false,"_monsterinsights_sitenote_active":false,"_monsterinsights_sitenote_note":"","_monsterinsights_sitenote_category":0},"location":[1422],"product_brand":[1423],"product_cat":[1480],"product_tag":[],"class_list":{"0":"post-51187","1":"product","2":"type-product","3":"status-publish","4":"has-post-thumbnail","6":"location-v","7":"product_brand-ararat-ari-food","8":"product_cat-mehut-nesteet-en","9":"stock_type-pcs-en","11":"first","12":"instock","13":"taxable","14":"shipping-taxable","15":"purchasable","16":"product-type-simple"},"aioseo_notices":[],"locations":[{"id":1422,"name":"v","slug":"v","quantity":"0"}],"_links":{"self":[{"href":"https:\/\/araratfinland.com\/en\/wp-json\/wp\/v2\/product\/51187","targetHints":{"allow":["GET"]}}],"collection":[{"href":"https:\/\/araratfinland.com\/en\/wp-json\/wp\/v2\/product"}],"about":[{"href":"https:\/\/araratfinland.com\/en\/wp-json\/wp\/v2\/types\/product"}],"version-history":[{"count":1,"href":"https:\/\/araratfinland.com\/en\/wp-json\/wp\/v2\/product\/51187\/revisions"}],"predecessor-version":[{"id":93255,"href":"https:\/\/araratfinland.com\/en\/wp-json\/wp\/v2\/product\/51187\/revisions\/93255"}],"wp:featuredmedia":[{"embeddable":true,"href":"https:\/\/araratfinland.com\/en\/wp-json\/wp\/v2\/media\/98812"}],"wp:attachment":[{"href":"https:\/\/araratfinland.com\/en\/wp-json\/wp\/v2\/media?parent=51187"}],"wp:term":[{"taxonomy":"location","embeddable":true,"href":"https:\/\/araratfinland.com\/en\/wp-json\/wp\/v2\/location?post=51187"},{"taxonomy":"product_brand","embeddable":true,"href":"https:\/\/araratfinland.com\/en\/wp-json\/wp\/v2\/product_brand?post=51187"},{"taxonomy":"product_cat","embeddable":true,"href":"https:\/\/araratfinland.com\/en\/wp-json\/wp\/v2\/product_cat?post=51187"},{"taxonomy":"product_tag","embeddable":true,"href":"https:\/\/araratfinland.com\/en\/wp-json\/wp\/v2\/product_tag?post=51187"}],"curies":[{"name":"wp","href":"https:\/\/api.w.org\/{rel}","templated":true}]}}