{"id":51183,"date":"2024-07-16T12:15:07","date_gmt":"2024-07-16T09:15:07","guid":{"rendered":"https:\/\/araratfinland.com\/product\/suntop-tropical-3x200ml-2\/"},"modified":"2025-10-16T14:59:17","modified_gmt":"2025-10-16T11:59:17","slug":"suntop-tropical-3x200ml-2-4","status":"publish","type":"product","link":"https:\/\/araratfinland.com\/en\/product\/suntop-tropical-3x200ml-2-4\/","title":{"rendered":"Suntop Tropical 3x200ml"},"content":{"rendered":"<h3 data-start=\"210\" data-end=\"235\"><strong data-start=\"214\" data-end=\"233\">Appelsiinijuoma<\/strong><\/h3>\n<p data-start=\"237\" data-end=\"262\"><strong data-start=\"237\" data-end=\"255\">Mehupitoisuus:<\/strong> 10 %<\/p>\n<p data-start=\"264\" data-end=\"471\"><strong data-start=\"264\" data-end=\"278\">Ainesosat:<\/strong><br data-start=\"278\" data-end=\"281\" \/> Vesi, sokeri, hedelm\u00e4mehut tiivisteest\u00e4 (appelsiini 5 %, sitruuna), happamuudens\u00e4\u00e4t\u00f6aineet (sitruunahappo, kaliumsitraatti), antioksidantti (askorbiinihappo), aromit, v\u00e4ri (betakaroteeni).<\/p>\n<p data-start=\"473\" data-end=\"645\"><strong data-start=\"473\" data-end=\"501\">Ravintosis\u00e4lt\u00f6 \/ 100 ml:<\/strong><br data-start=\"501\" data-end=\"504\" \/> Energia 222 kJ \/ 53 kcal<br data-start=\"528\" data-end=\"531\" \/> Rasva 0 g<br data-start=\"540\" data-end=\"543\" \/> \u2013 josta tyydyttyneit\u00e4 0 g<br data-start=\"568\" data-end=\"571\" \/> Hiilihydraatit 13 g<br data-start=\"590\" data-end=\"593\" \/> \u2013 josta sokereita 13 g<br data-start=\"615\" data-end=\"618\" \/> Proteiini 0 g<br data-start=\"631\" data-end=\"634\" \/> Suola 0 g<\/p>\n<p data-start=\"647\" data-end=\"669\"><strong data-start=\"647\" data-end=\"660\">Tilavuus:<\/strong> 200 ml<\/p>\n<p data-start=\"671\" data-end=\"719\"><strong data-start=\"671\" data-end=\"684\">S\u00e4ilytys:<\/strong><br data-start=\"684\" data-end=\"687\" \/> S\u00e4ilyt\u00e4 viile\u00e4ss\u00e4 ja kuivassa.<\/p>\n<p data-start=\"721\" data-end=\"768\"><strong data-start=\"721\" data-end=\"739\">Parasta ennen:<\/strong> katso pakkauksen merkint\u00e4.<\/p>\n","protected":false},"excerpt":{"rendered":"<p>Appelsiinijuoma Mehupitoisuus: 10 % Ainesosat: Vesi, sokeri, hedelm\u00e4mehut tiivisteest\u00e4 (appelsiini 5 %, sitruuna), happamuudens\u00e4\u00e4t\u00f6aineet (sitruunahappo, kaliumsitraatti), antioksidantti (askorbiinihappo), aromit, v\u00e4ri<\/p>\n","protected":false},"featured_media":97012,"template":"","meta":{"om_disable_all_campaigns":false,"_monsterinsights_skip_tracking":false,"_monsterinsights_sitenote_active":false,"_monsterinsights_sitenote_note":"","_monsterinsights_sitenote_category":0},"location":[1422],"product_brand":[1423],"product_cat":[1480],"product_tag":[],"class_list":{"0":"post-51183","1":"product","2":"type-product","3":"status-publish","4":"has-post-thumbnail","6":"location-v","7":"product_brand-ararat-ari-food","8":"product_cat-mehut-nesteet-en","9":"stock_type-pcs-en","11":"first","12":"instock","13":"taxable","14":"shipping-taxable","15":"purchasable","16":"product-type-simple"},"aioseo_notices":[],"locations":[{"id":1422,"name":"v","slug":"v","quantity":"110"}],"_links":{"self":[{"href":"https:\/\/araratfinland.com\/en\/wp-json\/wp\/v2\/product\/51183","targetHints":{"allow":["GET"]}}],"collection":[{"href":"https:\/\/araratfinland.com\/en\/wp-json\/wp\/v2\/product"}],"about":[{"href":"https:\/\/araratfinland.com\/en\/wp-json\/wp\/v2\/types\/product"}],"version-history":[{"count":1,"href":"https:\/\/araratfinland.com\/en\/wp-json\/wp\/v2\/product\/51183\/revisions"}],"predecessor-version":[{"id":93260,"href":"https:\/\/araratfinland.com\/en\/wp-json\/wp\/v2\/product\/51183\/revisions\/93260"}],"wp:featuredmedia":[{"embeddable":true,"href":"https:\/\/araratfinland.com\/en\/wp-json\/wp\/v2\/media\/97012"}],"wp:attachment":[{"href":"https:\/\/araratfinland.com\/en\/wp-json\/wp\/v2\/media?parent=51183"}],"wp:term":[{"taxonomy":"location","embeddable":true,"href":"https:\/\/araratfinland.com\/en\/wp-json\/wp\/v2\/location?post=51183"},{"taxonomy":"product_brand","embeddable":true,"href":"https:\/\/araratfinland.com\/en\/wp-json\/wp\/v2\/product_brand?post=51183"},{"taxonomy":"product_cat","embeddable":true,"href":"https:\/\/araratfinland.com\/en\/wp-json\/wp\/v2\/product_cat?post=51183"},{"taxonomy":"product_tag","embeddable":true,"href":"https:\/\/araratfinland.com\/en\/wp-json\/wp\/v2\/product_tag?post=51183"}],"curies":[{"name":"wp","href":"https:\/\/api.w.org\/{rel}","templated":true}]}}