{"id":51152,"date":"2024-07-14T21:33:22","date_gmt":"2024-07-14T18:33:22","guid":{"rendered":"https:\/\/araratfinland.com\/product\/suntop-tropical-3x200ml-2\/"},"modified":"2025-11-06T10:49:27","modified_gmt":"2025-11-06T08:49:27","slug":"suntop-tropical-3x200ml-2-2","status":"publish","type":"product","link":"https:\/\/araratfinland.com\/en\/product\/suntop-tropical-3x200ml-2-2\/","title":{"rendered":"Suntop Tropical 3x200ml"},"content":{"rendered":"<p data-start=\"80\" data-end=\"467\"><strong data-start=\"80\" data-end=\"107\">Trooppinen hedelm\u00e4juoma<\/strong><br data-start=\"107\" data-end=\"110\" \/> <strong data-start=\"110\" data-end=\"124\">Ainesosat:<\/strong> Vesi, sokeri, hedelm\u00e4mehut-\/soseet tiivisteest\u00e4 (10 %) (appelsiini, passionhedelm\u00e4, ananas, mango, banaani, aprikoosi), happamuudens\u00e4\u00e4t\u00f6aine (sitruunahappo), antioksidantti (askorbiinihappo), aromit, v\u00e4ri (betakaroteeni).<br data-start=\"346\" data-end=\"349\" \/> <strong data-start=\"349\" data-end=\"367\">Mehupitoisuus:<\/strong> 10 %<br data-start=\"372\" data-end=\"375\" \/> <strong data-start=\"375\" data-end=\"393\">Parasta ennen:<\/strong> Katso pakkauksesta<br data-start=\"412\" data-end=\"415\" \/> <strong data-start=\"415\" data-end=\"465\">S\u00e4ilyt\u00e4 viile\u00e4ss\u00e4. Ravistettava ennen k\u00e4ytt\u00f6\u00e4.<\/strong><\/p>\n<p data-start=\"474\" data-end=\"549\" data-is-last-node=\"\" data-is-only-node=\"\">\u00a0<\/p>\n","protected":false},"excerpt":{"rendered":"<p>Trooppinen hedelm\u00e4juoma Ainesosat: Vesi, sokeri, hedelm\u00e4mehut-\/soseet tiivisteest\u00e4 (10 %) (appelsiini, passionhedelm\u00e4, ananas, mango, banaani, aprikoosi), happamuudens\u00e4\u00e4t\u00f6aine (sitruunahappo), antioksidantti (askorbiinihappo), aromit,<\/p>\n","protected":false},"featured_media":98808,"template":"","meta":{"om_disable_all_campaigns":false,"_monsterinsights_skip_tracking":false,"_monsterinsights_sitenote_active":false,"_monsterinsights_sitenote_note":"","_monsterinsights_sitenote_category":0},"location":[1422],"product_brand":[1423],"product_cat":[1480],"product_tag":[],"class_list":{"0":"post-51152","1":"product","2":"type-product","3":"status-publish","4":"has-post-thumbnail","6":"location-v","7":"product_brand-ararat-ari-food","8":"product_cat-mehut-nesteet-en","9":"stock_type-pcs-en","11":"first","12":"instock","13":"taxable","14":"shipping-taxable","15":"purchasable","16":"product-type-simple"},"aioseo_notices":[],"locations":[{"id":1422,"name":"v","slug":"v","quantity":"0"}],"_links":{"self":[{"href":"https:\/\/araratfinland.com\/en\/wp-json\/wp\/v2\/product\/51152","targetHints":{"allow":["GET"]}}],"collection":[{"href":"https:\/\/araratfinland.com\/en\/wp-json\/wp\/v2\/product"}],"about":[{"href":"https:\/\/araratfinland.com\/en\/wp-json\/wp\/v2\/types\/product"}],"version-history":[{"count":1,"href":"https:\/\/araratfinland.com\/en\/wp-json\/wp\/v2\/product\/51152\/revisions"}],"predecessor-version":[{"id":85396,"href":"https:\/\/araratfinland.com\/en\/wp-json\/wp\/v2\/product\/51152\/revisions\/85396"}],"wp:featuredmedia":[{"embeddable":true,"href":"https:\/\/araratfinland.com\/en\/wp-json\/wp\/v2\/media\/98808"}],"wp:attachment":[{"href":"https:\/\/araratfinland.com\/en\/wp-json\/wp\/v2\/media?parent=51152"}],"wp:term":[{"taxonomy":"location","embeddable":true,"href":"https:\/\/araratfinland.com\/en\/wp-json\/wp\/v2\/location?post=51152"},{"taxonomy":"product_brand","embeddable":true,"href":"https:\/\/araratfinland.com\/en\/wp-json\/wp\/v2\/product_brand?post=51152"},{"taxonomy":"product_cat","embeddable":true,"href":"https:\/\/araratfinland.com\/en\/wp-json\/wp\/v2\/product_cat?post=51152"},{"taxonomy":"product_tag","embeddable":true,"href":"https:\/\/araratfinland.com\/en\/wp-json\/wp\/v2\/product_tag?post=51152"}],"curies":[{"name":"wp","href":"https:\/\/api.w.org\/{rel}","templated":true}]}}