{"id":51105,"date":"2024-07-14T20:48:59","date_gmt":"2024-07-14T17:48:59","guid":{"rendered":"https:\/\/araratfinland.com\/product\/naz-blended-oil-5kg-2\/"},"modified":"2025-11-19T15:05:02","modified_gmt":"2025-11-19T13:05:02","slug":"naz-blended-oil-5kg-2","status":"publish","type":"product","link":"https:\/\/araratfinland.com\/en\/product\/naz-blended-oil-5kg-2\/","title":{"rendered":"Naz Blended Oil 5kg"},"content":{"rendered":"<p style=\"color: #222222;font-family: Arial, Helvetica, sans-serif;font-size: small\"><strong>Naz-sekoitus: Jalostettua auringonkukka\u00f6ljy\u00e4 ja ekstra-neitsytoliivi\u00f6ljy\u00e4<\/strong><br \/><strong>Ainesosat:<\/strong>\u00a0Jalostettu auringonkukka\u00f6ljy, ekstra-neitsytoliivi\u00f6ljy (10 %).<\/p>\n<p style=\"color: #222222;font-family: Arial, Helvetica, sans-serif;font-size: small\"><strong>Ravintosis\u00e4lt\u00f6 per 100 ml:<\/strong><br \/>Energia: 3400 kJ<br \/>Rasva: 92 g<\/p>\n<p> josta tyydyttyneit\u00e4: 11 g kertatyydyttym\u00e4tt\u00f6mi\u00e4: 32 g monityydyttym\u00e4tt\u00f6mi\u00e4: 49 g<br \/>Hiilihydraatit: 0 g<br \/>Proteiini: 0 g<br \/>Suola: 0 g<\/p>\n","protected":false},"excerpt":{"rendered":"<p>Naz-sekoitus: Jalostettua auringonkukka\u00f6ljy\u00e4 ja ekstra-neitsytoliivi\u00f6ljy\u00e4Ainesosat:\u00a0Jalostettu auringonkukka\u00f6ljy, ekstra-neitsytoliivi\u00f6ljy (10 %). Ravintosis\u00e4lt\u00f6 per 100 ml:Energia: 3400 kJRasva: 92 g josta tyydyttyneit\u00e4: 11<\/p>\n","protected":false},"featured_media":100911,"template":"","meta":{"om_disable_all_campaigns":false,"_monsterinsights_skip_tracking":false,"_monsterinsights_sitenote_active":false,"_monsterinsights_sitenote_note":"","_monsterinsights_sitenote_category":0},"location":[1422],"product_brand":[1423],"product_cat":[1323],"product_tag":[],"class_list":{"0":"post-51105","1":"product","2":"type-product","3":"status-publish","4":"has-post-thumbnail","6":"location-v","7":"product_brand-ararat-ari-food","8":"product_cat-ljyt-en","9":"stock_type-pcs-en","11":"first","12":"instock","13":"taxable","14":"shipping-taxable","15":"purchasable","16":"product-type-simple"},"aioseo_notices":[],"locations":[{"id":1422,"name":"v","slug":"v","quantity":"100"}],"_links":{"self":[{"href":"https:\/\/araratfinland.com\/en\/wp-json\/wp\/v2\/product\/51105","targetHints":{"allow":["GET"]}}],"collection":[{"href":"https:\/\/araratfinland.com\/en\/wp-json\/wp\/v2\/product"}],"about":[{"href":"https:\/\/araratfinland.com\/en\/wp-json\/wp\/v2\/types\/product"}],"version-history":[{"count":2,"href":"https:\/\/araratfinland.com\/en\/wp-json\/wp\/v2\/product\/51105\/revisions"}],"predecessor-version":[{"id":65931,"href":"https:\/\/araratfinland.com\/en\/wp-json\/wp\/v2\/product\/51105\/revisions\/65931"}],"wp:featuredmedia":[{"embeddable":true,"href":"https:\/\/araratfinland.com\/en\/wp-json\/wp\/v2\/media\/100911"}],"wp:attachment":[{"href":"https:\/\/araratfinland.com\/en\/wp-json\/wp\/v2\/media?parent=51105"}],"wp:term":[{"taxonomy":"location","embeddable":true,"href":"https:\/\/araratfinland.com\/en\/wp-json\/wp\/v2\/location?post=51105"},{"taxonomy":"product_brand","embeddable":true,"href":"https:\/\/araratfinland.com\/en\/wp-json\/wp\/v2\/product_brand?post=51105"},{"taxonomy":"product_cat","embeddable":true,"href":"https:\/\/araratfinland.com\/en\/wp-json\/wp\/v2\/product_cat?post=51105"},{"taxonomy":"product_tag","embeddable":true,"href":"https:\/\/araratfinland.com\/en\/wp-json\/wp\/v2\/product_tag?post=51105"}],"curies":[{"name":"wp","href":"https:\/\/api.w.org\/{rel}","templated":true}]}}