{"id":51080,"date":"2024-07-14T20:32:27","date_gmt":"2024-07-14T17:32:27","guid":{"rendered":"https:\/\/araratfinland.com\/product\/haseeb-kahvi-super-extra-kardemumma-500-g\/"},"modified":"2025-09-22T12:27:24","modified_gmt":"2025-09-22T09:27:24","slug":"haseeb-kahvi-super-extra-kardemumma-500-g","status":"publish","type":"product","link":"https:\/\/araratfinland.com\/en\/product\/haseeb-kahvi-super-extra-kardemumma-500-g\/","title":{"rendered":"Haseeb kahvi super extra kardemumma 500 g"},"content":{"rendered":"<div><span style=\"color: #000000\"><strong><span style=\"font-size: 18px\">Paahdettuja kahvipapuja kardemummalla.\u00a0<\/p>\n<p><\/span><\/strong><span style=\"font-size: 18px\">S\u00e4ilyt\u00e4 kiinni\u00a0<\/span><span style=\"font-size: 18px\">viile\u00e4ss\u00e4, kuivassa ja hajuttomassa paikassa.<\/span><\/span><\/div>\n<div><span style=\"color: #000000\"><span style=\"font-size: 18px\"><strong>Parasta ennen:<\/strong> 18 kuukautta valmistusp\u00e4iv\u00e4st\u00e4.<\/p>\n<p><\/span><span style=\"font-size: 18px\">T\u00e4m\u00e4 tuote ei sis\u00e4ll\u00e4 geneettisesti muunnettuja aineita,<\/span><\/span><\/div>\n<div><span style=\"color: #000000\"><span style=\"font-size: 18px\">keinotekoisia aromeja, v\u00e4ri- tai s\u00e4il\u00f6nt\u00e4aineita.<\/p>\n<p><\/span><span style=\"font-size: 18px\"><strong>Valmistus:<\/strong>\u00a0Kiehauta vett\u00e4 ja lis\u00e4\u00e4 pieni<\/span><\/span><\/div>\n<div><span style=\"font-size: 18px;color: #000000\">ruokalusikallinen kahvia kutakin kupillista vett\u00e4.<\/span><\/div>\n<div><span style=\"font-size: 18px;color: #000000\">Lis\u00e4\u00e4 sokeria makusi mukaan.<\/p>\n<p><strong>Tuotettu:<\/strong> Syria.<\/span><\/div>\n","protected":false},"excerpt":{"rendered":"<p>Paahdettuja kahvipapuja kardemummalla.\u00a0 S\u00e4ilyt\u00e4 kiinni\u00a0viile\u00e4ss\u00e4, kuivassa ja hajuttomassa paikassa. Parasta ennen: 18 kuukautta valmistusp\u00e4iv\u00e4st\u00e4. T\u00e4m\u00e4 tuote ei sis\u00e4ll\u00e4 geneettisesti muunnettuja<\/p>\n","protected":false},"featured_media":92875,"template":"","meta":{"om_disable_all_campaigns":false,"_monsterinsights_skip_tracking":false,"_monsterinsights_sitenote_active":false,"_monsterinsights_sitenote_note":"","_monsterinsights_sitenote_category":0},"location":[1422],"product_brand":[1423],"product_cat":[1340],"product_tag":[],"class_list":{"0":"post-51080","1":"product","2":"type-product","3":"status-publish","4":"has-post-thumbnail","6":"location-v","7":"product_brand-ararat-ari-food","8":"product_cat-teet-kahvit-fi","9":"stock_type-pcs-en","11":"first","12":"instock","13":"taxable","14":"shipping-taxable","15":"purchasable","16":"product-type-simple"},"aioseo_notices":[],"locations":[{"id":1422,"name":"v","slug":"v","quantity":"0"}],"_links":{"self":[{"href":"https:\/\/araratfinland.com\/en\/wp-json\/wp\/v2\/product\/51080","targetHints":{"allow":["GET"]}}],"collection":[{"href":"https:\/\/araratfinland.com\/en\/wp-json\/wp\/v2\/product"}],"about":[{"href":"https:\/\/araratfinland.com\/en\/wp-json\/wp\/v2\/types\/product"}],"version-history":[{"count":3,"href":"https:\/\/araratfinland.com\/en\/wp-json\/wp\/v2\/product\/51080\/revisions"}],"predecessor-version":[{"id":51099,"href":"https:\/\/araratfinland.com\/en\/wp-json\/wp\/v2\/product\/51080\/revisions\/51099"}],"wp:featuredmedia":[{"embeddable":true,"href":"https:\/\/araratfinland.com\/en\/wp-json\/wp\/v2\/media\/92875"}],"wp:attachment":[{"href":"https:\/\/araratfinland.com\/en\/wp-json\/wp\/v2\/media?parent=51080"}],"wp:term":[{"taxonomy":"location","embeddable":true,"href":"https:\/\/araratfinland.com\/en\/wp-json\/wp\/v2\/location?post=51080"},{"taxonomy":"product_brand","embeddable":true,"href":"https:\/\/araratfinland.com\/en\/wp-json\/wp\/v2\/product_brand?post=51080"},{"taxonomy":"product_cat","embeddable":true,"href":"https:\/\/araratfinland.com\/en\/wp-json\/wp\/v2\/product_cat?post=51080"},{"taxonomy":"product_tag","embeddable":true,"href":"https:\/\/araratfinland.com\/en\/wp-json\/wp\/v2\/product_tag?post=51080"}],"curies":[{"name":"wp","href":"https:\/\/api.w.org\/{rel}","templated":true}]}}