{"id":50974,"date":"2024-07-12T10:08:13","date_gmt":"2024-07-12T07:08:13","guid":{"rendered":"https:\/\/araratfinland.com\/?post_type=product&#038;p=50974"},"modified":"2025-09-11T13:51:14","modified_gmt":"2025-09-11T10:51:14","slug":"qibbla-hamburger-6x900-g","status":"publish","type":"product","link":"https:\/\/araratfinland.com\/en\/product\/qibbla-hamburger-6x900-g\/","title":{"rendered":"Qibbla hamburger 6&#215;900 g"},"content":{"rendered":"<h4><span style=\"font-size: 19px;color: #000000\"><strong>Qibbla burger.<\/strong><\/span><\/h4>\n<h4><span style=\"color: #000000\"><span style=\"font-size: 19px\"><strong>Ainesosat: <\/strong>Naudanliha 80%, suolaa,<br \/>perunat\u00e4rkkelyst\u00e4, peruna, sipuli,<br \/>viiniryp\u00e4le sokeri,\u00a0<\/span><span style=\"font-size: 19px\">mausteet, peruna<br \/>kuitua, kuitua (sokerijuurikkaasta).<\/span><\/span><\/h4>\n<h4><span style=\"font-size: 19px;color: #000000\"><strong>Sis\u00e4lt\u00e4\u00e4 gluteenia.<\/strong><\/span><\/h4>\n<h4><span style=\"font-size: 19px;color: #000000\"><strong>S\u00e4ilytys: <\/strong>Pakastin: 48 tuntia.<br \/>Syv\u00e4j\u00e4\u00e4ss\u00e4: -6\u2103: 1 viikko, -12\u2103: 3 viikoa.<\/span><\/h4>\n<table style=\"height: 361px;width: 425px\">\n<tbody>\n<tr style=\"height: 11px\">\n<td style=\"width: 409px;height: 11px\" colspan=\"2\"><span style=\"font-size: 19px;color: #000000\"><strong>Ravintosis\u00e4lt\u00f6 per 100g<\/strong><\/span><\/td>\n<\/tr>\n<\/tbody>\n<tbody>\n<tr style=\"height: 7px\">\n<td style=\"width: 234px;height: 7px\"><span style=\"font-size: 19px;color: #000000\">Energiaa<\/span><\/td>\n<td style=\"width: 175px;height: 7px\"><span style=\"font-size: 19px;color: #000000\">538 kJ \/ 129 kcal<\/span><\/td>\n<\/tr>\n<tr style=\"height: 4.03125px\">\n<td style=\"width: 234px;height: 4.03125px\"><span style=\"font-size: 19px;color: #000000\">Rasva<\/span><\/td>\n<td style=\"width: 175px;height: 4.03125px\"><span style=\"font-size: 19px;color: #000000\">6,4 g<\/span><\/td>\n<\/tr>\n<tr style=\"height: 21px\">\n<td style=\"width: 234px;height: 21px\"><span style=\"font-size: 19px;color: #000000\">josta tyydyttynytt\u00e4<\/span><\/td>\n<td style=\"width: 175px;height: 21px\"><span style=\"font-size: 19px;color: #000000\">3,3 g<\/span><\/td>\n<\/tr>\n<tr style=\"height: 13px\">\n<td style=\"width: 234px;height: 13px\"><span style=\"font-size: 19px;color: #000000\">Hiilihydraatit<\/span><\/td>\n<td style=\"width: 175px;height: 13px\"><span style=\"font-size: 19px;color: #000000\">3,3 g<\/span><\/td>\n<\/tr>\n<tr style=\"height: 11px\">\n<td style=\"width: 234px;height: 11px\"><span style=\"font-size: 19px;color: #000000\">josta sokereita<\/span><\/td>\n<td style=\"width: 175px;height: 11px\"><span style=\"font-size: 19px;color: #000000\">1 g<\/span><\/td>\n<\/tr>\n<tr style=\"height: 8px\">\n<td style=\"width: 234px;height: 8px\"><span style=\"font-size: 19px;color: #000000\">Proteiini<\/span><\/td>\n<td style=\"width: 175px;height: 8px\"><span style=\"font-size: 19px;color: #000000\">14,4 g<\/span><\/td>\n<\/tr>\n<tr style=\"height: 16px\">\n<td style=\"width: 234px;height: 16px\"><span style=\"font-size: 19px;color: #000000\">Suola<\/span><\/td>\n<td style=\"width: 175px;height: 16px\"><span style=\"font-size: 19px;color: #000000\">1,4 g<\/span><\/td>\n<\/tr>\n<\/tbody>\n<\/table>\n","protected":false},"excerpt":{"rendered":"<p>Qibbla burger. Ainesosat: Naudanliha 80%, suolaa,perunat\u00e4rkkelyst\u00e4, peruna, sipuli,viiniryp\u00e4le sokeri,\u00a0mausteet, perunakuitua, kuitua (sokerijuurikkaasta). Sis\u00e4lt\u00e4\u00e4 gluteenia. S\u00e4ilytys: Pakastin: 48 tuntia.Syv\u00e4j\u00e4\u00e4ss\u00e4: -6\u2103: 1<\/p>\n","protected":false},"featured_media":89902,"template":"","meta":{"om_disable_all_campaigns":false,"_monsterinsights_skip_tracking":false,"_monsterinsights_sitenote_active":false,"_monsterinsights_sitenote_note":"","_monsterinsights_sitenote_category":0},"location":[1422],"product_brand":[1423],"product_cat":[1464],"product_tag":[],"class_list":{"0":"post-50974","1":"product","2":"type-product","3":"status-publish","4":"has-post-thumbnail","6":"location-v","7":"product_brand-ararat-ari-food","8":"product_cat-pakasteet-en-2","9":"stock_type-ltk-en","11":"first","12":"instock","13":"taxable","14":"shipping-taxable","15":"purchasable","16":"product-type-simple"},"aioseo_notices":[],"locations":[{"id":1422,"name":"v","slug":"v","quantity":"0"}],"_links":{"self":[{"href":"https:\/\/araratfinland.com\/en\/wp-json\/wp\/v2\/product\/50974","targetHints":{"allow":["GET"]}}],"collection":[{"href":"https:\/\/araratfinland.com\/en\/wp-json\/wp\/v2\/product"}],"about":[{"href":"https:\/\/araratfinland.com\/en\/wp-json\/wp\/v2\/types\/product"}],"version-history":[{"count":3,"href":"https:\/\/araratfinland.com\/en\/wp-json\/wp\/v2\/product\/50974\/revisions"}],"predecessor-version":[{"id":59866,"href":"https:\/\/araratfinland.com\/en\/wp-json\/wp\/v2\/product\/50974\/revisions\/59866"}],"wp:featuredmedia":[{"embeddable":true,"href":"https:\/\/araratfinland.com\/en\/wp-json\/wp\/v2\/media\/89902"}],"wp:attachment":[{"href":"https:\/\/araratfinland.com\/en\/wp-json\/wp\/v2\/media?parent=50974"}],"wp:term":[{"taxonomy":"location","embeddable":true,"href":"https:\/\/araratfinland.com\/en\/wp-json\/wp\/v2\/location?post=50974"},{"taxonomy":"product_brand","embeddable":true,"href":"https:\/\/araratfinland.com\/en\/wp-json\/wp\/v2\/product_brand?post=50974"},{"taxonomy":"product_cat","embeddable":true,"href":"https:\/\/araratfinland.com\/en\/wp-json\/wp\/v2\/product_cat?post=50974"},{"taxonomy":"product_tag","embeddable":true,"href":"https:\/\/araratfinland.com\/en\/wp-json\/wp\/v2\/product_tag?post=50974"}],"curies":[{"name":"wp","href":"https:\/\/api.w.org\/{rel}","templated":true}]}}