{"id":50423,"date":"2024-07-09T14:12:45","date_gmt":"2024-07-09T11:12:45","guid":{"rendered":"https:\/\/araratfinland.com\/product\/hemani-vihrea-tee-minttusitruuna\/"},"modified":"2025-09-22T12:12:38","modified_gmt":"2025-09-22T09:12:38","slug":"hemani-vihrea-tee-minttusitruuna","status":"publish","type":"product","link":"https:\/\/araratfinland.com\/en\/product\/hemani-vihrea-tee-minttusitruuna\/","title":{"rendered":"Hemani Vihre\u00e4 Tee (Minttu&amp;Sitruuna) 20pss"},"content":{"rendered":"<p data-start=\"153\" data-end=\"189\"><strong data-start=\"153\" data-end=\"167\">Vihre\u00e4 tee<\/strong><br data-start=\"167\" data-end=\"170\" \/> Minttu &amp; Sitruuna<\/p>\n<p data-start=\"191\" data-end=\"281\"><strong data-start=\"191\" data-end=\"206\">K\u00e4ytt\u00f6ohje:<\/strong><br data-start=\"206\" data-end=\"209\" \/> Hauduta 1 pussi kuumassa vedess\u00e4 3\u20135 min.<br data-start=\"250\" data-end=\"253\" \/> Lis\u00e4\u00e4 sokeria maun mukaan.<\/p>\n<p data-start=\"283\" data-end=\"348\"><strong data-start=\"283\" data-end=\"297\">Ainesosat:<\/strong><br data-start=\"297\" data-end=\"300\" \/> Vihre\u00e4 tee, minttuaromi, sitruuna-aromi (2 g).<\/p>\n<p data-start=\"350\" data-end=\"390\"><strong data-start=\"350\" data-end=\"363\">S\u00e4ilytys:<\/strong><br data-start=\"363\" data-end=\"366\" \/> Viile\u00e4ss\u00e4 ja kuivassa.<\/p>\n","protected":false},"excerpt":{"rendered":"<p>Vihre\u00e4 tee Minttu &amp; Sitruuna K\u00e4ytt\u00f6ohje: Hauduta 1 pussi kuumassa vedess\u00e4 3\u20135 min. Lis\u00e4\u00e4 sokeria maun mukaan. Ainesosat: Vihre\u00e4 tee,<\/p>\n","protected":false},"featured_media":92848,"template":"","meta":{"om_disable_all_campaigns":false,"_monsterinsights_skip_tracking":false,"_monsterinsights_sitenote_active":false,"_monsterinsights_sitenote_note":"","_monsterinsights_sitenote_category":0},"location":[1422],"product_brand":[1423],"product_cat":[1340],"product_tag":[],"class_list":{"0":"post-50423","1":"product","2":"type-product","3":"status-publish","4":"has-post-thumbnail","6":"location-v","7":"product_brand-ararat-ari-food","8":"product_cat-teet-kahvit-fi","9":"stock_type-pcs-en","11":"first","12":"instock","13":"taxable","14":"shipping-taxable","15":"purchasable","16":"product-type-simple"},"aioseo_notices":[],"locations":[{"id":1422,"name":"v","slug":"v","quantity":"67"}],"_links":{"self":[{"href":"https:\/\/araratfinland.com\/en\/wp-json\/wp\/v2\/product\/50423","targetHints":{"allow":["GET"]}}],"collection":[{"href":"https:\/\/araratfinland.com\/en\/wp-json\/wp\/v2\/product"}],"about":[{"href":"https:\/\/araratfinland.com\/en\/wp-json\/wp\/v2\/types\/product"}],"version-history":[{"count":2,"href":"https:\/\/araratfinland.com\/en\/wp-json\/wp\/v2\/product\/50423\/revisions"}],"predecessor-version":[{"id":92850,"href":"https:\/\/araratfinland.com\/en\/wp-json\/wp\/v2\/product\/50423\/revisions\/92850"}],"wp:featuredmedia":[{"embeddable":true,"href":"https:\/\/araratfinland.com\/en\/wp-json\/wp\/v2\/media\/92848"}],"wp:attachment":[{"href":"https:\/\/araratfinland.com\/en\/wp-json\/wp\/v2\/media?parent=50423"}],"wp:term":[{"taxonomy":"location","embeddable":true,"href":"https:\/\/araratfinland.com\/en\/wp-json\/wp\/v2\/location?post=50423"},{"taxonomy":"product_brand","embeddable":true,"href":"https:\/\/araratfinland.com\/en\/wp-json\/wp\/v2\/product_brand?post=50423"},{"taxonomy":"product_cat","embeddable":true,"href":"https:\/\/araratfinland.com\/en\/wp-json\/wp\/v2\/product_cat?post=50423"},{"taxonomy":"product_tag","embeddable":true,"href":"https:\/\/araratfinland.com\/en\/wp-json\/wp\/v2\/product_tag?post=50423"}],"curies":[{"name":"wp","href":"https:\/\/api.w.org\/{rel}","templated":true}]}}