{"id":50389,"date":"2024-07-09T12:58:14","date_gmt":"2024-07-09T09:58:14","guid":{"rendered":"https:\/\/araratfinland.com\/product\/chili-pepperoni-14-kg-2\/"},"modified":"2025-10-21T17:07:57","modified_gmt":"2025-10-21T14:07:57","slug":"chili-pepperoni-14-kg-2","status":"publish","type":"product","link":"https:\/\/araratfinland.com\/en\/product\/chili-pepperoni-14-kg-2\/","title":{"rendered":"Chili pepperoni 14 kg"},"content":{"rendered":"<h4><span style=\"font-size: 19px;color: #000000\"><strong>Chili pepperoni.<\/strong><\/span><\/h4>\n<h4><span style=\"color: #000000\"><span style=\"font-size: 19px\"><strong>Ainesosat:<\/strong> Chili pepperoni, vesi, suola,<br \/>hapettumisenestoaine E330, s\u00e4il\u00f6nt\u00e4aine E260,<br \/><\/span><span style=\"font-size: 19px\">s\u00e4il\u00f6nt\u00e4aine E202, muut lis\u00e4aineet E509,<br \/>s\u00e4il\u00f6nt\u00e4aine E211, s\u00e4il\u00f6nt\u00e4aine E200,<br \/><\/span><span style=\"font-size: 19px\">s\u00e4il\u00f6nt\u00e4aine (natrium<strong>sulfiitti<\/strong>).<\/span><\/span><\/h4>\n<h4><span style=\"font-size: 19px;color: #000000\"><strong>S\u00e4ilytys:<\/strong>\u00a0Kuivassa ja viile\u00e4ss\u00e4 paikassa.<br \/>Avattuna s\u00e4ilyt\u00e4 j\u00e4\u00e4kaapissa.<\/span><\/h4>\n<table style=\"height: 361px;width: 391.375px\">\n<tbody>\n<tr style=\"height: 2px\">\n<td style=\"width: 372.375px;height: 2px\" colspan=\"2\"><span style=\"font-size: 19px;color: #000000\"><strong>Ravintosis\u00e4lt\u00f6 per 100g<\/strong><\/span><\/td>\n<\/tr>\n<\/tbody>\n<tbody>\n<tr style=\"height: 6px\">\n<td style=\"width: 208px;height: 6px\"><span style=\"font-size: 19px;color: #000000\">Energiaa<\/span><\/td>\n<td style=\"width: 164.375px;height: 6px\"><span style=\"font-size: 19px;color: #000000\">89 kj \/ 22 kcal<\/span><\/td>\n<\/tr>\n<tr style=\"height: 15px\">\n<td style=\"width: 208px;height: 15px\"><span style=\"font-size: 19px;color: #000000\">Rasva<\/span><\/td>\n<td style=\"width: 164.375px;height: 15px\"><span style=\"font-size: 19px;color: #000000\">0,37 g<\/span><\/td>\n<\/tr>\n<tr style=\"height: 18px\">\n<td style=\"width: 208px;height: 18px\"><span style=\"font-size: 19px;color: #000000\">josta tyydyttynytt\u00e4<\/span><\/td>\n<td style=\"width: 164.375px;height: 18px\"><span style=\"font-size: 19px;color: #000000\">0,35 g<\/span><\/td>\n<\/tr>\n<tr style=\"height: 19px\">\n<td style=\"width: 208px;height: 19px\"><span style=\"font-size: 19px;color: #000000\">Hiilihydraatit<\/span><\/td>\n<td style=\"width: 164.375px;height: 19px\"><span style=\"font-size: 19px;color: #000000\">3,7 g<\/span><\/td>\n<\/tr>\n<tr style=\"height: 15px\">\n<td style=\"width: 208px;height: 15px\"><span style=\"font-size: 19px;color: #000000\">josta sokereita<\/span><\/td>\n<td style=\"width: 164.375px;height: 15px\"><span style=\"font-size: 19px;color: #000000\">0,21 g<\/span><\/td>\n<\/tr>\n<tr style=\"height: 10px\">\n<td style=\"width: 208px;height: 10px\"><span style=\"font-size: 19px;color: #000000\">Proteiini<\/span><\/td>\n<td style=\"width: 164.375px;height: 10px\"><span style=\"font-size: 19px;color: #000000\">3,7 g<\/span><\/td>\n<\/tr>\n<tr style=\"height: 3px\">\n<td style=\"width: 208px;height: 3px\"><span style=\"font-size: 19px;color: #000000\">Suola<\/span><\/td>\n<td style=\"width: 164.375px;height: 3px\"><span style=\"font-size: 19px;color: #000000\">8,50 g<\/span><\/td>\n<\/tr>\n<\/tbody>\n<\/table>\n","protected":false},"excerpt":{"rendered":"<p>Chili pepperoni. Ainesosat: Chili pepperoni, vesi, suola,hapettumisenestoaine E330, s\u00e4il\u00f6nt\u00e4aine E260,s\u00e4il\u00f6nt\u00e4aine E202, muut lis\u00e4aineet E509,s\u00e4il\u00f6nt\u00e4aine E211, s\u00e4il\u00f6nt\u00e4aine E200,s\u00e4il\u00f6nt\u00e4aine (natriumsulfiitti). S\u00e4ilytys:\u00a0Kuivassa ja<\/p>\n","protected":false},"featured_media":97858,"template":"","meta":{"om_disable_all_campaigns":false,"_monsterinsights_skip_tracking":false,"_monsterinsights_sitenote_active":false,"_monsterinsights_sitenote_note":"","_monsterinsights_sitenote_category":0},"location":[1422],"product_brand":[1423],"product_cat":[1469],"product_tag":[],"class_list":{"0":"post-50389","1":"product","2":"type-product","3":"status-publish","4":"has-post-thumbnail","6":"location-v","7":"product_brand-ararat-ari-food","8":"product_cat-restaurant-en-2","9":"stock_type-mp-en","11":"first","12":"instock","13":"taxable","14":"shipping-taxable","15":"purchasable","16":"product-type-simple"},"aioseo_notices":[],"locations":[{"id":1422,"name":"v","slug":"v","quantity":"200"}],"_links":{"self":[{"href":"https:\/\/araratfinland.com\/en\/wp-json\/wp\/v2\/product\/50389","targetHints":{"allow":["GET"]}}],"collection":[{"href":"https:\/\/araratfinland.com\/en\/wp-json\/wp\/v2\/product"}],"about":[{"href":"https:\/\/araratfinland.com\/en\/wp-json\/wp\/v2\/types\/product"}],"version-history":[{"count":1,"href":"https:\/\/araratfinland.com\/en\/wp-json\/wp\/v2\/product\/50389\/revisions"}],"predecessor-version":[{"id":53220,"href":"https:\/\/araratfinland.com\/en\/wp-json\/wp\/v2\/product\/50389\/revisions\/53220"}],"wp:featuredmedia":[{"embeddable":true,"href":"https:\/\/araratfinland.com\/en\/wp-json\/wp\/v2\/media\/97858"}],"wp:attachment":[{"href":"https:\/\/araratfinland.com\/en\/wp-json\/wp\/v2\/media?parent=50389"}],"wp:term":[{"taxonomy":"location","embeddable":true,"href":"https:\/\/araratfinland.com\/en\/wp-json\/wp\/v2\/location?post=50389"},{"taxonomy":"product_brand","embeddable":true,"href":"https:\/\/araratfinland.com\/en\/wp-json\/wp\/v2\/product_brand?post=50389"},{"taxonomy":"product_cat","embeddable":true,"href":"https:\/\/araratfinland.com\/en\/wp-json\/wp\/v2\/product_cat?post=50389"},{"taxonomy":"product_tag","embeddable":true,"href":"https:\/\/araratfinland.com\/en\/wp-json\/wp\/v2\/product_tag?post=50389"}],"curies":[{"name":"wp","href":"https:\/\/api.w.org\/{rel}","templated":true}]}}