{"id":50383,"date":"2024-07-09T12:57:00","date_gmt":"2024-07-09T09:57:00","guid":{"rendered":"https:\/\/araratfinland.com\/product\/punajuuri-viipaleita-8600-g\/"},"modified":"2025-09-05T14:53:02","modified_gmt":"2025-09-05T11:53:02","slug":"punajuuri-viipaleita-8600-g","status":"publish","type":"product","link":"https:\/\/araratfinland.com\/en\/product\/punajuuri-viipaleita-8600-g\/","title":{"rendered":"Punajuuri viipaleita 8600 g"},"content":{"rendered":"<h4 class=\"font-bold m-b-xs\"><span style=\"font-size: 19px;color: #000000\"><strong>Punajuuri viipaleita.<\/strong><\/span><\/h4>\n<h4><span style=\"color: #000000\"><span style=\"font-size: 19px\"><strong>Ainesosat: <\/strong>Punajuuri, vesi, sokeri,<br \/>etikka, suola, s\u00e4il\u00f6nt\u00e4aineet ( E211, E202),<br \/><\/span><span style=\"font-size: 19px\">luonatainen aromi (neilikka).<\/span><\/span><\/h4>\n<h4><span style=\"font-size: 19px;color: #000000\"><strong>S\u00e4ilytys:\u00a0<\/strong>Avaamisen j\u00e4lkeen s\u00e4ilyt\u00e4\u00a0j\u00e4\u00e4kaapissa.<\/span><\/h4>\n<table style=\"height: 361px;width: 374.172px\">\n<tbody>\n<tr style=\"height: 1px\">\n<td style=\"height: 1px;width: 354.172px\" colspan=\"2\"><span style=\"font-size: 19px;color: #000000\"><strong>Ravintosis\u00e4lt\u00f6 per 100g<\/strong><\/span><\/td>\n<\/tr>\n<\/tbody>\n<tbody>\n<tr style=\"height: 6px\">\n<td style=\"height: 6px;width: 200px\"><span style=\"font-size: 19px;color: #000000\">Energiaa<\/span><\/td>\n<td style=\"height: 6px;width: 154.172px\"><span style=\"font-size: 19px;color: #000000\">210 kj \/ 50 kcal<\/span><\/td>\n<\/tr>\n<tr style=\"height: 11px\">\n<td style=\"height: 11px;width: 200px\"><span style=\"font-size: 19px;color: #000000\">Rasva<\/span><\/td>\n<td style=\"height: 11px;width: 154.172px\"><span style=\"font-size: 19px;color: #000000\">0,2 g<\/span><\/td>\n<\/tr>\n<tr style=\"height: 20px\">\n<td style=\"height: 20px;width: 200px\"><span style=\"font-size: 19px;color: #000000\">josta tyydyttynytt\u00e4<\/span><\/td>\n<td style=\"height: 20px;width: 154.172px\"><span style=\"font-size: 19px;color: #000000\">0 g<\/span><\/td>\n<\/tr>\n<tr style=\"height: 18px\">\n<td style=\"height: 18px;width: 200px\"><span style=\"font-size: 19px;color: #000000\">Hiilihydraatit<\/span><\/td>\n<td style=\"height: 18px;width: 154.172px\"><span style=\"font-size: 19px;color: #000000\">11 g<\/span><\/td>\n<\/tr>\n<tr style=\"height: 20px\">\n<td style=\"height: 20px;width: 200px\"><span style=\"font-size: 19px;color: #000000\">josta sokereita<\/span><\/td>\n<td style=\"height: 20px;width: 154.172px\"><span style=\"font-size: 19px;color: #000000\">10 g<\/span><\/td>\n<\/tr>\n<tr style=\"height: 11px\">\n<td style=\"height: 11px;width: 200px\"><span style=\"font-size: 19px;color: #000000\">Proteiini<\/span><\/td>\n<td style=\"height: 11px;width: 154.172px\"><span style=\"font-size: 19px;color: #000000\">1,1 g<\/span><\/td>\n<\/tr>\n<tr style=\"height: 19px\">\n<td style=\"height: 19px;width: 200px\"><span style=\"font-size: 19px;color: #000000\">Suola<\/span><\/td>\n<td style=\"height: 19px;width: 154.172px\"><span style=\"font-size: 19px;color: #000000\">0,3 g<\/span><\/td>\n<\/tr>\n<\/tbody>\n<\/table>\n","protected":false},"excerpt":{"rendered":"<p>Punajuuri viipaleita. Ainesosat: Punajuuri, vesi, sokeri,etikka, suola, s\u00e4il\u00f6nt\u00e4aineet ( E211, E202),luonatainen aromi (neilikka). S\u00e4ilytys:\u00a0Avaamisen j\u00e4lkeen s\u00e4ilyt\u00e4\u00a0j\u00e4\u00e4kaapissa. Ravintosis\u00e4lt\u00f6 per 100g Energiaa<\/p>\n","protected":false},"featured_media":88201,"template":"","meta":{"om_disable_all_campaigns":false,"_monsterinsights_skip_tracking":false,"_monsterinsights_sitenote_active":false,"_monsterinsights_sitenote_note":"","_monsterinsights_sitenote_category":0},"location":[1422],"product_brand":[1423],"product_cat":[1469],"product_tag":[],"class_list":{"0":"post-50383","1":"product","2":"type-product","3":"status-publish","4":"has-post-thumbnail","6":"location-v","7":"product_brand-ararat-ari-food","8":"product_cat-restaurant-en-2","9":"stock_type-prk-en","11":"first","12":"instock","13":"taxable","14":"shipping-taxable","15":"purchasable","16":"product-type-simple"},"aioseo_notices":[],"locations":[{"id":1422,"name":"v","slug":"v","quantity":"91"}],"_links":{"self":[{"href":"https:\/\/araratfinland.com\/en\/wp-json\/wp\/v2\/product\/50383","targetHints":{"allow":["GET"]}}],"collection":[{"href":"https:\/\/araratfinland.com\/en\/wp-json\/wp\/v2\/product"}],"about":[{"href":"https:\/\/araratfinland.com\/en\/wp-json\/wp\/v2\/types\/product"}],"version-history":[{"count":1,"href":"https:\/\/araratfinland.com\/en\/wp-json\/wp\/v2\/product\/50383\/revisions"}],"predecessor-version":[{"id":52729,"href":"https:\/\/araratfinland.com\/en\/wp-json\/wp\/v2\/product\/50383\/revisions\/52729"}],"wp:featuredmedia":[{"embeddable":true,"href":"https:\/\/araratfinland.com\/en\/wp-json\/wp\/v2\/media\/88201"}],"wp:attachment":[{"href":"https:\/\/araratfinland.com\/en\/wp-json\/wp\/v2\/media?parent=50383"}],"wp:term":[{"taxonomy":"location","embeddable":true,"href":"https:\/\/araratfinland.com\/en\/wp-json\/wp\/v2\/location?post=50383"},{"taxonomy":"product_brand","embeddable":true,"href":"https:\/\/araratfinland.com\/en\/wp-json\/wp\/v2\/product_brand?post=50383"},{"taxonomy":"product_cat","embeddable":true,"href":"https:\/\/araratfinland.com\/en\/wp-json\/wp\/v2\/product_cat?post=50383"},{"taxonomy":"product_tag","embeddable":true,"href":"https:\/\/araratfinland.com\/en\/wp-json\/wp\/v2\/product_tag?post=50383"}],"curies":[{"name":"wp","href":"https:\/\/api.w.org\/{rel}","templated":true}]}}