{"id":50194,"date":"2024-07-05T11:37:40","date_gmt":"2024-07-05T08:37:40","guid":{"rendered":"https:\/\/araratfinland.com\/product\/kokolo-kova-kana-10x1100-g\/"},"modified":"2025-11-16T15:26:23","modified_gmt":"2025-11-16T13:26:23","slug":"kokolo-kova-kana-10x1100-g","status":"publish","type":"product","link":"https:\/\/araratfinland.com\/en\/product\/kokolo-kova-kana-10x1100-g\/","title":{"rendered":"Kokolo kova kana 10&#215;1100 g"},"content":{"rendered":"<h4><span style=\"font-size: 19px;color: #000000\"><strong>Kova kana A &#8211; Luokka.<\/strong><\/span><\/h4>\n<h4><span style=\"font-size: 19px;color: #000000\"><strong>S\u00e4ilytys: <\/strong>Pakastimessa. Alle -18\u2103:n<br \/>l\u00e4mp\u00f6tilassa katso &#039;&#039;parasta ennen&#039;&#039;.<\/span><\/h4>\n<h4><span style=\"font-size: 19px;color: #000000\"><strong>Ei saa pakastaa uudelleen sulattamisen<br \/>j\u00e4\u00e4lkeen.<\/strong><\/span><\/h4>\n","protected":false},"excerpt":{"rendered":"<p>Kova kana A &#8211; Luokka. S\u00e4ilytys: Pakastimessa. Alle -18\u2103:nl\u00e4mp\u00f6tilassa katso &#039;&#039;parasta ennen&#039;&#039;. Ei saa pakastaa uudelleen sulattamisenj\u00e4\u00e4lkeen.<\/p>\n","protected":false},"featured_media":100467,"template":"","meta":{"om_disable_all_campaigns":false,"_monsterinsights_skip_tracking":false,"_monsterinsights_sitenote_active":false,"_monsterinsights_sitenote_note":"","_monsterinsights_sitenote_category":0},"location":[1422],"product_brand":[1423],"product_cat":[1464],"product_tag":[],"class_list":{"0":"post-50194","1":"product","2":"type-product","3":"status-publish","4":"has-post-thumbnail","6":"location-v","7":"product_brand-ararat-ari-food","8":"product_cat-pakasteet-en-2","9":"stock_type-ltk-en","11":"first","12":"instock","13":"taxable","14":"shipping-taxable","15":"purchasable","16":"product-type-simple"},"aioseo_notices":[],"locations":[{"id":1422,"name":"v","slug":"v","quantity":"1000"}],"_links":{"self":[{"href":"https:\/\/araratfinland.com\/en\/wp-json\/wp\/v2\/product\/50194","targetHints":{"allow":["GET"]}}],"collection":[{"href":"https:\/\/araratfinland.com\/en\/wp-json\/wp\/v2\/product"}],"about":[{"href":"https:\/\/araratfinland.com\/en\/wp-json\/wp\/v2\/types\/product"}],"version-history":[{"count":5,"href":"https:\/\/araratfinland.com\/en\/wp-json\/wp\/v2\/product\/50194\/revisions"}],"predecessor-version":[{"id":93746,"href":"https:\/\/araratfinland.com\/en\/wp-json\/wp\/v2\/product\/50194\/revisions\/93746"}],"wp:featuredmedia":[{"embeddable":true,"href":"https:\/\/araratfinland.com\/en\/wp-json\/wp\/v2\/media\/100467"}],"wp:attachment":[{"href":"https:\/\/araratfinland.com\/en\/wp-json\/wp\/v2\/media?parent=50194"}],"wp:term":[{"taxonomy":"location","embeddable":true,"href":"https:\/\/araratfinland.com\/en\/wp-json\/wp\/v2\/location?post=50194"},{"taxonomy":"product_brand","embeddable":true,"href":"https:\/\/araratfinland.com\/en\/wp-json\/wp\/v2\/product_brand?post=50194"},{"taxonomy":"product_cat","embeddable":true,"href":"https:\/\/araratfinland.com\/en\/wp-json\/wp\/v2\/product_cat?post=50194"},{"taxonomy":"product_tag","embeddable":true,"href":"https:\/\/araratfinland.com\/en\/wp-json\/wp\/v2\/product_tag?post=50194"}],"curies":[{"name":"wp","href":"https:\/\/api.w.org\/{rel}","templated":true}]}}