{"id":50106,"date":"2024-07-04T12:09:27","date_gmt":"2024-07-04T09:09:27","guid":{"rendered":"https:\/\/araratfinland.com\/product\/zlotoklos-sesaaminsiemen-kekseja-400-g\/"},"modified":"2025-11-17T15:38:29","modified_gmt":"2025-11-17T13:38:29","slug":"zlotoklos-sesaaminsiemen-kekseja-400-g","status":"publish","type":"product","link":"https:\/\/araratfinland.com\/en\/product\/zlotoklos-sesaaminsiemen-kekseja-400-g\/","title":{"rendered":"Zlotoklos Sesaaminsiemen Keksej\u00e4 400g"},"content":{"rendered":"<h4><span style=\"font-size: 18px;color: #000000\"><strong>Sesaaminsiemen keksej\u00e4.<\/strong><\/span><\/h4>\n<h4><span style=\"color: #000000\"><span style=\"font-size: 18px\"><strong>Ainesosat: Venh\u00e4<\/strong>jauho, margariini\/kasvi\u00f6ljyt<br \/>(palmu\u00f6ljy, rypsi\u00f6ljy), osittain kovetettu\u00a0<\/span><span style=\"font-size: 18px\">kasvisrasva<br \/>(palmu\u00f6ljy), vesi, emulgaattori, (E471, E475, s<strong>oijalesitiini)<\/strong>,<br \/>suola,\u00a0<\/span><span style=\"font-size: 18px\">happamuudens\u00e4\u00e4t\u00f6aine (E330), v\u00e4riaine (E160b),<br \/>aromi\/<strong>herajauhe maitoa<\/strong>,<strong> kananmuna<\/strong>jauhe,\u00a0<\/span><span style=\"font-size: 18px\">v\u00e4riaine<br \/>(karoteeni), aromi.<\/span><\/span><\/h4>\n<h4><span style=\"font-size: 18px;color: #000000\"><strong>Tuote saattaa sis\u00e4lt\u00e4\u00e4 maap\u00e4hkin\u00f6it\u00e4.<\/strong><\/span><\/h4>\n<h4><span style=\"font-size: 18px;color: #000000\"><strong>S\u00e4ilytys:<\/strong> S\u00e4ilyt\u00e4 viile\u00e4ss\u00e4 ja kuivassa paikassa.<\/span><\/h4>\n","protected":false},"excerpt":{"rendered":"<p>Sesaaminsiemen keksej\u00e4. Ainesosat: Venh\u00e4jauho, margariini\/kasvi\u00f6ljyt(palmu\u00f6ljy, rypsi\u00f6ljy), osittain kovetettu\u00a0kasvisrasva(palmu\u00f6ljy), vesi, emulgaattori, (E471, E475, soijalesitiini),suola,\u00a0happamuudens\u00e4\u00e4t\u00f6aine (E330), v\u00e4riaine (E160b),aromi\/herajauhe maitoa, kananmunajauhe,\u00a0v\u00e4riaine(karoteeni), aromi. Tuote<\/p>\n","protected":false},"featured_media":100741,"template":"","meta":{"om_disable_all_campaigns":false,"_monsterinsights_skip_tracking":false,"_monsterinsights_sitenote_active":false,"_monsterinsights_sitenote_note":"","_monsterinsights_sitenote_category":0},"location":[1422],"product_brand":[1423],"product_cat":[1326],"product_tag":[],"class_list":{"0":"post-50106","1":"product","2":"type-product","3":"status-publish","4":"has-post-thumbnail","6":"location-v","7":"product_brand-ararat-ari-food","8":"product_cat-keksit-leivokset-fi","9":"stock_type-kpl-en","11":"first","12":"instock","13":"taxable","14":"shipping-taxable","15":"purchasable","16":"product-type-simple"},"aioseo_notices":[],"locations":[{"id":1422,"name":"v","slug":"v","quantity":"480"}],"_links":{"self":[{"href":"https:\/\/araratfinland.com\/en\/wp-json\/wp\/v2\/product\/50106","targetHints":{"allow":["GET"]}}],"collection":[{"href":"https:\/\/araratfinland.com\/en\/wp-json\/wp\/v2\/product"}],"about":[{"href":"https:\/\/araratfinland.com\/en\/wp-json\/wp\/v2\/types\/product"}],"version-history":[{"count":2,"href":"https:\/\/araratfinland.com\/en\/wp-json\/wp\/v2\/product\/50106\/revisions"}],"predecessor-version":[{"id":50137,"href":"https:\/\/araratfinland.com\/en\/wp-json\/wp\/v2\/product\/50106\/revisions\/50137"}],"wp:featuredmedia":[{"embeddable":true,"href":"https:\/\/araratfinland.com\/en\/wp-json\/wp\/v2\/media\/100741"}],"wp:attachment":[{"href":"https:\/\/araratfinland.com\/en\/wp-json\/wp\/v2\/media?parent=50106"}],"wp:term":[{"taxonomy":"location","embeddable":true,"href":"https:\/\/araratfinland.com\/en\/wp-json\/wp\/v2\/location?post=50106"},{"taxonomy":"product_brand","embeddable":true,"href":"https:\/\/araratfinland.com\/en\/wp-json\/wp\/v2\/product_brand?post=50106"},{"taxonomy":"product_cat","embeddable":true,"href":"https:\/\/araratfinland.com\/en\/wp-json\/wp\/v2\/product_cat?post=50106"},{"taxonomy":"product_tag","embeddable":true,"href":"https:\/\/araratfinland.com\/en\/wp-json\/wp\/v2\/product_tag?post=50106"}],"curies":[{"name":"wp","href":"https:\/\/api.w.org\/{rel}","templated":true}]}}