{"id":49663,"date":"2024-06-17T19:14:32","date_gmt":"2024-06-17T16:14:32","guid":{"rendered":"https:\/\/araratfinland.com\/product\/hemani-rosemary-oil-250-ml\/"},"modified":"2025-11-10T10:44:44","modified_gmt":"2025-11-10T08:44:44","slug":"hemani-rosemary-oil-250-ml","status":"publish","type":"product","link":"https:\/\/araratfinland.com\/en\/product\/hemani-rosemary-oil-250-ml\/","title":{"rendered":"Hemani Rosemary Oil 250ml"},"content":{"rendered":"<h4><span style=\"font-size: 18px;color: #000000\"><strong>Ainesosat:\u00a0<\/strong>Rosmariini\u00f6ljy.<\/span><\/h4>\n<h4><span style=\"font-size: 18px;color: #000000\"><strong>S\u00e4ilytys:<\/strong> Kuivassa ja viile\u00e4ss\u00e4 paikassa.<\/span><\/h4>\n","protected":false},"excerpt":{"rendered":"<p>Ainesosat:\u00a0Rosmariini\u00f6ljy. S\u00e4ilytys: Kuivassa ja viile\u00e4ss\u00e4 paikassa.<\/p>\n","protected":false},"featured_media":99995,"template":"","meta":{"om_disable_all_campaigns":false,"_monsterinsights_skip_tracking":false,"_monsterinsights_sitenote_active":false,"_monsterinsights_sitenote_note":"","_monsterinsights_sitenote_category":0},"location":[1422],"product_brand":[1423],"product_cat":[1372],"product_tag":[],"class_list":{"0":"post-49663","1":"product","2":"type-product","3":"status-publish","4":"has-post-thumbnail","6":"location-v","7":"product_brand-ararat-ari-food","8":"product_cat-hemani-tuotteet-fi","9":"stock_type-pll-en","11":"first","12":"instock","13":"taxable","14":"shipping-taxable","15":"purchasable","16":"product-type-simple"},"aioseo_notices":[],"locations":[{"id":1422,"name":"v","slug":"v","quantity":"0"}],"_links":{"self":[{"href":"https:\/\/araratfinland.com\/en\/wp-json\/wp\/v2\/product\/49663","targetHints":{"allow":["GET"]}}],"collection":[{"href":"https:\/\/araratfinland.com\/en\/wp-json\/wp\/v2\/product"}],"about":[{"href":"https:\/\/araratfinland.com\/en\/wp-json\/wp\/v2\/types\/product"}],"version-history":[{"count":1,"href":"https:\/\/araratfinland.com\/en\/wp-json\/wp\/v2\/product\/49663\/revisions"}],"predecessor-version":[{"id":49667,"href":"https:\/\/araratfinland.com\/en\/wp-json\/wp\/v2\/product\/49663\/revisions\/49667"}],"wp:featuredmedia":[{"embeddable":true,"href":"https:\/\/araratfinland.com\/en\/wp-json\/wp\/v2\/media\/99995"}],"wp:attachment":[{"href":"https:\/\/araratfinland.com\/en\/wp-json\/wp\/v2\/media?parent=49663"}],"wp:term":[{"taxonomy":"location","embeddable":true,"href":"https:\/\/araratfinland.com\/en\/wp-json\/wp\/v2\/location?post=49663"},{"taxonomy":"product_brand","embeddable":true,"href":"https:\/\/araratfinland.com\/en\/wp-json\/wp\/v2\/product_brand?post=49663"},{"taxonomy":"product_cat","embeddable":true,"href":"https:\/\/araratfinland.com\/en\/wp-json\/wp\/v2\/product_cat?post=49663"},{"taxonomy":"product_tag","embeddable":true,"href":"https:\/\/araratfinland.com\/en\/wp-json\/wp\/v2\/product_tag?post=49663"}],"curies":[{"name":"wp","href":"https:\/\/api.w.org\/{rel}","templated":true}]}}