{"id":49647,"date":"2024-06-17T19:10:56","date_gmt":"2024-06-17T16:10:56","guid":{"rendered":"https:\/\/araratfinland.com\/product\/hemani-sesame-oil-250ml\/"},"modified":"2025-09-12T14:48:20","modified_gmt":"2025-09-12T11:48:20","slug":"hemani-sesame-oil-250ml","status":"publish","type":"product","link":"https:\/\/araratfinland.com\/en\/product\/hemani-sesame-oil-250ml\/","title":{"rendered":"Hemani Sesame Oil 250ml"},"content":{"rendered":"<h4><span style=\"font-size: 18px;color: #000000\"><strong>Ainesosat:\u00a0<\/strong>Seesami\u00f6ljy.<br \/><\/span><span style=\"font-size: 18px;color: #000000\"><strong>S\u00e4ilyttys:<\/strong> Kuivassa ja viile\u00e4ss\u00e4 paikassa.<\/span><\/h4>\n","protected":false},"excerpt":{"rendered":"<p>Ainesosat:\u00a0Seesami\u00f6ljy.S\u00e4ilyttys: Kuivassa ja viile\u00e4ss\u00e4 paikassa.<\/p>\n","protected":false},"featured_media":91541,"template":"","meta":{"om_disable_all_campaigns":false,"_monsterinsights_skip_tracking":false,"_monsterinsights_sitenote_active":false,"_monsterinsights_sitenote_note":"","_monsterinsights_sitenote_category":0},"location":[1422],"product_brand":[1423],"product_cat":[1372],"product_tag":[],"class_list":{"0":"post-49647","1":"product","2":"type-product","3":"status-publish","4":"has-post-thumbnail","6":"location-v","7":"product_brand-ararat-ari-food","8":"product_cat-hemani-tuotteet-fi","9":"stock_type-pll-en","11":"first","12":"instock","13":"taxable","14":"shipping-taxable","15":"purchasable","16":"product-type-simple"},"aioseo_notices":[],"locations":[{"id":1422,"name":"v","slug":"v","quantity":"0"}],"_links":{"self":[{"href":"https:\/\/araratfinland.com\/en\/wp-json\/wp\/v2\/product\/49647","targetHints":{"allow":["GET"]}}],"collection":[{"href":"https:\/\/araratfinland.com\/en\/wp-json\/wp\/v2\/product"}],"about":[{"href":"https:\/\/araratfinland.com\/en\/wp-json\/wp\/v2\/types\/product"}],"version-history":[{"count":1,"href":"https:\/\/araratfinland.com\/en\/wp-json\/wp\/v2\/product\/49647\/revisions"}],"predecessor-version":[{"id":49651,"href":"https:\/\/araratfinland.com\/en\/wp-json\/wp\/v2\/product\/49647\/revisions\/49651"}],"wp:featuredmedia":[{"embeddable":true,"href":"https:\/\/araratfinland.com\/en\/wp-json\/wp\/v2\/media\/91541"}],"wp:attachment":[{"href":"https:\/\/araratfinland.com\/en\/wp-json\/wp\/v2\/media?parent=49647"}],"wp:term":[{"taxonomy":"location","embeddable":true,"href":"https:\/\/araratfinland.com\/en\/wp-json\/wp\/v2\/location?post=49647"},{"taxonomy":"product_brand","embeddable":true,"href":"https:\/\/araratfinland.com\/en\/wp-json\/wp\/v2\/product_brand?post=49647"},{"taxonomy":"product_cat","embeddable":true,"href":"https:\/\/araratfinland.com\/en\/wp-json\/wp\/v2\/product_cat?post=49647"},{"taxonomy":"product_tag","embeddable":true,"href":"https:\/\/araratfinland.com\/en\/wp-json\/wp\/v2\/product_tag?post=49647"}],"curies":[{"name":"wp","href":"https:\/\/api.w.org\/{rel}","templated":true}]}}