{"id":49601,"date":"2024-06-17T09:35:41","date_gmt":"2024-06-17T06:35:41","guid":{"rendered":"https:\/\/araratfinland.com\/product\/hemani-snake-oil-250-ml\/"},"modified":"2025-09-19T10:09:59","modified_gmt":"2025-09-19T07:09:59","slug":"hemani-snake-oil-250-ml","status":"publish","type":"product","link":"https:\/\/araratfinland.com\/en\/product\/hemani-snake-oil-250-ml\/","title":{"rendered":"Hemani Snake Oil 250ml"},"content":{"rendered":"<p><span style=\"font-size: 18px;color: #000000\"><strong>Ainesosat:<\/strong>\u00a0Risiini\u00f6ljy, seesami\u00f6ljy, sinappi\u00f6ljy,<br \/>oliivi\u00f6ljy, laakerinlehdet, jatamansi, cyperus,<br \/>alkanna tinctoria \u00f6ljy &amp; santalum album \u00f6ljy.<\/p>\n<p><em>Se vahvistaa, ravitsee, pident\u00e4\u00e4 hiuksia ja<\/em><br \/><em>ehk\u00e4isee p\u00e4iden muodostumista ja hiustenl\u00e4ht\u00f6\u00e4.<br \/><\/em><br \/><strong>Ohjeet:<\/strong> Levit\u00e4 pieni m\u00e4\u00e4r\u00e4 hiuksiin ja hiero sormenp\u00e4ill\u00e4<br \/>p\u00e4\u00e4nahasta hiusten loppumiseen asti.<\/p>\n<p>Anna vaikuttaa noin 20-40 minuuttia ja huuhtele.<\/p>\n<p><strong>S\u00e4ilytys:<\/strong>\u00a0Kuivassa ja viile\u00e4ss\u00e4 paikassa.<\/span><\/p>\n","protected":false},"excerpt":{"rendered":"<p>Ainesosat:\u00a0Risiini\u00f6ljy, seesami\u00f6ljy, sinappi\u00f6ljy,oliivi\u00f6ljy, laakerinlehdet, jatamansi, cyperus,alkanna tinctoria \u00f6ljy &amp; santalum album \u00f6ljy. Se vahvistaa, ravitsee, pident\u00e4\u00e4 hiuksia jaehk\u00e4isee p\u00e4iden muodostumista<\/p>\n","protected":false},"featured_media":92430,"template":"","meta":{"om_disable_all_campaigns":false,"_monsterinsights_skip_tracking":false,"_monsterinsights_sitenote_active":false,"_monsterinsights_sitenote_note":"","_monsterinsights_sitenote_category":0},"location":[1422],"product_brand":[1423],"product_cat":[1372],"product_tag":[],"class_list":{"0":"post-49601","1":"product","2":"type-product","3":"status-publish","4":"has-post-thumbnail","6":"location-v","7":"product_brand-ararat-ari-food","8":"product_cat-hemani-tuotteet-fi","9":"stock_type-pll-en","11":"first","12":"instock","13":"taxable","14":"shipping-taxable","15":"purchasable","16":"product-type-simple"},"aioseo_notices":[],"locations":[{"id":1422,"name":"v","slug":"v","quantity":"20"}],"_links":{"self":[{"href":"https:\/\/araratfinland.com\/en\/wp-json\/wp\/v2\/product\/49601","targetHints":{"allow":["GET"]}}],"collection":[{"href":"https:\/\/araratfinland.com\/en\/wp-json\/wp\/v2\/product"}],"about":[{"href":"https:\/\/araratfinland.com\/en\/wp-json\/wp\/v2\/types\/product"}],"version-history":[{"count":2,"href":"https:\/\/araratfinland.com\/en\/wp-json\/wp\/v2\/product\/49601\/revisions"}],"predecessor-version":[{"id":49693,"href":"https:\/\/araratfinland.com\/en\/wp-json\/wp\/v2\/product\/49601\/revisions\/49693"}],"wp:featuredmedia":[{"embeddable":true,"href":"https:\/\/araratfinland.com\/en\/wp-json\/wp\/v2\/media\/92430"}],"wp:attachment":[{"href":"https:\/\/araratfinland.com\/en\/wp-json\/wp\/v2\/media?parent=49601"}],"wp:term":[{"taxonomy":"location","embeddable":true,"href":"https:\/\/araratfinland.com\/en\/wp-json\/wp\/v2\/location?post=49601"},{"taxonomy":"product_brand","embeddable":true,"href":"https:\/\/araratfinland.com\/en\/wp-json\/wp\/v2\/product_brand?post=49601"},{"taxonomy":"product_cat","embeddable":true,"href":"https:\/\/araratfinland.com\/en\/wp-json\/wp\/v2\/product_cat?post=49601"},{"taxonomy":"product_tag","embeddable":true,"href":"https:\/\/araratfinland.com\/en\/wp-json\/wp\/v2\/product_tag?post=49601"}],"curies":[{"name":"wp","href":"https:\/\/api.w.org\/{rel}","templated":true}]}}