{"id":49532,"date":"2024-06-17T08:46:03","date_gmt":"2024-06-17T05:46:03","guid":{"rendered":"https:\/\/araratfinland.com\/product\/mutlu-sahriya-vermicelli-5-kg-2\/"},"modified":"2025-09-11T14:39:48","modified_gmt":"2025-09-11T11:39:48","slug":"mutlu-sahriya-vermicelli-5-kg-2","status":"publish","type":"product","link":"https:\/\/araratfinland.com\/en\/product\/mutlu-sahriya-vermicelli-5-kg-2\/","title":{"rendered":"Mutlu sahriya vermicelli 5 kg"},"content":{"rendered":"<p><span style=\"font-size: 18px;color: #000000\"><strong>Ainesosat:<\/strong>\u00a0<strong>100%<\/strong>\u00a0<strong>durumvehn\u00e4\u00e4.<\/p>\n<p>S\u00e4ilytys:\u00a0<\/strong>Kuivassa ja viile\u00e4ss\u00e4 paikassa.<\/p>\n<p><strong>Allergeeni:<\/strong>\u00a0<strong>Sis\u00e4lt\u00e4\u00e4 gluteenia.<\/strong><\/p>\n<p><\/span> <\/p>\n<table style=\"width: 389px\">\n<tbody>\n<tr style=\"height: 22px\">\n<td style=\"width: 378px;height: 22px\" colspan=\"2\"><span style=\"font-size: 18px;color: #000000\"><strong>Ravintosis\u00e4lt\u00f6 per 100g<\/strong><\/span><\/td>\n<\/tr>\n<\/tbody>\n<tbody>\n<tr style=\"height: 22px\">\n<td style=\"width: 195.281px;height: 22px\"><span style=\"font-size: 18px;color: #000000\">Energia<\/span><\/td>\n<td style=\"width: 182.719px;height: 22px\"><span style=\"font-size: 18px;color: #000000\">1471 kj \/ 352 kcal<\/span><\/td>\n<\/tr>\n<tr style=\"height: 22px\">\n<td style=\"width: 195.281px;height: 22px\"><span style=\"font-size: 18px;color: #000000\">Rasva<\/span><\/td>\n<td style=\"width: 182.719px;height: 22px\"><span style=\"font-size: 18px;color: #000000\">1,1 g<\/span><\/td>\n<\/tr>\n<tr style=\"height: 20px\">\n<td style=\"width: 195.281px;height: 20px\"><span style=\"font-size: 18px;color: #000000\">josta tyydyttyneitt\u00e4<\/span><\/td>\n<td style=\"width: 182.719px;height: 20px\"><span style=\"font-size: 18px;color: #000000\">0,1 g<\/span><\/td>\n<\/tr>\n<tr style=\"height: 5px\">\n<td style=\"width: 195.281px;height: 5px\"><span style=\"font-size: 18px;color: #000000\">Hiilihydraatit<\/span><\/td>\n<td style=\"width: 182.719px;height: 5px\"><span style=\"font-size: 18px;color: #000000\">74,5 g<\/span><\/td>\n<\/tr>\n<tr style=\"height: 14px\">\n<td style=\"width: 195.281px;height: 14px\">\n<p><span style=\"font-size: 18px;color: #000000\">Sokeri<\/span><\/p>\n<p><span style=\"font-size: 18px;color: #000000\">Kuitu<\/span><\/p>\n<\/td>\n<td style=\"width: 182.719px;height: 14px\">\n<p><span style=\"font-size: 18px;color: #000000\">2,4 g<\/span><\/p>\n<p><span style=\"font-size: 18px;color: #000000\">2 g<\/span><\/p>\n<\/td>\n<\/tr>\n<tr style=\"height: 22px\">\n<td style=\"width: 195.281px;height: 22px\"><span style=\"font-size: 18px;color: #000000\">Proteiini<\/span><\/td>\n<td style=\"width: 182.719px;height: 22px\"><span style=\"font-size: 18px;color: #000000\">11 g<\/span><\/td>\n<\/tr>\n<tr style=\"height: 22px\">\n<td style=\"width: 195.281px;height: 22px\"><span style=\"font-size: 18px;color: #000000\">Suola<\/span><\/td>\n<td style=\"width: 182.719px;height: 22px\"><span style=\"font-size: 18px;color: #000000\">0,005 g<br \/><\/span><\/td>\n<\/tr>\n<\/tbody>\n<\/table>\n","protected":false},"excerpt":{"rendered":"<p>Ainesosat:\u00a0100%\u00a0durumvehn\u00e4\u00e4. S\u00e4ilytys:\u00a0Kuivassa ja viile\u00e4ss\u00e4 paikassa. Allergeeni:\u00a0Sis\u00e4lt\u00e4\u00e4 gluteenia. Ravintosis\u00e4lt\u00f6 per 100g Energia 1471 kj \/ 352 kcal Rasva 1,1 g josta<\/p>\n","protected":false},"featured_media":90303,"template":"","meta":{"om_disable_all_campaigns":false,"_monsterinsights_skip_tracking":false,"_monsterinsights_sitenote_active":false,"_monsterinsights_sitenote_note":"","_monsterinsights_sitenote_category":0},"location":[1422],"product_brand":[1423],"product_cat":[1367],"product_tag":[],"class_list":{"0":"post-49532","1":"product","2":"type-product","3":"status-publish","4":"has-post-thumbnail","6":"location-v","7":"product_brand-ararat-ari-food","8":"product_cat-pasta-en","9":"stock_type-pss-en","11":"first","12":"instock","13":"taxable","14":"shipping-taxable","15":"purchasable","16":"product-type-simple"},"aioseo_notices":[],"locations":[{"id":1422,"name":"v","slug":"v","quantity":"44"}],"_links":{"self":[{"href":"https:\/\/araratfinland.com\/en\/wp-json\/wp\/v2\/product\/49532","targetHints":{"allow":["GET"]}}],"collection":[{"href":"https:\/\/araratfinland.com\/en\/wp-json\/wp\/v2\/product"}],"about":[{"href":"https:\/\/araratfinland.com\/en\/wp-json\/wp\/v2\/types\/product"}],"version-history":[{"count":1,"href":"https:\/\/araratfinland.com\/en\/wp-json\/wp\/v2\/product\/49532\/revisions"}],"predecessor-version":[{"id":49534,"href":"https:\/\/araratfinland.com\/en\/wp-json\/wp\/v2\/product\/49532\/revisions\/49534"}],"wp:featuredmedia":[{"embeddable":true,"href":"https:\/\/araratfinland.com\/en\/wp-json\/wp\/v2\/media\/90303"}],"wp:attachment":[{"href":"https:\/\/araratfinland.com\/en\/wp-json\/wp\/v2\/media?parent=49532"}],"wp:term":[{"taxonomy":"location","embeddable":true,"href":"https:\/\/araratfinland.com\/en\/wp-json\/wp\/v2\/location?post=49532"},{"taxonomy":"product_brand","embeddable":true,"href":"https:\/\/araratfinland.com\/en\/wp-json\/wp\/v2\/product_brand?post=49532"},{"taxonomy":"product_cat","embeddable":true,"href":"https:\/\/araratfinland.com\/en\/wp-json\/wp\/v2\/product_cat?post=49532"},{"taxonomy":"product_tag","embeddable":true,"href":"https:\/\/araratfinland.com\/en\/wp-json\/wp\/v2\/product_tag?post=49532"}],"curies":[{"name":"wp","href":"https:\/\/api.w.org\/{rel}","templated":true}]}}