{"id":49476,"date":"2024-06-13T13:22:09","date_gmt":"2024-06-13T10:22:09","guid":{"rendered":"https:\/\/araratfinland.com\/?post_type=product&#038;p=49476"},"modified":"2025-02-13T11:19:08","modified_gmt":"2025-02-13T09:19:08","slug":"naz-red-garlic-pickled-580g","status":"publish","type":"product","link":"https:\/\/araratfinland.com\/en\/product\/naz-red-garlic-pickled-580g\/","title":{"rendered":"Naz Red Garlic Pickled 580g"},"content":{"rendered":"<div><span style=\"font-size: 18px\"><strong>Naz Pickled Red Garlic 580g<\/strong><\/span><\/p>\n<\/div>\n<div><span style=\"font-size: 18px\"><strong>Ainekset<\/strong>: Valkosipuli, vesi, suola, punaista etikkaa.<br \/><\/span> <strong><span class=\"Y2IQFc\" lang=\"fi\" style=\"font-size: 18px\">past\u00f6roitu<\/span><\/strong> <\/div>\n<div><span style=\"font-size: 18px\"><strong>S\u00e4ilytys<\/strong>: S\u00e4ilyt\u00e4 viile\u00e4ss\u00e4 ja kuivassa j\u00e4\u00e4kaapissa<\/span><\/div>\n<div><span style=\"font-size: 18px\">avaamisen j\u00e4lkeen.<\/span><\/p>\n<\/div>\n<div><span style=\"font-size: 18px\">Ravitsemuksen viitearvo perustuu<\/span><\/div>\n<div><span style=\"font-size: 18px\">keskim\u00e4\u00e4r\u00e4isen aikuisen vertailusaantoon<\/span><\/div>\n<div><span style=\"font-size: 18px\">(8400kj \/ 2000kcal).<\/span><\/p>\n<\/div>\n<div><span style=\"font-size: 18px\"><strong>Parasta ennen:<\/strong> Tarkista tuotteen kansi.<\/span><\/p>\n<\/div>\n<div><span style=\"font-size: 18px\"><strong>Ravitoarvot per 30 g<\/strong>: Energia 13,35 kcal,<\/span><\/div>\n<div><span style=\"font-size: 18px\">proteiini 0,78g, natrium 0,78g, hiilihydraatit 2,55g,<\/span><\/div>\n<div><span style=\"font-size: 18px\">josta sokereita 1,29g<\/span>.<\/div>\n","protected":false},"excerpt":{"rendered":"<p>Naz Pickled Red Garlic 580g Ainekset: Valkosipuli, vesi, suola, punaista etikkaa. past\u00f6roitu S\u00e4ilytys: S\u00e4ilyt\u00e4 viile\u00e4ss\u00e4 ja kuivassa j\u00e4\u00e4kaapissa avaamisen j\u00e4lkeen.<\/p>\n","protected":false},"featured_media":70145,"template":"","meta":{"om_disable_all_campaigns":false,"_monsterinsights_skip_tracking":false,"_monsterinsights_sitenote_active":false,"_monsterinsights_sitenote_note":"","_monsterinsights_sitenote_category":0},"location":[1422],"product_brand":[1423],"product_cat":[1360],"product_tag":[],"class_list":{"0":"post-49476","1":"product","2":"type-product","3":"status-publish","4":"has-post-thumbnail","6":"location-v","7":"product_brand-ararat-ari-food","8":"product_cat-silykeetvihannekset-fi","9":"stock_type-kpl-en","11":"first","12":"instock","13":"taxable","14":"shipping-taxable","15":"purchasable","16":"product-type-simple"},"aioseo_notices":[],"locations":[{"id":1422,"name":"v","slug":"v","quantity":"55"}],"_links":{"self":[{"href":"https:\/\/araratfinland.com\/en\/wp-json\/wp\/v2\/product\/49476","targetHints":{"allow":["GET"]}}],"collection":[{"href":"https:\/\/araratfinland.com\/en\/wp-json\/wp\/v2\/product"}],"about":[{"href":"https:\/\/araratfinland.com\/en\/wp-json\/wp\/v2\/types\/product"}],"version-history":[{"count":3,"href":"https:\/\/araratfinland.com\/en\/wp-json\/wp\/v2\/product\/49476\/revisions"}],"predecessor-version":[{"id":57898,"href":"https:\/\/araratfinland.com\/en\/wp-json\/wp\/v2\/product\/49476\/revisions\/57898"}],"wp:featuredmedia":[{"embeddable":true,"href":"https:\/\/araratfinland.com\/en\/wp-json\/wp\/v2\/media\/70145"}],"wp:attachment":[{"href":"https:\/\/araratfinland.com\/en\/wp-json\/wp\/v2\/media?parent=49476"}],"wp:term":[{"taxonomy":"location","embeddable":true,"href":"https:\/\/araratfinland.com\/en\/wp-json\/wp\/v2\/location?post=49476"},{"taxonomy":"product_brand","embeddable":true,"href":"https:\/\/araratfinland.com\/en\/wp-json\/wp\/v2\/product_brand?post=49476"},{"taxonomy":"product_cat","embeddable":true,"href":"https:\/\/araratfinland.com\/en\/wp-json\/wp\/v2\/product_cat?post=49476"},{"taxonomy":"product_tag","embeddable":true,"href":"https:\/\/araratfinland.com\/en\/wp-json\/wp\/v2\/product_tag?post=49476"}],"curies":[{"name":"wp","href":"https:\/\/api.w.org\/{rel}","templated":true}]}}