{"id":49088,"date":"2024-06-11T11:15:59","date_gmt":"2024-06-11T08:15:59","guid":{"rendered":"https:\/\/araratfinland.com\/?post_type=product&#038;p=49088"},"modified":"2025-10-20T13:18:28","modified_gmt":"2025-10-20T10:18:28","slug":"nc-pottage-macaroni-500-g","status":"publish","type":"product","link":"https:\/\/araratfinland.com\/en\/product\/nc-pottage-macaroni-500-g\/","title":{"rendered":"NC pottage macaroni 500 g"},"content":{"rendered":"<h4><span style=\"font-size: 19px;color: #000000\"><strong>Pottage makaroni.<\/strong><\/span><\/h4>\n<h4><span style=\"font-size: 19px;color: #000000\"><strong>Ainesosat: Jauho, <\/strong>vesi, suola.<\/span><\/h4>\n<h4><span style=\"font-size: 19px;color: #000000\"><strong>S\u00e4ilytys:<\/strong> Avaamisen j\u00e4lkeen s\u00e4ilyt\u00e4<br \/>j\u00e4\u00e4kaapissa.<\/span><\/h4>\n<table style=\"width: 370.469px\">\n<tbody>\n<tr style=\"height: 23px\">\n<td style=\"width: 358.469px;height: 23px\" colspan=\"2\"><span style=\"font-size: 19px;color: #000000\"><strong>Ravintosis\u00e4lt\u00f6 per 100g<\/strong><\/span><\/td>\n<\/tr>\n<\/tbody>\n<tbody>\n<tr style=\"height: 24.8125px\">\n<td style=\"width: 216px;height: 24.8125px\"><span style=\"font-size: 19px;color: #000000\">Energia<\/span><\/td>\n<td style=\"width: 142.469px;height: 24.8125px\"><span style=\"font-size: 19px;color: #000000\">84 kj \/ 5 kcal<\/span><\/td>\n<\/tr>\n<tr style=\"height: 23px\">\n<td style=\"width: 216px;height: 23px\"><span style=\"font-size: 19px;color: #000000\">Rasva<\/span><\/td>\n<td style=\"width: 142.469px;height: 23px\"><span style=\"font-size: 19px;color: #000000\">0\/425 g<\/span><\/td>\n<\/tr>\n<tr style=\"height: 46px\">\n<td style=\"width: 216px;height: 46px\"><span style=\"font-size: 19px;color: #000000\">josta tyydyttyneitt\u00e4<\/span><\/td>\n<td style=\"width: 142.469px;height: 46px\"><span style=\"font-size: 19px;color: #000000\"><\/p>\n","protected":false},"excerpt":{"rendered":"<p>Pottage makaroni. Ainesosat: Jauho, vesi, suola. S\u00e4ilytys: Avaamisen j\u00e4lkeen s\u00e4ilyt\u00e4j\u00e4\u00e4kaapissa. Ravintosis\u00e4lt\u00f6 per 100g Energia 84 kj \/ 5 kcal Rasva<\/p>\n","protected":false},"featured_media":97767,"template":"","meta":{"om_disable_all_campaigns":false,"_monsterinsights_skip_tracking":false,"_monsterinsights_sitenote_active":false,"_monsterinsights_sitenote_note":"","_monsterinsights_sitenote_category":0},"location":[1422],"product_brand":[1423],"product_cat":[1448],"product_tag":[],"class_list":{"0":"post-49088","1":"product","2":"type-product","3":"status-publish","4":"has-post-thumbnail","6":"location-v","7":"product_brand-ararat-ari-food","8":"product_cat-kuiva-tuotteet-en-2","9":"stock_type-kpl-en","11":"first","12":"instock","13":"taxable","14":"shipping-taxable","15":"purchasable","16":"product-type-simple"},"aioseo_notices":[],"locations":[{"id":1422,"name":"v","slug":"v","quantity":"0"}],"_links":{"self":[{"href":"https:\/\/araratfinland.com\/en\/wp-json\/wp\/v2\/product\/49088","targetHints":{"allow":["GET"]}}],"collection":[{"href":"https:\/\/araratfinland.com\/en\/wp-json\/wp\/v2\/product"}],"about":[{"href":"https:\/\/araratfinland.com\/en\/wp-json\/wp\/v2\/types\/product"}],"version-history":[{"count":1,"href":"https:\/\/araratfinland.com\/en\/wp-json\/wp\/v2\/product\/49088\/revisions"}],"predecessor-version":[{"id":49091,"href":"https:\/\/araratfinland.com\/en\/wp-json\/wp\/v2\/product\/49088\/revisions\/49091"}],"wp:featuredmedia":[{"embeddable":true,"href":"https:\/\/araratfinland.com\/en\/wp-json\/wp\/v2\/media\/97767"}],"wp:attachment":[{"href":"https:\/\/araratfinland.com\/en\/wp-json\/wp\/v2\/media?parent=49088"}],"wp:term":[{"taxonomy":"location","embeddable":true,"href":"https:\/\/araratfinland.com\/en\/wp-json\/wp\/v2\/location?post=49088"},{"taxonomy":"product_brand","embeddable":true,"href":"https:\/\/araratfinland.com\/en\/wp-json\/wp\/v2\/product_brand?post=49088"},{"taxonomy":"product_cat","embeddable":true,"href":"https:\/\/araratfinland.com\/en\/wp-json\/wp\/v2\/product_cat?post=49088"},{"taxonomy":"product_tag","embeddable":true,"href":"https:\/\/araratfinland.com\/en\/wp-json\/wp\/v2\/product_tag?post=49088"}],"curies":[{"name":"wp","href":"https:\/\/api.w.org\/{rel}","templated":true}]}}