{"id":48591,"date":"2024-06-07T20:50:28","date_gmt":"2024-06-07T17:50:28","guid":{"rendered":"https:\/\/araratfinland.com\/product\/lago-cappuccino-wafers-250g\/"},"modified":"2025-10-16T15:02:31","modified_gmt":"2025-10-16T12:02:31","slug":"lago-cappuccino-wafers-250g","status":"publish","type":"product","link":"https:\/\/araratfinland.com\/en\/product\/lago-cappuccino-wafers-250g\/","title":{"rendered":"Lago Party Wafers Cappuccino 250g"},"content":{"rendered":"<p data-start=\"123\" data-end=\"479\"><strong data-start=\"123\" data-end=\"161\">Kappuccino-vohveli (74 % t\u00e4ytett\u00e4)<\/strong><br data-start=\"161\" data-end=\"164\" \/> <strong data-start=\"164\" data-end=\"178\">Ainesosat:<\/strong> vehn\u00e4jauho, kookos\u00f6ljy, sokeri, glukoosisiirappi, herajauhe (maito) (8,4 % t\u00e4ytteess\u00e4), v\u00e4h\u00e4rasvainen kaakaojauhe, emulgointiaine: soijalesitiini, aromit, kahvijauhe (0,3 % t\u00e4ytteess\u00e4), suola, kohotusaine: natriumkarbonaatti.<br data-start=\"404\" data-end=\"407\" \/> <strong data-start=\"407\" data-end=\"435\">Saattaa sis\u00e4lt\u00e4\u00e4 j\u00e4\u00e4mi\u00e4:<\/strong> maap\u00e4hkin\u00e4, p\u00e4hkin\u00e4t, kananmuna, sinappi.<\/p>\n<p data-start=\"481\" data-end=\"519\"><strong data-start=\"481\" data-end=\"494\">S\u00e4ilytys:<\/strong> viile\u00e4ss\u00e4 ja kuivassa.<\/p>\n<p data-start=\"521\" data-end=\"618\"><strong data-start=\"521\" data-end=\"546\">Valmistettu Italiassa<\/strong> \u2013 Lago Group S.p.A., Via Roma 24, 35015 Galliera Veneta (PD), Italia.<\/p>\n","protected":false},"excerpt":{"rendered":"<p>Kappuccino-vohveli (74 % t\u00e4ytett\u00e4) Ainesosat: vehn\u00e4jauho, kookos\u00f6ljy, sokeri, glukoosisiirappi, herajauhe (maito) (8,4 % t\u00e4ytteess\u00e4), v\u00e4h\u00e4rasvainen kaakaojauhe, emulgointiaine: soijalesitiini, aromit, kahvijauhe<\/p>\n","protected":false},"featured_media":97030,"template":"","meta":{"om_disable_all_campaigns":false,"_monsterinsights_skip_tracking":false,"_monsterinsights_sitenote_active":false,"_monsterinsights_sitenote_note":"","_monsterinsights_sitenote_category":0},"location":[1422],"product_brand":[1423],"product_cat":[1326],"product_tag":[],"class_list":{"0":"post-48591","1":"product","2":"type-product","3":"status-publish","4":"has-post-thumbnail","6":"location-v","7":"product_brand-ararat-ari-food","8":"product_cat-keksit-leivokset-fi","9":"stock_type-kpl-en","11":"first","12":"instock","13":"taxable","14":"shipping-taxable","15":"purchasable","16":"product-type-simple"},"aioseo_notices":[],"locations":[{"id":1422,"name":"v","slug":"v","quantity":"55"}],"_links":{"self":[{"href":"https:\/\/araratfinland.com\/en\/wp-json\/wp\/v2\/product\/48591","targetHints":{"allow":["GET"]}}],"collection":[{"href":"https:\/\/araratfinland.com\/en\/wp-json\/wp\/v2\/product"}],"about":[{"href":"https:\/\/araratfinland.com\/en\/wp-json\/wp\/v2\/types\/product"}],"version-history":[{"count":2,"href":"https:\/\/araratfinland.com\/en\/wp-json\/wp\/v2\/product\/48591\/revisions"}],"predecessor-version":[{"id":84545,"href":"https:\/\/araratfinland.com\/en\/wp-json\/wp\/v2\/product\/48591\/revisions\/84545"}],"wp:featuredmedia":[{"embeddable":true,"href":"https:\/\/araratfinland.com\/en\/wp-json\/wp\/v2\/media\/97030"}],"wp:attachment":[{"href":"https:\/\/araratfinland.com\/en\/wp-json\/wp\/v2\/media?parent=48591"}],"wp:term":[{"taxonomy":"location","embeddable":true,"href":"https:\/\/araratfinland.com\/en\/wp-json\/wp\/v2\/location?post=48591"},{"taxonomy":"product_brand","embeddable":true,"href":"https:\/\/araratfinland.com\/en\/wp-json\/wp\/v2\/product_brand?post=48591"},{"taxonomy":"product_cat","embeddable":true,"href":"https:\/\/araratfinland.com\/en\/wp-json\/wp\/v2\/product_cat?post=48591"},{"taxonomy":"product_tag","embeddable":true,"href":"https:\/\/araratfinland.com\/en\/wp-json\/wp\/v2\/product_tag?post=48591"}],"curies":[{"name":"wp","href":"https:\/\/api.w.org\/{rel}","templated":true}]}}