{"id":47728,"date":"2024-06-05T13:28:09","date_gmt":"2024-06-05T10:28:09","guid":{"rendered":"https:\/\/araratfinland.com\/?post_type=product&#038;p=47728"},"modified":"2025-09-05T13:35:57","modified_gmt":"2025-09-05T10:35:57","slug":"abido-suxhuk-maustesekoitus10x50g","status":"publish","type":"product","link":"https:\/\/araratfinland.com\/en\/product\/abido-suxhuk-maustesekoitus10x50g\/","title":{"rendered":"Abido Suxhuk Maustesekoitus10x50g"},"content":{"rendered":"<p style=\"margin: 0px 0px 25px;padding: 0px;border: 0px;vertical-align: baseline;line-height: inherit\"><span style=\"margin: 0px;padding: 0px;border: 0px;vertical-align: baseline;line-height: inherit\"><span style=\"font-family: Inter, Arial, Helvetica, sans-serif\">Suxhuk Maustesekoitus<br \/><\/span><br \/><span style=\"font-family: inherit\"><span style=\"font-style: inherit;font-weight: inherit\">Ainekset: <\/span><\/span><\/span><span style=\"margin: 0px;padding: 0px;border: 0px;vertical-align: baseline;font-style: inherit;font-variant: inherit;font-weight: inherit;line-height: inherit;font-family: inherit;font-size: 12px\"><span style=\"margin: 0px;padding: 0px;border: 0px;vertical-align: baseline;font-style: inherit;font-variant: inherit;font-weight: inherit;line-height: inherit;font-family: inherit\">Sarviapilalla, pippuri, punainen chili, kumina ja suola<\/p>\n<p><\/span><\/span><span style=\"margin: 0px;padding: 0px;border: 0px;vertical-align: baseline;font-style: inherit;font-variant: inherit;font-weight: inherit;line-height: inherit;font-family: inherit\">S\u00e4ilytys:<\/span>\u00a0Pid\u00e4 viile\u00e4ss\u00e4 ja kuivassa paikassa.<\/p>\n","protected":false},"excerpt":{"rendered":"<p>Suxhuk MaustesekoitusAinekset: Sarviapilalla, pippuri, punainen chili, kumina ja suola S\u00e4ilytys:\u00a0Pid\u00e4 viile\u00e4ss\u00e4 ja kuivassa paikassa.<\/p>\n","protected":false},"featured_media":87477,"template":"","meta":{"om_disable_all_campaigns":false,"_monsterinsights_skip_tracking":false,"_monsterinsights_sitenote_active":false,"_monsterinsights_sitenote_note":"","_monsterinsights_sitenote_category":0},"location":[1422],"product_brand":[1423],"product_cat":[1477],"product_tag":[],"class_list":{"0":"post-47728","1":"product","2":"type-product","3":"status-publish","4":"has-post-thumbnail","6":"location-v","7":"product_brand-ararat-ari-food","8":"product_cat-mausteet-en-2","9":"stock_type-pcs-en","11":"first","12":"instock","13":"taxable","14":"shipping-taxable","15":"purchasable","16":"product-type-simple"},"aioseo_notices":[],"locations":[{"id":1422,"name":"v","slug":"v","quantity":"23"}],"_links":{"self":[{"href":"https:\/\/araratfinland.com\/en\/wp-json\/wp\/v2\/product\/47728","targetHints":{"allow":["GET"]}}],"collection":[{"href":"https:\/\/araratfinland.com\/en\/wp-json\/wp\/v2\/product"}],"about":[{"href":"https:\/\/araratfinland.com\/en\/wp-json\/wp\/v2\/types\/product"}],"version-history":[{"count":2,"href":"https:\/\/araratfinland.com\/en\/wp-json\/wp\/v2\/product\/47728\/revisions"}],"predecessor-version":[{"id":77638,"href":"https:\/\/araratfinland.com\/en\/wp-json\/wp\/v2\/product\/47728\/revisions\/77638"}],"wp:featuredmedia":[{"embeddable":true,"href":"https:\/\/araratfinland.com\/en\/wp-json\/wp\/v2\/media\/87477"}],"wp:attachment":[{"href":"https:\/\/araratfinland.com\/en\/wp-json\/wp\/v2\/media?parent=47728"}],"wp:term":[{"taxonomy":"location","embeddable":true,"href":"https:\/\/araratfinland.com\/en\/wp-json\/wp\/v2\/location?post=47728"},{"taxonomy":"product_brand","embeddable":true,"href":"https:\/\/araratfinland.com\/en\/wp-json\/wp\/v2\/product_brand?post=47728"},{"taxonomy":"product_cat","embeddable":true,"href":"https:\/\/araratfinland.com\/en\/wp-json\/wp\/v2\/product_cat?post=47728"},{"taxonomy":"product_tag","embeddable":true,"href":"https:\/\/araratfinland.com\/en\/wp-json\/wp\/v2\/product_tag?post=47728"}],"curies":[{"name":"wp","href":"https:\/\/api.w.org\/{rel}","templated":true}]}}