{"id":47716,"date":"2024-06-05T13:28:06","date_gmt":"2024-06-05T10:28:06","guid":{"rendered":"https:\/\/araratfinland.com\/?post_type=product&#038;p=47716"},"modified":"2025-09-05T13:36:27","modified_gmt":"2025-09-05T10:36:27","slug":"abido-fennikel-10x50g","status":"publish","type":"product","link":"https:\/\/araratfinland.com\/en\/product\/abido-fennikel-10x50g\/","title":{"rendered":"Abido Fennikel 10x50g"},"content":{"rendered":"<p style=\"margin: 0px 0px 25px;padding: 0px;border: 0px;vertical-align: baseline;line-height: inherit;font-family: Inter, Arial, Helvetica, sans-serif;font-size: 14px;color: #413838\"><span style=\"margin: 0px;padding: 0px;border: 0px;vertical-align: baseline;font-style: inherit;font-variant: inherit;font-weight: inherit;line-height: inherit;font-family: inherit;font-size: 15px;color: #000000\">Fennikel<\/span><\/p>\n<p style=\"margin: 0px 0px 25px;padding: 0px;border: 0px;vertical-align: baseline;line-height: inherit;font-family: Inter, Arial, Helvetica, sans-serif;font-size: 14px;color: #413838\"><span style=\"margin: 0px;padding: 0px;border: 0px;vertical-align: baseline;font-style: inherit;font-variant: inherit;font-weight: inherit;line-height: inherit;font-family: inherit;font-size: 15px;color: #000000\">Ainekset: Fennikel<\/span><\/p>\n<h4 style=\"margin: 5px 0px 10px;padding: 0px;border: 0px;vertical-align: baseline;font-weight: var(--wd-title-font-weight);line-height: 1.1;font-family: var(--wd-title-font);font-size: 14px;color: var(--wd-title-color)\"><span style=\"margin: 0px;padding: 0px;border: 0px;vertical-align: baseline;font-style: inherit;font-variant: inherit;font-weight: inherit;line-height: inherit;font-family: inherit;font-size: 15px\"><span style=\"margin: 0px;padding: 0px;border: 0px;vertical-align: baseline;font-style: inherit;font-variant: inherit;font-weight: inherit;line-height: inherit;font-family: inherit\">S\u00e4ilytys:<\/span>\u00a0Pid\u00e4 viile\u00e4ss\u00e4 ja kuivassa paikassa.<\/span><\/h4>\n","protected":false},"excerpt":{"rendered":"<p>Fennikel Ainekset: Fennikel S\u00e4ilytys:\u00a0Pid\u00e4 viile\u00e4ss\u00e4 ja kuivassa paikassa.<\/p>\n","protected":false},"featured_media":87507,"template":"","meta":{"om_disable_all_campaigns":false,"_monsterinsights_skip_tracking":false,"_monsterinsights_sitenote_active":false,"_monsterinsights_sitenote_note":"","_monsterinsights_sitenote_category":0},"location":[1422],"product_brand":[1423],"product_cat":[1477],"product_tag":[],"class_list":{"0":"post-47716","1":"product","2":"type-product","3":"status-publish","4":"has-post-thumbnail","6":"location-v","7":"product_brand-ararat-ari-food","8":"product_cat-mausteet-en-2","9":"stock_type-ltk-en","11":"first","12":"instock","13":"taxable","14":"shipping-taxable","15":"purchasable","16":"product-type-simple"},"aioseo_notices":[],"locations":[{"id":1422,"name":"v","slug":"v","quantity":"3"}],"_links":{"self":[{"href":"https:\/\/araratfinland.com\/en\/wp-json\/wp\/v2\/product\/47716","targetHints":{"allow":["GET"]}}],"collection":[{"href":"https:\/\/araratfinland.com\/en\/wp-json\/wp\/v2\/product"}],"about":[{"href":"https:\/\/araratfinland.com\/en\/wp-json\/wp\/v2\/types\/product"}],"version-history":[{"count":2,"href":"https:\/\/araratfinland.com\/en\/wp-json\/wp\/v2\/product\/47716\/revisions"}],"predecessor-version":[{"id":64341,"href":"https:\/\/araratfinland.com\/en\/wp-json\/wp\/v2\/product\/47716\/revisions\/64341"}],"wp:featuredmedia":[{"embeddable":true,"href":"https:\/\/araratfinland.com\/en\/wp-json\/wp\/v2\/media\/87507"}],"wp:attachment":[{"href":"https:\/\/araratfinland.com\/en\/wp-json\/wp\/v2\/media?parent=47716"}],"wp:term":[{"taxonomy":"location","embeddable":true,"href":"https:\/\/araratfinland.com\/en\/wp-json\/wp\/v2\/location?post=47716"},{"taxonomy":"product_brand","embeddable":true,"href":"https:\/\/araratfinland.com\/en\/wp-json\/wp\/v2\/product_brand?post=47716"},{"taxonomy":"product_cat","embeddable":true,"href":"https:\/\/araratfinland.com\/en\/wp-json\/wp\/v2\/product_cat?post=47716"},{"taxonomy":"product_tag","embeddable":true,"href":"https:\/\/araratfinland.com\/en\/wp-json\/wp\/v2\/product_tag?post=47716"}],"curies":[{"name":"wp","href":"https:\/\/api.w.org\/{rel}","templated":true}]}}