{"id":47442,"date":"2024-06-05T13:27:06","date_gmt":"2024-06-05T10:27:06","guid":{"rendered":"https:\/\/araratfinland.com\/product\/abido-inkivaari-10x50g-2\/"},"modified":"2025-10-17T12:05:18","modified_gmt":"2025-10-17T09:05:18","slug":"abido-inkivaari-10x50g-2","status":"publish","type":"product","link":"https:\/\/araratfinland.com\/en\/product\/abido-inkivaari-10x50g-2\/","title":{"rendered":"Abido inkiv\u00e4\u00e4ri 10x50g"},"content":{"rendered":"<h4 style=\"font-family: var(--wd-title-font);font-weight: var(--wd-title-font-weight);line-height: 1.4;color: var(--wd-title-color);margin: 0px 0px var(--wd-tags-mb) 0px;font-size: 18px;padding: 0px;border: 0px;vertical-align: baseline\"><span style=\"margin: 0px;padding: 0px;border: 0px;vertical-align: baseline;font-style: inherit;font-variant: inherit;font-weight: inherit;line-height: inherit;font-family: inherit;font-size: 19px\"><span style=\"margin: 0px;padding: 0px;border: 0px;vertical-align: baseline;font-style: inherit;font-variant: inherit;font-weight: 600;line-height: inherit;font-family: inherit\">Inkiv\u00e4\u00e4ri\u00a0<\/span><\/span><\/h4>\n<h4 style=\"font-family: var(--wd-title-font);font-weight: var(--wd-title-font-weight);line-height: 1.4;color: var(--wd-title-color);margin: 0px 0px var(--wd-tags-mb) 0px;font-size: 18px;padding: 0px;border: 0px;vertical-align: baseline\"><span style=\"margin: 0px;padding: 0px;border: 0px;vertical-align: baseline;font-style: inherit;font-variant: inherit;font-weight: inherit;line-height: inherit;font-family: inherit;font-size: 19px\"><span style=\"margin: 0px;padding: 0px;border: 0px;vertical-align: baseline;font-style: inherit;font-variant: inherit;font-weight: 600;line-height: inherit;font-family: inherit\">Ainesosat:<\/span>\u00a0Inkiv\u00e4\u00e4ri\u00a0<\/span><\/h4>\n<h4 style=\"font-family: var(--wd-title-font);font-weight: var(--wd-title-font-weight);line-height: 1.4;color: var(--wd-title-color);margin: 0px 0px var(--wd-tags-mb) 0px;font-size: 18px;padding: 0px;border: 0px;vertical-align: baseline\"><span style=\"margin: 0px;padding: 0px;border: 0px;vertical-align: baseline;font-style: inherit;font-variant: inherit;font-weight: inherit;line-height: inherit;font-family: inherit;font-size: 19px\"><span style=\"margin: 0px;padding: 0px;border: 0px;vertical-align: baseline;font-style: inherit;font-variant: inherit;font-weight: 600;line-height: inherit;font-family: inherit\">S\u00e4ilytys:<\/span>\u00a0Pid\u00e4 viile\u00e4ss\u00e4 ja kuivassa paikassa.<\/span><\/h4>\n","protected":false},"excerpt":{"rendered":"<p>Inkiv\u00e4\u00e4ri\u00a0 Ainesosat:\u00a0Inkiv\u00e4\u00e4ri\u00a0 S\u00e4ilytys:\u00a0Pid\u00e4 viile\u00e4ss\u00e4 ja kuivassa paikassa.<\/p>\n","protected":false},"featured_media":97265,"template":"","meta":{"om_disable_all_campaigns":false,"_monsterinsights_skip_tracking":false,"_monsterinsights_sitenote_active":false,"_monsterinsights_sitenote_note":"","_monsterinsights_sitenote_category":0},"location":[1422],"product_brand":[1423],"product_cat":[1477],"product_tag":[],"class_list":{"0":"post-47442","1":"product","2":"type-product","3":"status-publish","4":"has-post-thumbnail","6":"location-v","7":"product_brand-ararat-ari-food","8":"product_cat-mausteet-en-2","9":"stock_type-pcs-en","11":"first","12":"instock","13":"taxable","14":"shipping-taxable","15":"purchasable","16":"product-type-simple"},"aioseo_notices":[],"locations":[{"id":1422,"name":"v","slug":"v","quantity":"25"}],"_links":{"self":[{"href":"https:\/\/araratfinland.com\/en\/wp-json\/wp\/v2\/product\/47442","targetHints":{"allow":["GET"]}}],"collection":[{"href":"https:\/\/araratfinland.com\/en\/wp-json\/wp\/v2\/product"}],"about":[{"href":"https:\/\/araratfinland.com\/en\/wp-json\/wp\/v2\/types\/product"}],"version-history":[{"count":1,"href":"https:\/\/araratfinland.com\/en\/wp-json\/wp\/v2\/product\/47442\/revisions"}],"predecessor-version":[{"id":74073,"href":"https:\/\/araratfinland.com\/en\/wp-json\/wp\/v2\/product\/47442\/revisions\/74073"}],"wp:featuredmedia":[{"embeddable":true,"href":"https:\/\/araratfinland.com\/en\/wp-json\/wp\/v2\/media\/97265"}],"wp:attachment":[{"href":"https:\/\/araratfinland.com\/en\/wp-json\/wp\/v2\/media?parent=47442"}],"wp:term":[{"taxonomy":"location","embeddable":true,"href":"https:\/\/araratfinland.com\/en\/wp-json\/wp\/v2\/location?post=47442"},{"taxonomy":"product_brand","embeddable":true,"href":"https:\/\/araratfinland.com\/en\/wp-json\/wp\/v2\/product_brand?post=47442"},{"taxonomy":"product_cat","embeddable":true,"href":"https:\/\/araratfinland.com\/en\/wp-json\/wp\/v2\/product_cat?post=47442"},{"taxonomy":"product_tag","embeddable":true,"href":"https:\/\/araratfinland.com\/en\/wp-json\/wp\/v2\/product_tag?post=47442"}],"curies":[{"name":"wp","href":"https:\/\/api.w.org\/{rel}","templated":true}]}}