{"id":47410,"date":"2024-06-05T13:26:58","date_gmt":"2024-06-05T10:26:58","guid":{"rendered":"https:\/\/araratfinland.com\/product\/abido-kanaburger-mauste-10x50g-2\/"},"modified":"2025-09-05T13:36:16","modified_gmt":"2025-09-05T10:36:16","slug":"abido-kanaburger-mauste-10x50g-2","status":"publish","type":"product","link":"https:\/\/araratfinland.com\/en\/product\/abido-kanaburger-mauste-10x50g-2\/","title":{"rendered":"Abido kanaburger mauste 10x50g"},"content":{"rendered":"<p style=\"margin: 0px 0px 25px;padding: 0px;border: 0px;vertical-align: baseline;line-height: inherit;font-family: Inter, Arial, Helvetica, sans-serif;font-size: 14px;color: #413838\"><span style=\"margin: 0px;padding: 0px;border: 0px;vertical-align: baseline;font-style: inherit;font-variant: inherit;font-weight: inherit;line-height: inherit;font-family: inherit;font-size: 15px;color: #000000\">Hampurilais Mausteseos<\/p>\n<p>Ainekset: Maustepippuri, mustapippuri, kaneli, veikselinkirsikka, inkiv\u00e4ri, neilikka, kardemumma<\/span><\/p>\n<h4 style=\"margin: 5px 0px 10px;padding: 0px;border: 0px;vertical-align: baseline;font-weight: var(--wd-title-font-weight);line-height: 1.1;font-family: var(--wd-title-font);font-size: 14px;color: var(--wd-title-color)\"><span style=\"margin: 0px;padding: 0px;border: 0px;vertical-align: baseline;font-style: inherit;font-variant: inherit;font-weight: inherit;line-height: inherit;font-family: inherit;font-size: 15px\"><span style=\"margin: 0px;padding: 0px;border: 0px;vertical-align: baseline;font-style: inherit;font-variant: inherit;font-weight: inherit;line-height: inherit;font-family: inherit\">S\u00e4ilytys:<\/span>\u00a0Pid\u00e4 viile\u00e4ss\u00e4 ja kuivassa paikassa.<\/span><\/h4>\n","protected":false},"excerpt":{"rendered":"<p>Hampurilais Mausteseos Ainekset: Maustepippuri, mustapippuri, kaneli, veikselinkirsikka, inkiv\u00e4ri, neilikka, kardemumma S\u00e4ilytys:\u00a0Pid\u00e4 viile\u00e4ss\u00e4 ja kuivassa paikassa.<\/p>\n","protected":false},"featured_media":87494,"template":"","meta":{"om_disable_all_campaigns":false,"_monsterinsights_skip_tracking":false,"_monsterinsights_sitenote_active":false,"_monsterinsights_sitenote_note":"","_monsterinsights_sitenote_category":0},"location":[1422],"product_brand":[1423],"product_cat":[1477],"product_tag":[],"class_list":{"0":"post-47410","1":"product","2":"type-product","3":"status-publish","4":"has-post-thumbnail","6":"location-v","7":"product_brand-ararat-ari-food","8":"product_cat-mausteet-en-2","9":"stock_type-ltk-en","11":"first","12":"instock","13":"taxable","14":"shipping-taxable","15":"purchasable","16":"product-type-simple"},"aioseo_notices":[],"locations":[{"id":1422,"name":"v","slug":"v","quantity":"53"}],"_links":{"self":[{"href":"https:\/\/araratfinland.com\/en\/wp-json\/wp\/v2\/product\/47410","targetHints":{"allow":["GET"]}}],"collection":[{"href":"https:\/\/araratfinland.com\/en\/wp-json\/wp\/v2\/product"}],"about":[{"href":"https:\/\/araratfinland.com\/en\/wp-json\/wp\/v2\/types\/product"}],"version-history":[{"count":1,"href":"https:\/\/araratfinland.com\/en\/wp-json\/wp\/v2\/product\/47410\/revisions"}],"predecessor-version":[{"id":87496,"href":"https:\/\/araratfinland.com\/en\/wp-json\/wp\/v2\/product\/47410\/revisions\/87496"}],"wp:featuredmedia":[{"embeddable":true,"href":"https:\/\/araratfinland.com\/en\/wp-json\/wp\/v2\/media\/87494"}],"wp:attachment":[{"href":"https:\/\/araratfinland.com\/en\/wp-json\/wp\/v2\/media?parent=47410"}],"wp:term":[{"taxonomy":"location","embeddable":true,"href":"https:\/\/araratfinland.com\/en\/wp-json\/wp\/v2\/location?post=47410"},{"taxonomy":"product_brand","embeddable":true,"href":"https:\/\/araratfinland.com\/en\/wp-json\/wp\/v2\/product_brand?post=47410"},{"taxonomy":"product_cat","embeddable":true,"href":"https:\/\/araratfinland.com\/en\/wp-json\/wp\/v2\/product_cat?post=47410"},{"taxonomy":"product_tag","embeddable":true,"href":"https:\/\/araratfinland.com\/en\/wp-json\/wp\/v2\/product_tag?post=47410"}],"curies":[{"name":"wp","href":"https:\/\/api.w.org\/{rel}","templated":true}]}}