{"id":47382,"date":"2024-06-05T13:26:51","date_gmt":"2024-06-05T10:26:51","guid":{"rendered":"https:\/\/araratfinland.com\/product\/abido-crispy-cover-mix-500-g\/"},"modified":"2025-09-05T13:51:50","modified_gmt":"2025-09-05T10:51:50","slug":"abido-crispy-cover-mix-500-g","status":"publish","type":"product","link":"https:\/\/araratfinland.com\/en\/product\/abido-crispy-cover-mix-500-g\/","title":{"rendered":"Abido crispy cover mix 500 g"},"content":{"rendered":"<h4><span style=\"font-size: 19px\"><span style=\"font-size: 20px\"><strong style=\"font-size: 19px\">Ainesosat: Vehn\u00e4jauho,\u00a0<\/strong>valkoinen pippuri,<\/span><br \/><span style=\"font-size: 20px\">suola, maissit\u00e4rkkelys, stabiliointiaine (E450),<\/span><br \/><span style=\"font-size: 20px\">natriumkarbonaati (E500) sokeri, mastik,<br \/>mausteet:\u00a0<\/span><span style=\"font-size: 20px\">(sipuli, valkosipuli, persilja ja<br \/>kurkuma),\u00a0<\/span><span style=\"font-size: 20px\">moninatriumglutamaatti (E621).<\/span><strong><br \/><\/strong><\/span><\/h4>\n<h4><span style=\"font-size: 18px\"><span style=\"font-size: 20px\"><strong>Saattaa sis\u00e4lt\u00e4\u00e4:\u00a0Vehn\u00e4, seesami,\u00a0sinappi.<\/strong><br \/><\/span><\/span><\/h4>\n<h4><span style=\"font-size: 19px\"><span style=\"font-size: 20px\"><strong>S\u00e4ilytys:<\/strong>\u00a0Kuivassa ja viile\u00e4ss\u00e4.<\/span><br \/><\/span><\/h4>\n<table style=\"width: 335.297px\">\n<tbody>\n<tr style=\"height: 23px\">\n<td style=\"width: 325.297px;height: 23px\" colspan=\"2\"><span style=\"font-size: 20px\"><strong>Ravintosis\u00e4lt\u00f6 per 100g<\/strong><\/span><\/td>\n<\/tr>\n<\/tbody>\n<tbody>\n<tr style=\"height: 23px\">\n<td style=\"width: 151px;height: 23px\"><span style=\"font-size: 20px\">Energia<\/span><\/td>\n<td style=\"width: 174.297px;height: 23px\"><span style=\"font-size: 20px\">1423kj\/366 kcal<\/span><\/td>\n<\/tr>\n<tr style=\"height: 23px\">\n<td style=\"width: 151px;height: 23px\"><span style=\"font-size: 20px\">Rasva<\/span><\/td>\n<td style=\"width: 174.297px;height: 23px\"><span style=\"font-size: 20px\">1 g<\/span><\/td>\n<\/tr>\n<tr style=\"height: 15.8125px\">\n<td style=\"width: 151px;height: 15.8125px\"><span style=\"font-size: 20px\">josta tyydyttyneitt\u00e4<\/span><\/td>\n<td style=\"width: 174.297px;height: 15.8125px\"><span style=\"font-size: 20px\">0,2 g<\/span><\/td>\n<\/tr>\n<tr style=\"height: 23px\">\n<td style=\"width: 151px;height: 23px\"><span style=\"font-size: 20px\">Hiilihydraatit<\/span><\/td>\n<td style=\"width: 174.297px;height: 23px\"><span style=\"font-size: 20px\">70 g<\/span><\/td>\n<\/tr>\n<tr style=\"height: 17px\">\n<td style=\"width: 151px;height: 17px\"><span style=\"font-size: 20px\">josta sokereita<\/span><\/td>\n<td style=\"width: 174.297px;height: 17px\"><span style=\"font-size: 20px\">0,5 g<\/span><\/td>\n<\/tr>\n<tr style=\"height: 23px\">\n<td style=\"width: 151px;height: 23px\"><span style=\"font-size: 20px\">Proteiini<\/span><\/td>\n<td style=\"width: 174.297px;height: 23px\"><span style=\"font-size: 20px\">9,5 g<\/span><\/td>\n<\/tr>\n<tr style=\"height: 23px\">\n<td style=\"width: 151px;height: 23px\"><span style=\"font-size: 20px\">Suola<br \/>Kuitu<\/span><\/td>\n<td style=\"width: 174.297px;height: 23px\"><span style=\"font-size: 20px\">6,6 g<br \/>4,6 g<br \/><\/span><\/td>\n<\/tr>\n<\/tbody>\n<\/table>\n","protected":false},"excerpt":{"rendered":"<p>Ainesosat: Vehn\u00e4jauho,\u00a0valkoinen pippuri,suola, maissit\u00e4rkkelys, stabiliointiaine (E450),natriumkarbonaati (E500) sokeri, mastik,mausteet:\u00a0(sipuli, valkosipuli, persilja jakurkuma),\u00a0moninatriumglutamaatti (E621). Saattaa sis\u00e4lt\u00e4\u00e4:\u00a0Vehn\u00e4, seesami,\u00a0sinappi. S\u00e4ilytys:\u00a0Kuivassa ja viile\u00e4ss\u00e4. Ravintosis\u00e4lt\u00f6<\/p>\n","protected":false},"featured_media":87727,"template":"","meta":{"om_disable_all_campaigns":false,"_monsterinsights_skip_tracking":false,"_monsterinsights_sitenote_active":false,"_monsterinsights_sitenote_note":"","_monsterinsights_sitenote_category":0},"location":[1422],"product_brand":[1423],"product_cat":[1477],"product_tag":[],"class_list":{"0":"post-47382","1":"product","2":"type-product","3":"status-publish","4":"has-post-thumbnail","6":"location-v","7":"product_brand-ararat-ari-food","8":"product_cat-mausteet-en-2","9":"stock_type-kpl-en","11":"first","12":"instock","13":"taxable","14":"shipping-taxable","15":"purchasable","16":"product-type-simple"},"aioseo_notices":[],"locations":[{"id":1422,"name":"v","slug":"v","quantity":"49"}],"_links":{"self":[{"href":"https:\/\/araratfinland.com\/en\/wp-json\/wp\/v2\/product\/47382","targetHints":{"allow":["GET"]}}],"collection":[{"href":"https:\/\/araratfinland.com\/en\/wp-json\/wp\/v2\/product"}],"about":[{"href":"https:\/\/araratfinland.com\/en\/wp-json\/wp\/v2\/types\/product"}],"version-history":[{"count":1,"href":"https:\/\/araratfinland.com\/en\/wp-json\/wp\/v2\/product\/47382\/revisions"}],"predecessor-version":[{"id":54700,"href":"https:\/\/araratfinland.com\/en\/wp-json\/wp\/v2\/product\/47382\/revisions\/54700"}],"wp:featuredmedia":[{"embeddable":true,"href":"https:\/\/araratfinland.com\/en\/wp-json\/wp\/v2\/media\/87727"}],"wp:attachment":[{"href":"https:\/\/araratfinland.com\/en\/wp-json\/wp\/v2\/media?parent=47382"}],"wp:term":[{"taxonomy":"location","embeddable":true,"href":"https:\/\/araratfinland.com\/en\/wp-json\/wp\/v2\/location?post=47382"},{"taxonomy":"product_brand","embeddable":true,"href":"https:\/\/araratfinland.com\/en\/wp-json\/wp\/v2\/product_brand?post=47382"},{"taxonomy":"product_cat","embeddable":true,"href":"https:\/\/araratfinland.com\/en\/wp-json\/wp\/v2\/product_cat?post=47382"},{"taxonomy":"product_tag","embeddable":true,"href":"https:\/\/araratfinland.com\/en\/wp-json\/wp\/v2\/product_tag?post=47382"}],"curies":[{"name":"wp","href":"https:\/\/api.w.org\/{rel}","templated":true}]}}