{"id":47358,"date":"2024-06-05T13:26:45","date_gmt":"2024-06-05T10:26:45","guid":{"rendered":"https:\/\/araratfinland.com\/product\/abido-anba-mauste-2\/"},"modified":"2025-09-05T13:31:56","modified_gmt":"2025-09-05T10:31:56","slug":"abido-anba-mauste-2","status":"publish","type":"product","link":"https:\/\/araratfinland.com\/en\/product\/abido-anba-mauste-2\/","title":{"rendered":"Abido Anba mauste"},"content":{"rendered":"<h4><span style=\"font-size: 18px\"><strong>Anba mauste.<\/strong><\/span><\/h4>\n<h4><span style=\"font-size: 18px\"><strong>Ainesosat: <\/strong>Bockholm apila, sitruunahappo,<br \/>suola, kurkuma, curry.<\/span><\/h4>\n<h4><span style=\"font-size: 18px\"><strong>S\u00e4ilytys:<\/strong> Pid\u00e4 viile\u00e4ss\u00e4 ja kuivassa paikassa.<\/span><\/h4>\n<h4><span style=\"font-size: 18px\"><strong>Saattaa sis\u00e4lt\u00e4\u00e4:<\/strong> <strong>Gluteeni, laktoosi, sinappi, seesami.<\/strong><\/span><\/h4>\n","protected":false},"excerpt":{"rendered":"<p>Anba mauste. Ainesosat: Bockholm apila, sitruunahappo,suola, kurkuma, curry. S\u00e4ilytys: Pid\u00e4 viile\u00e4ss\u00e4 ja kuivassa paikassa. Saattaa sis\u00e4lt\u00e4\u00e4: Gluteeni, laktoosi, sinappi, seesami.<\/p>\n","protected":false},"featured_media":87364,"template":"","meta":{"om_disable_all_campaigns":false,"_monsterinsights_skip_tracking":false,"_monsterinsights_sitenote_active":false,"_monsterinsights_sitenote_note":"","_monsterinsights_sitenote_category":0},"location":[1422],"product_brand":[1423],"product_cat":[1477],"product_tag":[],"class_list":{"0":"post-47358","1":"product","2":"type-product","3":"status-publish","4":"has-post-thumbnail","6":"location-v","7":"product_brand-ararat-ari-food","8":"product_cat-mausteet-en-2","9":"stock_type-ltk-en","11":"first","12":"instock","13":"taxable","14":"shipping-taxable","15":"purchasable","16":"product-type-simple"},"aioseo_notices":[],"locations":[{"id":1422,"name":"v","slug":"v","quantity":"61"}],"_links":{"self":[{"href":"https:\/\/araratfinland.com\/en\/wp-json\/wp\/v2\/product\/47358","targetHints":{"allow":["GET"]}}],"collection":[{"href":"https:\/\/araratfinland.com\/en\/wp-json\/wp\/v2\/product"}],"about":[{"href":"https:\/\/araratfinland.com\/en\/wp-json\/wp\/v2\/types\/product"}],"version-history":[{"count":1,"href":"https:\/\/araratfinland.com\/en\/wp-json\/wp\/v2\/product\/47358\/revisions"}],"predecessor-version":[{"id":68082,"href":"https:\/\/araratfinland.com\/en\/wp-json\/wp\/v2\/product\/47358\/revisions\/68082"}],"wp:featuredmedia":[{"embeddable":true,"href":"https:\/\/araratfinland.com\/en\/wp-json\/wp\/v2\/media\/87364"}],"wp:attachment":[{"href":"https:\/\/araratfinland.com\/en\/wp-json\/wp\/v2\/media?parent=47358"}],"wp:term":[{"taxonomy":"location","embeddable":true,"href":"https:\/\/araratfinland.com\/en\/wp-json\/wp\/v2\/location?post=47358"},{"taxonomy":"product_brand","embeddable":true,"href":"https:\/\/araratfinland.com\/en\/wp-json\/wp\/v2\/product_brand?post=47358"},{"taxonomy":"product_cat","embeddable":true,"href":"https:\/\/araratfinland.com\/en\/wp-json\/wp\/v2\/product_cat?post=47358"},{"taxonomy":"product_tag","embeddable":true,"href":"https:\/\/araratfinland.com\/en\/wp-json\/wp\/v2\/product_tag?post=47358"}],"curies":[{"name":"wp","href":"https:\/\/api.w.org\/{rel}","templated":true}]}}