{"id":47334,"date":"2024-06-05T13:26:40","date_gmt":"2024-06-05T10:26:40","guid":{"rendered":"https:\/\/araratfinland.com\/product\/abido-curry-mauste-vahva-10x50-g\/"},"modified":"2025-10-17T12:14:13","modified_gmt":"2025-10-17T09:14:13","slug":"abido-curry-mauste-vahva-10x50-g","status":"publish","type":"product","link":"https:\/\/araratfinland.com\/en\/product\/abido-curry-mauste-vahva-10x50-g\/","title":{"rendered":"Abido curry mauste vahva 10&#215;50 g"},"content":{"rendered":"<h4><span style=\"font-size: 18px;color: #000000\"><strong>Curry mauste vahva.<\/strong><\/span><\/h4>\n<h4><span style=\"color: #000000\"><span style=\"font-size: 18px\"><strong>Ainesosat: <\/strong>Valkosipuli, korianteri, kumina, gurkmega,<br \/><strong>sinapinsiemeni\u00e4, <\/strong>suolaa,\u00a0<\/span><span style=\"font-size: 18px\">chili siemenet neilikka ja<br \/>bockholm apila siemenet.<\/span><\/span><\/h4>\n<h4><span style=\"font-size: 18px;color: #000000\"><strong>S\u00e4ilytys:<\/strong> Pid\u00e4 viile\u00e4ss\u00e4 ja kuivassa paikassa.<\/span><\/h4>\n","protected":false},"excerpt":{"rendered":"<p>Curry mauste vahva. Ainesosat: Valkosipuli, korianteri, kumina, gurkmega,sinapinsiemeni\u00e4, suolaa,\u00a0chili siemenet neilikka jabockholm apila siemenet. S\u00e4ilytys: Pid\u00e4 viile\u00e4ss\u00e4 ja kuivassa paikassa.<\/p>\n","protected":false},"featured_media":97337,"template":"","meta":{"om_disable_all_campaigns":false,"_monsterinsights_skip_tracking":false,"_monsterinsights_sitenote_active":false,"_monsterinsights_sitenote_note":"","_monsterinsights_sitenote_category":0},"location":[1422],"product_brand":[1423],"product_cat":[1477],"product_tag":[],"class_list":{"0":"post-47334","1":"product","2":"type-product","3":"status-publish","4":"has-post-thumbnail","6":"location-v","7":"product_brand-ararat-ari-food","8":"product_cat-mausteet-en-2","9":"stock_type-ltk-en","11":"first","12":"instock","13":"taxable","14":"shipping-taxable","15":"purchasable","16":"product-type-simple"},"aioseo_notices":[],"locations":[{"id":1422,"name":"v","slug":"v","quantity":"16"}],"_links":{"self":[{"href":"https:\/\/araratfinland.com\/en\/wp-json\/wp\/v2\/product\/47334","targetHints":{"allow":["GET"]}}],"collection":[{"href":"https:\/\/araratfinland.com\/en\/wp-json\/wp\/v2\/product"}],"about":[{"href":"https:\/\/araratfinland.com\/en\/wp-json\/wp\/v2\/types\/product"}],"version-history":[{"count":1,"href":"https:\/\/araratfinland.com\/en\/wp-json\/wp\/v2\/product\/47334\/revisions"}],"predecessor-version":[{"id":59914,"href":"https:\/\/araratfinland.com\/en\/wp-json\/wp\/v2\/product\/47334\/revisions\/59914"}],"wp:featuredmedia":[{"embeddable":true,"href":"https:\/\/araratfinland.com\/en\/wp-json\/wp\/v2\/media\/97337"}],"wp:attachment":[{"href":"https:\/\/araratfinland.com\/en\/wp-json\/wp\/v2\/media?parent=47334"}],"wp:term":[{"taxonomy":"location","embeddable":true,"href":"https:\/\/araratfinland.com\/en\/wp-json\/wp\/v2\/location?post=47334"},{"taxonomy":"product_brand","embeddable":true,"href":"https:\/\/araratfinland.com\/en\/wp-json\/wp\/v2\/product_brand?post=47334"},{"taxonomy":"product_cat","embeddable":true,"href":"https:\/\/araratfinland.com\/en\/wp-json\/wp\/v2\/product_cat?post=47334"},{"taxonomy":"product_tag","embeddable":true,"href":"https:\/\/araratfinland.com\/en\/wp-json\/wp\/v2\/product_tag?post=47334"}],"curies":[{"name":"wp","href":"https:\/\/api.w.org\/{rel}","templated":true}]}}