{"id":47294,"date":"2024-06-05T13:26:31","date_gmt":"2024-06-05T10:26:31","guid":{"rendered":"https:\/\/araratfinland.com\/product\/abido-sahlab-powder-500g-2\/"},"modified":"2025-09-05T13:51:02","modified_gmt":"2025-09-05T10:51:02","slug":"abido-sahlab-powder-500g-2","status":"publish","type":"product","link":"https:\/\/araratfinland.com\/en\/product\/abido-sahlab-powder-500g-2\/","title":{"rendered":"Abido sahlab powder 500g"},"content":{"rendered":"<h4><span style=\"font-size: 18px\"><strong>Sahlab-jauhe.<\/strong><\/span><\/h4>\n<h4><span style=\"font-size: 18px\"><strong>Ainesosat: <\/strong>Sokeri, suolaliuosjuuri ja mastiksi.<\/span><\/h4>\n<h4><span style=\"font-size: 18px\"><strong>Saattaa sis\u00e4lt\u00e4\u00e4 vehn\u00e4, seesami, sinappi.<\/strong><\/span><\/h4>\n<h4><span style=\"font-size: 18px\"><strong>S\u00e4ilytys: <\/strong>Viile\u00e4ss\u00e4 ja kuivassa paikassa.<\/span><\/h4>\n<table style=\"width: 334.438px\">\n<tbody>\n<tr style=\"height: 22px\">\n<td style=\"width: 317.438px;height: 22px\" colspan=\"2\"><span style=\"font-size: 18px\"><strong>Ravintosis\u00e4lt\u00f6 per 100g<\/strong><\/span><\/td>\n<\/tr>\n<\/tbody>\n<tbody>\n<tr style=\"height: 22.7656px\">\n<td style=\"width: 146px;height: 22.7656px\"><span style=\"font-size: 18px\">Energia<\/span><\/td>\n<td style=\"width: 171.438px;height: 22.7656px\"><span style=\"font-size: 18px\">1641 kj \/ 386 kcal<\/span><\/td>\n<\/tr>\n<tr style=\"height: 22px\">\n<td style=\"width: 146px;height: 22px\"><span style=\"font-size: 18px\">Rasva<\/span><\/td>\n<td style=\"width: 171.438px;height: 22px\"><span style=\"font-size: 18px\"><\/p>\n","protected":false},"excerpt":{"rendered":"<p>Sahlab-jauhe. Ainesosat: Sokeri, suolaliuosjuuri ja mastiksi. Saattaa sis\u00e4lt\u00e4\u00e4 vehn\u00e4, seesami, sinappi. S\u00e4ilytys: Viile\u00e4ss\u00e4 ja kuivassa paikassa. Ravintosis\u00e4lt\u00f6 per 100g Energia<\/p>\n","protected":false},"featured_media":87699,"template":"","meta":{"om_disable_all_campaigns":false,"_monsterinsights_skip_tracking":false,"_monsterinsights_sitenote_active":false,"_monsterinsights_sitenote_note":"","_monsterinsights_sitenote_category":0},"location":[1422],"product_brand":[1423],"product_cat":[1477],"product_tag":[],"class_list":{"0":"post-47294","1":"product","2":"type-product","3":"status-publish","4":"has-post-thumbnail","6":"location-v","7":"product_brand-ararat-ari-food","8":"product_cat-mausteet-en-2","9":"stock_type-pcs-en","11":"first","12":"instock","13":"taxable","14":"shipping-taxable","15":"purchasable","16":"product-type-simple"},"aioseo_notices":[],"locations":[{"id":1422,"name":"v","slug":"v","quantity":"29"}],"_links":{"self":[{"href":"https:\/\/araratfinland.com\/en\/wp-json\/wp\/v2\/product\/47294","targetHints":{"allow":["GET"]}}],"collection":[{"href":"https:\/\/araratfinland.com\/en\/wp-json\/wp\/v2\/product"}],"about":[{"href":"https:\/\/araratfinland.com\/en\/wp-json\/wp\/v2\/types\/product"}],"version-history":[{"count":1,"href":"https:\/\/araratfinland.com\/en\/wp-json\/wp\/v2\/product\/47294\/revisions"}],"predecessor-version":[{"id":87701,"href":"https:\/\/araratfinland.com\/en\/wp-json\/wp\/v2\/product\/47294\/revisions\/87701"}],"wp:featuredmedia":[{"embeddable":true,"href":"https:\/\/araratfinland.com\/en\/wp-json\/wp\/v2\/media\/87699"}],"wp:attachment":[{"href":"https:\/\/araratfinland.com\/en\/wp-json\/wp\/v2\/media?parent=47294"}],"wp:term":[{"taxonomy":"location","embeddable":true,"href":"https:\/\/araratfinland.com\/en\/wp-json\/wp\/v2\/location?post=47294"},{"taxonomy":"product_brand","embeddable":true,"href":"https:\/\/araratfinland.com\/en\/wp-json\/wp\/v2\/product_brand?post=47294"},{"taxonomy":"product_cat","embeddable":true,"href":"https:\/\/araratfinland.com\/en\/wp-json\/wp\/v2\/product_cat?post=47294"},{"taxonomy":"product_tag","embeddable":true,"href":"https:\/\/araratfinland.com\/en\/wp-json\/wp\/v2\/product_tag?post=47294"}],"curies":[{"name":"wp","href":"https:\/\/api.w.org\/{rel}","templated":true}]}}