{"id":47278,"date":"2024-06-05T13:26:27","date_gmt":"2024-06-05T10:26:27","guid":{"rendered":"https:\/\/araratfinland.com\/product\/abido-falafel-mauste-500-g\/"},"modified":"2025-10-17T12:15:34","modified_gmt":"2025-10-17T09:15:34","slug":"abido-falafel-mauste-500-g","status":"publish","type":"product","link":"https:\/\/araratfinland.com\/en\/product\/abido-falafel-mauste-500-g\/","title":{"rendered":"Abido falafel mauste 500 g"},"content":{"rendered":"<h4><span style=\"font-size: 18px;color: #000000\"><strong>Falafel mauste.<\/strong><\/span><\/h4>\n<h4><span style=\"color: #000000\"><span style=\"font-size: 18px\"><strong>Ainesosat: <\/strong>Korianteri, suola, maustepippuri,<br \/>ruokasoodaa, basilika, valkosipuli, sipuli,<br \/><\/span><span style=\"font-size: 18px\">karawia, kaneli, punainen chili ja fenkoli.<\/span><\/span><\/h4>\n<h4><span style=\"font-size: 18px;color: #000000\"><strong>S\u00e4ilytys:<\/strong> Pid\u00e4 viile\u00e4ss\u00e4 ja kuivassa paikassa.<\/span><\/h4>\n<h4><span style=\"font-size: 18px;color: #000000\"><strong>Saattaa sis\u00e4lt\u00e4\u00e4:<\/strong> <strong>Gluteeni, laktoosi, sinappi,<br \/>seesami.<\/strong><\/span><\/h4>\n","protected":false},"excerpt":{"rendered":"<p>Falafel mauste. Ainesosat: Korianteri, suola, maustepippuri,ruokasoodaa, basilika, valkosipuli, sipuli,karawia, kaneli, punainen chili ja fenkoli. S\u00e4ilytys: Pid\u00e4 viile\u00e4ss\u00e4 ja kuivassa paikassa.<\/p>\n","protected":false},"featured_media":97349,"template":"","meta":{"om_disable_all_campaigns":false,"_monsterinsights_skip_tracking":false,"_monsterinsights_sitenote_active":false,"_monsterinsights_sitenote_note":"","_monsterinsights_sitenote_category":0},"location":[1422],"product_brand":[1423],"product_cat":[1477],"product_tag":[],"class_list":{"0":"post-47278","1":"product","2":"type-product","3":"status-publish","4":"has-post-thumbnail","6":"location-v","7":"product_brand-ararat-ari-food","8":"product_cat-mausteet-en-2","9":"stock_type-pss-en","11":"first","12":"instock","13":"taxable","14":"shipping-taxable","15":"purchasable","16":"product-type-simple"},"aioseo_notices":[],"locations":[{"id":1422,"name":"v","slug":"v","quantity":"94"}],"_links":{"self":[{"href":"https:\/\/araratfinland.com\/en\/wp-json\/wp\/v2\/product\/47278","targetHints":{"allow":["GET"]}}],"collection":[{"href":"https:\/\/araratfinland.com\/en\/wp-json\/wp\/v2\/product"}],"about":[{"href":"https:\/\/araratfinland.com\/en\/wp-json\/wp\/v2\/types\/product"}],"version-history":[{"count":1,"href":"https:\/\/araratfinland.com\/en\/wp-json\/wp\/v2\/product\/47278\/revisions"}],"predecessor-version":[{"id":47916,"href":"https:\/\/araratfinland.com\/en\/wp-json\/wp\/v2\/product\/47278\/revisions\/47916"}],"wp:featuredmedia":[{"embeddable":true,"href":"https:\/\/araratfinland.com\/en\/wp-json\/wp\/v2\/media\/97349"}],"wp:attachment":[{"href":"https:\/\/araratfinland.com\/en\/wp-json\/wp\/v2\/media?parent=47278"}],"wp:term":[{"taxonomy":"location","embeddable":true,"href":"https:\/\/araratfinland.com\/en\/wp-json\/wp\/v2\/location?post=47278"},{"taxonomy":"product_brand","embeddable":true,"href":"https:\/\/araratfinland.com\/en\/wp-json\/wp\/v2\/product_brand?post=47278"},{"taxonomy":"product_cat","embeddable":true,"href":"https:\/\/araratfinland.com\/en\/wp-json\/wp\/v2\/product_cat?post=47278"},{"taxonomy":"product_tag","embeddable":true,"href":"https:\/\/araratfinland.com\/en\/wp-json\/wp\/v2\/product_tag?post=47278"}],"curies":[{"name":"wp","href":"https:\/\/api.w.org\/{rel}","templated":true}]}}