{"id":47250,"date":"2024-06-05T13:26:21","date_gmt":"2024-06-05T10:26:21","guid":{"rendered":"https:\/\/araratfinland.com\/product\/abido-anba-mauste-500-g\/"},"modified":"2025-09-05T13:31:00","modified_gmt":"2025-09-05T10:31:00","slug":"abido-anba-mauste-500-g","status":"publish","type":"product","link":"https:\/\/araratfinland.com\/en\/product\/abido-anba-mauste-500-g\/","title":{"rendered":"Abido anba mauste 500 g"},"content":{"rendered":"<h4><span style=\"font-size: 19px\">Anba mauste.<\/p>\n<p>Ainesosat: Rohtosarviapila, sitruunahappo, suola,<br \/>kurkuma, curry.<\/span><\/h4>\n<h4><span style=\"font-size: 19px\">S\u00e4ilytys: Pid\u00e4 viile\u00e4ss\u00e4 ja kuivassa paikassa.<\/span><\/h4>\n<h4><span style=\"font-size: 19px\"><strong>Saattaa sis\u00e4lt\u00e4\u00e4:<\/strong> <strong>Gluteeni, laktoosi, sinappi, seesami.<\/strong><\/span><\/h4>\n","protected":false},"excerpt":{"rendered":"<p>Anba mauste. Ainesosat: Rohtosarviapila, sitruunahappo, suola,kurkuma, curry. S\u00e4ilytys: Pid\u00e4 viile\u00e4ss\u00e4 ja kuivassa paikassa. Saattaa sis\u00e4lt\u00e4\u00e4: Gluteeni, laktoosi, sinappi, seesami.<\/p>\n","protected":false},"featured_media":87312,"template":"","meta":{"om_disable_all_campaigns":false,"_monsterinsights_skip_tracking":false,"_monsterinsights_sitenote_active":false,"_monsterinsights_sitenote_note":"","_monsterinsights_sitenote_category":0},"location":[1422],"product_brand":[1423],"product_cat":[1477],"product_tag":[],"class_list":{"0":"post-47250","1":"product","2":"type-product","3":"status-publish","4":"has-post-thumbnail","6":"location-v","7":"product_brand-ararat-ari-food","8":"product_cat-mausteet-en-2","9":"stock_type-pss-en","11":"first","12":"instock","13":"taxable","14":"shipping-taxable","15":"purchasable","16":"product-type-simple"},"aioseo_notices":[],"locations":[{"id":1422,"name":"v","slug":"v","quantity":"13"}],"_links":{"self":[{"href":"https:\/\/araratfinland.com\/en\/wp-json\/wp\/v2\/product\/47250","targetHints":{"allow":["GET"]}}],"collection":[{"href":"https:\/\/araratfinland.com\/en\/wp-json\/wp\/v2\/product"}],"about":[{"href":"https:\/\/araratfinland.com\/en\/wp-json\/wp\/v2\/types\/product"}],"version-history":[{"count":1,"href":"https:\/\/araratfinland.com\/en\/wp-json\/wp\/v2\/product\/47250\/revisions"}],"predecessor-version":[{"id":55998,"href":"https:\/\/araratfinland.com\/en\/wp-json\/wp\/v2\/product\/47250\/revisions\/55998"}],"wp:featuredmedia":[{"embeddable":true,"href":"https:\/\/araratfinland.com\/en\/wp-json\/wp\/v2\/media\/87312"}],"wp:attachment":[{"href":"https:\/\/araratfinland.com\/en\/wp-json\/wp\/v2\/media?parent=47250"}],"wp:term":[{"taxonomy":"location","embeddable":true,"href":"https:\/\/araratfinland.com\/en\/wp-json\/wp\/v2\/location?post=47250"},{"taxonomy":"product_brand","embeddable":true,"href":"https:\/\/araratfinland.com\/en\/wp-json\/wp\/v2\/product_brand?post=47250"},{"taxonomy":"product_cat","embeddable":true,"href":"https:\/\/araratfinland.com\/en\/wp-json\/wp\/v2\/product_cat?post=47250"},{"taxonomy":"product_tag","embeddable":true,"href":"https:\/\/araratfinland.com\/en\/wp-json\/wp\/v2\/product_tag?post=47250"}],"curies":[{"name":"wp","href":"https:\/\/api.w.org\/{rel}","templated":true}]}}