{"id":47245,"date":"2024-06-05T13:26:20","date_gmt":"2024-06-05T10:26:20","guid":{"rendered":"https:\/\/araratfinland.com\/product\/durra-zaatar-punainen-400g\/"},"modified":"2025-09-12T12:48:45","modified_gmt":"2025-09-12T09:48:45","slug":"durra-zaatar-punainen-400g","status":"publish","type":"product","link":"https:\/\/araratfinland.com\/en\/product\/durra-zaatar-punainen-400g\/","title":{"rendered":"Durra Zaatar 400g"},"content":{"rendered":"<h4><span style=\"color: #000000\"><span style=\"font-size: 18px\"><strong>Ainesosat: Seesami 40%<\/strong>,<strong> vehn\u00e4 32%,<br \/><\/strong>timjami 15%, auringonkukka\u00f6ljy<br \/>(hydraton) 7%,\u00a0<\/span><span style=\"font-size: 18px\">sumakki 4%, suola 2%.<\/span><\/span><\/h4>\n<h4><span style=\"font-size: 18px;color: #000000\"><strong>S\u00e4ilytys: <\/strong>Viile\u00e4ss\u00e4 ja kuivassa paikassa.<\/span><\/h4>\n<h4><span style=\"font-size: 18px;color: #000000\"><strong>Alkuper\u00e4maa:<\/strong> Jordania<\/span><\/h4>\n<table style=\"width: 407.25px\">\n<tbody>\n<tr style=\"height: 22px\">\n<td style=\"width: 387.25px;height: 22px\" colspan=\"2\"><span style=\"font-size: 18px;color: #000000\"><strong>Ravintosis\u00e4lt\u00f6 per 100g<\/strong><\/span><\/td>\n<\/tr>\n<\/tbody>\n<tbody>\n<tr style=\"height: 22px\">\n<td style=\"width: 200px;height: 22px\"><span style=\"font-size: 18px;color: #000000\">Energia<\/span><\/td>\n<td style=\"width: 187.25px;height: 22px\"><span style=\"font-size: 18px;color: #000000\">1822 kj \/ 436 kcal<\/span><\/td>\n<\/tr>\n<tr style=\"height: 22px\">\n<td style=\"width: 200px;height: 22px\"><span style=\"font-size: 18px;color: #000000\">Rasva<\/span><\/td>\n<td style=\"width: 187.25px;height: 22px\"><span style=\"font-size: 18px;color: #000000\">28 g<\/span><\/td>\n<\/tr>\n<tr style=\"height: 18.8125px\">\n<td style=\"width: 200px;height: 18.8125px\"><span style=\"font-size: 18px;color: #000000\">josta tyydyttyneitt\u00e4<\/span><\/td>\n<td style=\"width: 187.25px;height: 18.8125px\"><span style=\"font-size: 18px;color: #000000\">3,9 g<\/span><\/td>\n<\/tr>\n<tr style=\"height: 22px\">\n<td style=\"width: 200px;height: 22px\"><span style=\"font-size: 18px;color: #000000\">Hiilihydraatit<\/span><\/td>\n<td style=\"width: 187.25px;height: 22px\"><span style=\"font-size: 18px;color: #000000\">44 g<\/span><\/td>\n<\/tr>\n<tr style=\"height: 22px\">\n<td style=\"width: 200px;height: 22px\"><span style=\"font-size: 18px;color: #000000\">josta sokereita<\/span><\/td>\n<td style=\"width: 187.25px;height: 22px\"><span style=\"font-size: 18px;color: #000000\">1,0 g<\/span><\/td>\n<\/tr>\n<tr style=\"height: 22px\">\n<td style=\"width: 200px;height: 22px\"><span style=\"font-size: 18px;color: #000000\">Proteiini<\/span><\/td>\n<td style=\"width: 187.25px;height: 22px\"><span style=\"font-size: 18px;color: #000000\">11,0 g<\/span><\/td>\n<\/tr>\n<tr style=\"height: 22px\">\n<td style=\"width: 200px;height: 22px\"><span style=\"font-size: 18px;color: #000000\">Suola<\/span><\/td>\n<td style=\"width: 187.25px;height: 22px\"><span style=\"font-size: 18px;color: #000000\">2,0 g<\/span><\/td>\n<\/tr>\n<\/tbody>\n<\/table>\n","protected":false},"excerpt":{"rendered":"<p>Ainesosat: Seesami 40%, vehn\u00e4 32%,timjami 15%, auringonkukka\u00f6ljy(hydraton) 7%,\u00a0sumakki 4%, suola 2%. S\u00e4ilytys: Viile\u00e4ss\u00e4 ja kuivassa paikassa. Alkuper\u00e4maa: Jordania Ravintosis\u00e4lt\u00f6 per<\/p>\n","protected":false},"featured_media":91330,"template":"","meta":{"om_disable_all_campaigns":false,"_monsterinsights_skip_tracking":false,"_monsterinsights_sitenote_active":false,"_monsterinsights_sitenote_note":"","_monsterinsights_sitenote_category":0},"location":[1422],"product_brand":[1423],"product_cat":[1348],"product_tag":[],"class_list":{"0":"post-47245","1":"product","2":"type-product","3":"status-publish","4":"has-post-thumbnail","6":"location-v","7":"product_brand-ararat-ari-food","8":"product_cat-mausteet-fi","9":"stock_type-pcs-en","11":"first","12":"instock","13":"taxable","14":"shipping-taxable","15":"purchasable","16":"product-type-simple"},"aioseo_notices":[],"locations":[{"id":1422,"name":"v","slug":"v","quantity":"63"}],"_links":{"self":[{"href":"https:\/\/araratfinland.com\/en\/wp-json\/wp\/v2\/product\/47245","targetHints":{"allow":["GET"]}}],"collection":[{"href":"https:\/\/araratfinland.com\/en\/wp-json\/wp\/v2\/product"}],"about":[{"href":"https:\/\/araratfinland.com\/en\/wp-json\/wp\/v2\/types\/product"}],"version-history":[{"count":2,"href":"https:\/\/araratfinland.com\/en\/wp-json\/wp\/v2\/product\/47245\/revisions"}],"predecessor-version":[{"id":61492,"href":"https:\/\/araratfinland.com\/en\/wp-json\/wp\/v2\/product\/47245\/revisions\/61492"}],"wp:featuredmedia":[{"embeddable":true,"href":"https:\/\/araratfinland.com\/en\/wp-json\/wp\/v2\/media\/91330"}],"wp:attachment":[{"href":"https:\/\/araratfinland.com\/en\/wp-json\/wp\/v2\/media?parent=47245"}],"wp:term":[{"taxonomy":"location","embeddable":true,"href":"https:\/\/araratfinland.com\/en\/wp-json\/wp\/v2\/location?post=47245"},{"taxonomy":"product_brand","embeddable":true,"href":"https:\/\/araratfinland.com\/en\/wp-json\/wp\/v2\/product_brand?post=47245"},{"taxonomy":"product_cat","embeddable":true,"href":"https:\/\/araratfinland.com\/en\/wp-json\/wp\/v2\/product_cat?post=47245"},{"taxonomy":"product_tag","embeddable":true,"href":"https:\/\/araratfinland.com\/en\/wp-json\/wp\/v2\/product_tag?post=47245"}],"curies":[{"name":"wp","href":"https:\/\/api.w.org\/{rel}","templated":true}]}}