{"id":47210,"date":"2024-06-05T13:26:11","date_gmt":"2024-06-05T10:26:11","guid":{"rendered":"https:\/\/araratfinland.com\/product\/abido-shawrma-mauste-50g\/"},"modified":"2025-09-05T13:44:56","modified_gmt":"2025-09-05T10:44:56","slug":"abido-shawrma-mauste-50g","status":"publish","type":"product","link":"https:\/\/araratfinland.com\/en\/product\/abido-shawrma-mauste-50g\/","title":{"rendered":"Abido shawrma mauste 50g"},"content":{"rendered":"<h4><span style=\"font-size: 18px\"><strong>Shawarma mauste.<\/strong><\/span><\/h4>\n<h4><span style=\"font-size: 18px\"><strong>Ainesosat:<\/strong> Maustepippuri, mustapippuri, kaneli,<br \/>veikselinkirsikka, inkiv\u00e4\u00e4ri, neilikka, kardemumma, sumac.<\/span><\/h4>\n<h4><span style=\"font-size: 18px\"><strong>S\u00e4ilytys:<\/strong> Pid\u00e4 viile\u00e4ss\u00e4 ja kuivassa paikassa.<\/span><\/h4>\n","protected":false},"excerpt":{"rendered":"<p>Shawarma mauste. Ainesosat: Maustepippuri, mustapippuri, kaneli,veikselinkirsikka, inkiv\u00e4\u00e4ri, neilikka, kardemumma, sumac. S\u00e4ilytys: Pid\u00e4 viile\u00e4ss\u00e4 ja kuivassa paikassa.<\/p>\n","protected":false},"featured_media":87631,"template":"","meta":{"om_disable_all_campaigns":false,"_monsterinsights_skip_tracking":false,"_monsterinsights_sitenote_active":false,"_monsterinsights_sitenote_note":"","_monsterinsights_sitenote_category":0},"location":[1422],"product_brand":[1423],"product_cat":[1477],"product_tag":[],"class_list":{"0":"post-47210","1":"product","2":"type-product","3":"status-publish","4":"has-post-thumbnail","6":"location-v","7":"product_brand-ararat-ari-food","8":"product_cat-mausteet-en-2","9":"stock_type-ltk-en","11":"first","12":"instock","13":"taxable","14":"shipping-taxable","15":"purchasable","16":"product-type-simple"},"aioseo_notices":[],"locations":[{"id":1422,"name":"v","slug":"v","quantity":"36"}],"_links":{"self":[{"href":"https:\/\/araratfinland.com\/en\/wp-json\/wp\/v2\/product\/47210","targetHints":{"allow":["GET"]}}],"collection":[{"href":"https:\/\/araratfinland.com\/en\/wp-json\/wp\/v2\/product"}],"about":[{"href":"https:\/\/araratfinland.com\/en\/wp-json\/wp\/v2\/types\/product"}],"version-history":[{"count":1,"href":"https:\/\/araratfinland.com\/en\/wp-json\/wp\/v2\/product\/47210\/revisions"}],"predecessor-version":[{"id":47998,"href":"https:\/\/araratfinland.com\/en\/wp-json\/wp\/v2\/product\/47210\/revisions\/47998"}],"wp:featuredmedia":[{"embeddable":true,"href":"https:\/\/araratfinland.com\/en\/wp-json\/wp\/v2\/media\/87631"}],"wp:attachment":[{"href":"https:\/\/araratfinland.com\/en\/wp-json\/wp\/v2\/media?parent=47210"}],"wp:term":[{"taxonomy":"location","embeddable":true,"href":"https:\/\/araratfinland.com\/en\/wp-json\/wp\/v2\/location?post=47210"},{"taxonomy":"product_brand","embeddable":true,"href":"https:\/\/araratfinland.com\/en\/wp-json\/wp\/v2\/product_brand?post=47210"},{"taxonomy":"product_cat","embeddable":true,"href":"https:\/\/araratfinland.com\/en\/wp-json\/wp\/v2\/product_cat?post=47210"},{"taxonomy":"product_tag","embeddable":true,"href":"https:\/\/araratfinland.com\/en\/wp-json\/wp\/v2\/product_tag?post=47210"}],"curies":[{"name":"wp","href":"https:\/\/api.w.org\/{rel}","templated":true}]}}