{"id":46518,"date":"2024-06-03T14:19:08","date_gmt":"2024-06-03T11:19:08","guid":{"rendered":"https:\/\/araratfinland.com\/product\/naz-vihrea-rusina-300-g-2\/"},"modified":"2025-10-13T15:58:28","modified_gmt":"2025-10-13T12:58:28","slug":"naz-vihrea-rusina-300-g-2","status":"publish","type":"product","link":"https:\/\/araratfinland.com\/en\/product\/naz-vihrea-rusina-300-g-2\/","title":{"rendered":"Naz vihre\u00e4 rusina 300 g"},"content":{"rendered":"<h4><span style=\"font-size: 18px;color: #000000\"><strong>Ainesosat: <\/strong>Vihreit\u00e4 rusinoita.<\/span><\/h4>\n<h4><span style=\"font-size: 18px;color: #000000\"><strong>S\u00e4ilytys: <\/strong>S\u00e4ilyt\u00e4 viile\u00e4ss\u00e4 ja kuivassa.<\/span><\/h4>\n<h4><span style=\"color: #000000\"><span style=\"font-size: 18px\"><strong>T\u00e4m\u00e4 tuote on pakattu laitokseen, joka k\u00e4sittelee <br \/><\/strong><\/span><span style=\"font-size: 18px\"><strong>my\u00f6s seesamia, maap\u00e4hkin\u00f6it\u00e4 ja p\u00e4hkin\u00f6it\u00e4.<\/strong><\/span><\/span><\/h4>\n<table style=\"width: 314.875px\">\n<tbody>\n<tr>\n<td style=\"width: 300.875px\" colspan=\"2\"><span style=\"font-size: 18px;color: #000000\"><strong>Ravintosis\u00e4lt\u00f6 per 100g<\/strong><\/span><\/td>\n<\/tr>\n<\/tbody>\n<tbody>\n<tr>\n<td style=\"width: 200px\"><span style=\"font-size: 18px;color: #000000\">Energia<\/span><\/td>\n<td style=\"width: 100.875px\"><span style=\"font-size: 18px;color: #000000\">299 kcal<\/span><\/td>\n<\/tr>\n<tr>\n<td style=\"width: 200px\"><span style=\"font-size: 18px;color: #000000\">Rasva<\/span><\/td>\n<td style=\"width: 100.875px\"><span style=\"font-size: 18px;color: #000000\">0,5 g<\/span><\/td>\n<\/tr>\n<tr>\n<td style=\"width: 200px\"><span style=\"font-size: 18px;color: #000000\">josta tyydyttyneitt\u00e4<\/span><\/td>\n<td style=\"width: 100.875px\"><span style=\"font-size: 18px;color: #000000\">79 g<\/span><\/td>\n<\/tr>\n<tr>\n<td style=\"width: 200px\"><span style=\"font-size: 18px;color: #000000\">Hiilihydraatit<\/span><\/td>\n<td style=\"width: 100.875px\"><span style=\"font-size: 18px;color: #000000\">59 g<\/span><\/td>\n<\/tr>\n<tr>\n<td style=\"width: 200px\"><span style=\"font-size: 18px;color: #000000\">Natrium<\/span><\/td>\n<td style=\"width: 100.875px\"><span style=\"font-size: 18px;color: #000000\">3,1 g<\/span><\/td>\n<\/tr>\n<tr>\n<td style=\"width: 200px\"><span style=\"font-size: 18px;color: #000000\">Proteiini<\/span><\/td>\n<td style=\"width: 100.875px\"><span style=\"font-size: 18px;color: #000000\">11 mg<\/span><\/td>\n<\/tr>\n<tr>\n<td style=\"width: 200px\"><span style=\"font-size: 18px;color: #000000\">Sokeri<\/span><\/td>\n<td style=\"width: 100.875px\"><span style=\"font-size: 18px;color: #000000\">3,7 g<\/span><\/td>\n<\/tr>\n<\/tbody>\n<\/table>\n","protected":false},"excerpt":{"rendered":"<p>Ainesosat: Vihreit\u00e4 rusinoita. S\u00e4ilytys: S\u00e4ilyt\u00e4 viile\u00e4ss\u00e4 ja kuivassa. T\u00e4m\u00e4 tuote on pakattu laitokseen, joka k\u00e4sittelee my\u00f6s seesamia, maap\u00e4hkin\u00f6it\u00e4 ja p\u00e4hkin\u00f6it\u00e4.<\/p>\n","protected":false},"featured_media":96517,"template":"","meta":{"om_disable_all_campaigns":false,"_monsterinsights_skip_tracking":false,"_monsterinsights_sitenote_active":false,"_monsterinsights_sitenote_note":"","_monsterinsights_sitenote_category":0},"location":[1422],"product_brand":[1423],"product_cat":[1479],"product_tag":[],"class_list":{"0":"post-46518","1":"product","2":"type-product","3":"status-publish","4":"has-post-thumbnail","6":"location-v","7":"product_brand-ararat-ari-food","8":"product_cat-phkintrusinat-en-kuiva-tuotteet-fi-2","9":"stock_type-pss-en","11":"first","12":"instock","13":"taxable","14":"shipping-taxable","15":"purchasable","16":"product-type-simple"},"aioseo_notices":[],"locations":[{"id":1422,"name":"v","slug":"v","quantity":"0"}],"_links":{"self":[{"href":"https:\/\/araratfinland.com\/en\/wp-json\/wp\/v2\/product\/46518","targetHints":{"allow":["GET"]}}],"collection":[{"href":"https:\/\/araratfinland.com\/en\/wp-json\/wp\/v2\/product"}],"about":[{"href":"https:\/\/araratfinland.com\/en\/wp-json\/wp\/v2\/types\/product"}],"version-history":[{"count":1,"href":"https:\/\/araratfinland.com\/en\/wp-json\/wp\/v2\/product\/46518\/revisions"}],"predecessor-version":[{"id":46524,"href":"https:\/\/araratfinland.com\/en\/wp-json\/wp\/v2\/product\/46518\/revisions\/46524"}],"wp:featuredmedia":[{"embeddable":true,"href":"https:\/\/araratfinland.com\/en\/wp-json\/wp\/v2\/media\/96517"}],"wp:attachment":[{"href":"https:\/\/araratfinland.com\/en\/wp-json\/wp\/v2\/media?parent=46518"}],"wp:term":[{"taxonomy":"location","embeddable":true,"href":"https:\/\/araratfinland.com\/en\/wp-json\/wp\/v2\/location?post=46518"},{"taxonomy":"product_brand","embeddable":true,"href":"https:\/\/araratfinland.com\/en\/wp-json\/wp\/v2\/product_brand?post=46518"},{"taxonomy":"product_cat","embeddable":true,"href":"https:\/\/araratfinland.com\/en\/wp-json\/wp\/v2\/product_cat?post=46518"},{"taxonomy":"product_tag","embeddable":true,"href":"https:\/\/araratfinland.com\/en\/wp-json\/wp\/v2\/product_tag?post=46518"}],"curies":[{"name":"wp","href":"https:\/\/api.w.org\/{rel}","templated":true}]}}