{"id":45751,"date":"2024-06-02T02:26:39","date_gmt":"2024-06-01T23:26:39","guid":{"rendered":"https:\/\/araratfinland.com\/?post_type=product&#038;p=45751"},"modified":"2025-09-26T14:52:48","modified_gmt":"2025-09-26T11:52:48","slug":"beypazari-gazozu-4x6x200ml","status":"publish","type":"product","link":"https:\/\/araratfinland.com\/en\/product\/beypazari-gazozu-4x6x200ml\/","title":{"rendered":"Beypazari Gazozu 4x6x200ml"},"content":{"rendered":"<p data-start=\"55\" data-end=\"276\"><strong data-start=\"55\" data-end=\"69\">Ainesosat:<\/strong> Vesi, sokeri, hiilidioksidi, happamuudens\u00e4\u00e4t\u00f6aine (sitruunahappo), aromit (vadelma), s\u00e4il\u00f6nt\u00e4aine (natriumbentsoaatti).<br data-start=\"189\" data-end=\"192\" \/> <strong data-start=\"192\" data-end=\"210\">Parasta ennen:<\/strong> Katso korkki.<br data-start=\"224\" data-end=\"227\" \/> <strong data-start=\"227\" data-end=\"243\" data-is-only-node=\"\">Alkuper\u00e4maa:<\/strong> Turkki<br data-start=\"250\" data-end=\"253\" \/> <strong data-start=\"253\" data-end=\"276\">Nautitaan viile\u00e4n\u00e4.<\/strong><\/p>\n","protected":false},"excerpt":{"rendered":"<p>Ainesosat: Vesi, sokeri, hiilidioksidi, happamuudens\u00e4\u00e4t\u00f6aine (sitruunahappo), aromit (vadelma), s\u00e4il\u00f6nt\u00e4aine (natriumbentsoaatti). Parasta ennen: Katso korkki. Alkuper\u00e4maa: Turkki Nautitaan viile\u00e4n\u00e4.<\/p>\n","protected":false},"featured_media":93508,"template":"","meta":{"om_disable_all_campaigns":false,"_monsterinsights_skip_tracking":false,"_monsterinsights_sitenote_active":false,"_monsterinsights_sitenote_note":"","_monsterinsights_sitenote_category":0},"location":[1422],"product_brand":[1423],"product_cat":[1480],"product_tag":[],"class_list":{"0":"post-45751","1":"product","2":"type-product","3":"status-publish","4":"has-post-thumbnail","6":"location-v","7":"product_brand-ararat-ari-food","8":"product_cat-mehut-nesteet-en","9":"stock_type-ltk-en","11":"first","12":"instock","13":"taxable","14":"shipping-taxable","15":"purchasable","16":"product-type-simple"},"aioseo_notices":[],"locations":[{"id":1422,"name":"v","slug":"v","quantity":"40"}],"_links":{"self":[{"href":"https:\/\/araratfinland.com\/en\/wp-json\/wp\/v2\/product\/45751","targetHints":{"allow":["GET"]}}],"collection":[{"href":"https:\/\/araratfinland.com\/en\/wp-json\/wp\/v2\/product"}],"about":[{"href":"https:\/\/araratfinland.com\/en\/wp-json\/wp\/v2\/types\/product"}],"version-history":[{"count":2,"href":"https:\/\/araratfinland.com\/en\/wp-json\/wp\/v2\/product\/45751\/revisions"}],"predecessor-version":[{"id":93497,"href":"https:\/\/araratfinland.com\/en\/wp-json\/wp\/v2\/product\/45751\/revisions\/93497"}],"wp:featuredmedia":[{"embeddable":true,"href":"https:\/\/araratfinland.com\/en\/wp-json\/wp\/v2\/media\/93508"}],"wp:attachment":[{"href":"https:\/\/araratfinland.com\/en\/wp-json\/wp\/v2\/media?parent=45751"}],"wp:term":[{"taxonomy":"location","embeddable":true,"href":"https:\/\/araratfinland.com\/en\/wp-json\/wp\/v2\/location?post=45751"},{"taxonomy":"product_brand","embeddable":true,"href":"https:\/\/araratfinland.com\/en\/wp-json\/wp\/v2\/product_brand?post=45751"},{"taxonomy":"product_cat","embeddable":true,"href":"https:\/\/araratfinland.com\/en\/wp-json\/wp\/v2\/product_cat?post=45751"},{"taxonomy":"product_tag","embeddable":true,"href":"https:\/\/araratfinland.com\/en\/wp-json\/wp\/v2\/product_tag?post=45751"}],"curies":[{"name":"wp","href":"https:\/\/api.w.org\/{rel}","templated":true}]}}