{"id":45634,"date":"2024-06-02T02:26:18","date_gmt":"2024-06-01T23:26:18","guid":{"rendered":"https:\/\/araratfinland.com\/?post_type=product&#038;p=45634"},"modified":"2025-09-25T10:17:01","modified_gmt":"2025-09-25T07:17:01","slug":"nuri-toplar-turkish-coffee-250g","status":"publish","type":"product","link":"https:\/\/araratfinland.com\/en\/product\/nuri-toplar-turkish-coffee-250g\/","title":{"rendered":"Nuri Toplar Turkish Coffee 250g"},"content":{"rendered":"<p data-start=\"128\" data-end=\"158\"><strong data-start=\"128\" data-end=\"156\">Turkkilainen kahvi\u00a0250 g<\/strong><\/p>\n<p data-start=\"160\" data-end=\"198\"><strong data-start=\"160\" data-end=\"174\">Ainesosat:<\/strong> 100 % jauhettu kahvi.<\/p>\n<p data-start=\"200\" data-end=\"385\"><strong data-start=\"200\" data-end=\"218\">Valmistusohje:<\/strong> Lis\u00e4\u00e4 65 ml vett\u00e4 ja 5\u20136 g kahvia pieneen kahvipannuun. Halutessasi lis\u00e4\u00e4 sokeria. Kuumenna hitaasti ja anna vaahdota, mutta \u00e4l\u00e4 keit\u00e4. Kaada kuppeihin ja tarjoile.<\/p>\n<p data-start=\"387\" data-end=\"445\"><strong data-start=\"387\" data-end=\"400\">S\u00e4ilytys:<\/strong> Viile\u00e4ss\u00e4 ja kuivassa, valolta suojattuna.<\/p>\n","protected":false},"excerpt":{"rendered":"<p>Turkkilainen kahvi\u00a0250 g Ainesosat: 100 % jauhettu kahvi. Valmistusohje: Lis\u00e4\u00e4 65 ml vett\u00e4 ja 5\u20136 g kahvia pieneen kahvipannuun. Halutessasi<\/p>\n","protected":false},"featured_media":93146,"template":"","meta":{"om_disable_all_campaigns":false,"_monsterinsights_skip_tracking":false,"_monsterinsights_sitenote_active":false,"_monsterinsights_sitenote_note":"","_monsterinsights_sitenote_category":0},"location":[1422],"product_brand":[1423],"product_cat":[1340],"product_tag":[],"class_list":{"0":"post-45634","1":"product","2":"type-product","3":"status-publish","4":"has-post-thumbnail","6":"location-v","7":"product_brand-ararat-ari-food","8":"product_cat-teet-kahvit-fi","9":"stock_type-pcs-en","11":"first","12":"instock","13":"taxable","14":"shipping-taxable","15":"purchasable","16":"product-type-simple"},"aioseo_notices":[],"locations":[{"id":1422,"name":"v","slug":"v","quantity":"0"}],"_links":{"self":[{"href":"https:\/\/araratfinland.com\/en\/wp-json\/wp\/v2\/product\/45634","targetHints":{"allow":["GET"]}}],"collection":[{"href":"https:\/\/araratfinland.com\/en\/wp-json\/wp\/v2\/product"}],"about":[{"href":"https:\/\/araratfinland.com\/en\/wp-json\/wp\/v2\/types\/product"}],"version-history":[{"count":2,"href":"https:\/\/araratfinland.com\/en\/wp-json\/wp\/v2\/product\/45634\/revisions"}],"predecessor-version":[{"id":84577,"href":"https:\/\/araratfinland.com\/en\/wp-json\/wp\/v2\/product\/45634\/revisions\/84577"}],"wp:featuredmedia":[{"embeddable":true,"href":"https:\/\/araratfinland.com\/en\/wp-json\/wp\/v2\/media\/93146"}],"wp:attachment":[{"href":"https:\/\/araratfinland.com\/en\/wp-json\/wp\/v2\/media?parent=45634"}],"wp:term":[{"taxonomy":"location","embeddable":true,"href":"https:\/\/araratfinland.com\/en\/wp-json\/wp\/v2\/location?post=45634"},{"taxonomy":"product_brand","embeddable":true,"href":"https:\/\/araratfinland.com\/en\/wp-json\/wp\/v2\/product_brand?post=45634"},{"taxonomy":"product_cat","embeddable":true,"href":"https:\/\/araratfinland.com\/en\/wp-json\/wp\/v2\/product_cat?post=45634"},{"taxonomy":"product_tag","embeddable":true,"href":"https:\/\/araratfinland.com\/en\/wp-json\/wp\/v2\/product_tag?post=45634"}],"curies":[{"name":"wp","href":"https:\/\/api.w.org\/{rel}","templated":true}]}}