{"id":45626,"date":"2024-06-02T02:26:17","date_gmt":"2024-06-01T23:26:17","guid":{"rendered":"https:\/\/araratfinland.com\/?post_type=product&#038;p=45626"},"modified":"2025-07-24T15:42:48","modified_gmt":"2025-07-24T12:42:48","slug":"nuri-toplar-turkish-coffee-100g","status":"publish","type":"product","link":"https:\/\/araratfinland.com\/en\/product\/nuri-toplar-turkish-coffee-100g\/","title":{"rendered":"Nuri Toplar Turkish Coffee 100g"},"content":{"rendered":"<p><strong data-start=\"76\" data-end=\"90\">Ainesosat:<\/strong> Jauhettu kahvi<br data-start=\"295\" data-end=\"298\" \/> <strong data-start=\"298\" data-end=\"316\" data-is-only-node=\"\">Parasta ennen:<\/strong> Katso pakkaus<br data-start=\"330\" data-end=\"333\" \/> <strong data-start=\"333\" data-end=\"349\">Alkuper\u00e4maa:<\/strong> Turkki<br data-start=\"356\" data-end=\"359\" \/> <strong data-start=\"359\" data-end=\"372\">S\u00e4ilytys:<\/strong> S\u00e4ilyt\u00e4 kuivassa ja viile\u00e4ss\u00e4 paikassa.<\/p>\n","protected":false},"excerpt":{"rendered":"<p>Ainesosat: Jauhettu kahvi Parasta ennen: Katso pakkaus Alkuper\u00e4maa: Turkki S\u00e4ilytys: S\u00e4ilyt\u00e4 kuivassa ja viile\u00e4ss\u00e4 paikassa.<\/p>\n","protected":false},"featured_media":82680,"template":"","meta":{"om_disable_all_campaigns":false,"_monsterinsights_skip_tracking":false,"_monsterinsights_sitenote_active":false,"_monsterinsights_sitenote_note":"","_monsterinsights_sitenote_category":0},"location":[1422],"product_brand":[1423],"product_cat":[1340],"product_tag":[],"class_list":{"0":"post-45626","1":"product","2":"type-product","3":"status-publish","4":"has-post-thumbnail","6":"location-v","7":"product_brand-ararat-ari-food","8":"product_cat-teet-kahvit-fi","9":"stock_type-pcs-en","11":"first","12":"instock","13":"taxable","14":"shipping-taxable","15":"purchasable","16":"product-type-simple"},"aioseo_notices":[],"locations":[{"id":1422,"name":"v","slug":"v","quantity":"0"}],"_links":{"self":[{"href":"https:\/\/araratfinland.com\/en\/wp-json\/wp\/v2\/product\/45626","targetHints":{"allow":["GET"]}}],"collection":[{"href":"https:\/\/araratfinland.com\/en\/wp-json\/wp\/v2\/product"}],"about":[{"href":"https:\/\/araratfinland.com\/en\/wp-json\/wp\/v2\/types\/product"}],"version-history":[{"count":3,"href":"https:\/\/araratfinland.com\/en\/wp-json\/wp\/v2\/product\/45626\/revisions"}],"predecessor-version":[{"id":80436,"href":"https:\/\/araratfinland.com\/en\/wp-json\/wp\/v2\/product\/45626\/revisions\/80436"}],"wp:featuredmedia":[{"embeddable":true,"href":"https:\/\/araratfinland.com\/en\/wp-json\/wp\/v2\/media\/82680"}],"wp:attachment":[{"href":"https:\/\/araratfinland.com\/en\/wp-json\/wp\/v2\/media?parent=45626"}],"wp:term":[{"taxonomy":"location","embeddable":true,"href":"https:\/\/araratfinland.com\/en\/wp-json\/wp\/v2\/location?post=45626"},{"taxonomy":"product_brand","embeddable":true,"href":"https:\/\/araratfinland.com\/en\/wp-json\/wp\/v2\/product_brand?post=45626"},{"taxonomy":"product_cat","embeddable":true,"href":"https:\/\/araratfinland.com\/en\/wp-json\/wp\/v2\/product_cat?post=45626"},{"taxonomy":"product_tag","embeddable":true,"href":"https:\/\/araratfinland.com\/en\/wp-json\/wp\/v2\/product_tag?post=45626"}],"curies":[{"name":"wp","href":"https:\/\/api.w.org\/{rel}","templated":true}]}}