{"id":45582,"date":"2024-06-02T02:26:08","date_gmt":"2024-06-01T23:26:08","guid":{"rendered":"https:\/\/araratfinland.com\/?post_type=product&#038;p=45582"},"modified":"2025-09-15T15:57:28","modified_gmt":"2025-09-15T12:57:28","slug":"meza-chili-lime-chips-155g","status":"publish","type":"product","link":"https:\/\/araratfinland.com\/en\/product\/meza-chili-lime-chips-155g\/","title":{"rendered":"Meza Chili Lime Maissipuffit 135g"},"content":{"rendered":"<p data-start=\"55\" data-end=\"224\"><strong data-start=\"55\" data-end=\"69\">Ainesosat:<\/strong> Maissiryynit, kasvi\u00f6ljy (auringonkukka), mausteseos [suola, arominvahventeet (E621, E627, E631), sitruunahappo (E330), keinotekoiset v\u00e4rit (E162, E160c)].<\/p>\n<p data-start=\"226\" data-end=\"294\"><strong data-start=\"226\" data-end=\"253\">Saattaa sis\u00e4lt\u00e4\u00e4 j\u00e4\u00e4mi\u00e4<\/strong> maap\u00e4hkin\u00f6ist\u00e4, soijasta ja p\u00e4hkin\u00f6ist\u00e4.<\/p>\n<p data-start=\"296\" data-end=\"352\"><strong data-start=\"296\" data-end=\"309\">S\u00e4ilytys:<\/strong> S\u00e4ilyt\u00e4 kuivassa paikassa huoneenl\u00e4mm\u00f6ss\u00e4.<\/p>\n","protected":false},"excerpt":{"rendered":"<p>Ainesosat: Maissiryynit, kasvi\u00f6ljy (auringonkukka), mausteseos [suola, arominvahventeet (E621, E627, E631), sitruunahappo (E330), keinotekoiset v\u00e4rit (E162, E160c)]. Saattaa sis\u00e4lt\u00e4\u00e4 j\u00e4\u00e4mi\u00e4 maap\u00e4hkin\u00f6ist\u00e4,<\/p>\n","protected":false},"featured_media":92035,"template":"","meta":{"om_disable_all_campaigns":false,"_monsterinsights_skip_tracking":false,"_monsterinsights_sitenote_active":false,"_monsterinsights_sitenote_note":"","_monsterinsights_sitenote_category":0},"location":[1422],"product_brand":[1423],"product_cat":[1324],"product_tag":[],"class_list":{"0":"post-45582","1":"product","2":"type-product","3":"status-publish","4":"has-post-thumbnail","6":"location-v","7":"product_brand-ararat-ari-food","8":"product_cat-makeiset-fi","9":"stock_type-pcs-en","11":"first","12":"instock","13":"taxable","14":"shipping-taxable","15":"purchasable","16":"product-type-simple"},"aioseo_notices":[],"locations":[{"id":1422,"name":"v","slug":"v","quantity":"1152"}],"_links":{"self":[{"href":"https:\/\/araratfinland.com\/en\/wp-json\/wp\/v2\/product\/45582","targetHints":{"allow":["GET"]}}],"collection":[{"href":"https:\/\/araratfinland.com\/en\/wp-json\/wp\/v2\/product"}],"about":[{"href":"https:\/\/araratfinland.com\/en\/wp-json\/wp\/v2\/types\/product"}],"version-history":[{"count":4,"href":"https:\/\/araratfinland.com\/en\/wp-json\/wp\/v2\/product\/45582\/revisions"}],"predecessor-version":[{"id":92037,"href":"https:\/\/araratfinland.com\/en\/wp-json\/wp\/v2\/product\/45582\/revisions\/92037"}],"wp:featuredmedia":[{"embeddable":true,"href":"https:\/\/araratfinland.com\/en\/wp-json\/wp\/v2\/media\/92035"}],"wp:attachment":[{"href":"https:\/\/araratfinland.com\/en\/wp-json\/wp\/v2\/media?parent=45582"}],"wp:term":[{"taxonomy":"location","embeddable":true,"href":"https:\/\/araratfinland.com\/en\/wp-json\/wp\/v2\/location?post=45582"},{"taxonomy":"product_brand","embeddable":true,"href":"https:\/\/araratfinland.com\/en\/wp-json\/wp\/v2\/product_brand?post=45582"},{"taxonomy":"product_cat","embeddable":true,"href":"https:\/\/araratfinland.com\/en\/wp-json\/wp\/v2\/product_cat?post=45582"},{"taxonomy":"product_tag","embeddable":true,"href":"https:\/\/araratfinland.com\/en\/wp-json\/wp\/v2\/product_tag?post=45582"}],"curies":[{"name":"wp","href":"https:\/\/api.w.org\/{rel}","templated":true}]}}