{"id":45578,"date":"2024-06-02T02:26:08","date_gmt":"2024-06-01T23:26:08","guid":{"rendered":"https:\/\/araratfinland.com\/?post_type=product&#038;p=45578"},"modified":"2025-09-15T15:57:34","modified_gmt":"2025-09-15T12:57:34","slug":"meza-paprika-chips-140g","status":"publish","type":"product","link":"https:\/\/araratfinland.com\/en\/product\/meza-paprika-chips-140g\/","title":{"rendered":"Meza Paprika Maissipuffit 135g"},"content":{"rendered":"<p data-start=\"55\" data-end=\"409\"><strong data-start=\"55\" data-end=\"69\">Ainesosat:<\/strong> Maissiryynit, kasvi\u00f6ljy (auringonkukka, palmu, rapsi), mausteseos [sokeri, suola, vehn\u00e4jauho, arominvahvenne E621, paakkuuntumisenestoaine E551, keinotekoiset v\u00e4rit (E160c, E150a), savuaromi, makean maissin aromi], maitojauhe ja perunat\u00e4rkkelys.<br data-start=\"315\" data-end=\"318\" \/> <strong data-start=\"318\" data-end=\"345\">Saattaa sis\u00e4lt\u00e4\u00e4 j\u00e4\u00e4mi\u00e4<\/strong> maap\u00e4hkin\u00f6ist\u00e4, soijasta, maidosta, gluteenista ja p\u00e4hkin\u00f6ist\u00e4.<\/p>\n<p data-start=\"411\" data-end=\"467\"><strong data-start=\"411\" data-end=\"424\">S\u00e4ilytys:<\/strong> S\u00e4ilyt\u00e4 kuivassa paikassa huoneenl\u00e4mm\u00f6ss\u00e4.<\/p>\n","protected":false},"excerpt":{"rendered":"<p>Ainesosat: Maissiryynit, kasvi\u00f6ljy (auringonkukka, palmu, rapsi), mausteseos [sokeri, suola, vehn\u00e4jauho, arominvahvenne E621, paakkuuntumisenestoaine E551, keinotekoiset v\u00e4rit (E160c, E150a), savuaromi, makean<\/p>\n","protected":false},"featured_media":92038,"template":"","meta":{"om_disable_all_campaigns":false,"_monsterinsights_skip_tracking":false,"_monsterinsights_sitenote_active":false,"_monsterinsights_sitenote_note":"","_monsterinsights_sitenote_category":0},"location":[1422],"product_brand":[1423],"product_cat":[1324],"product_tag":[],"class_list":{"0":"post-45578","1":"product","2":"type-product","3":"status-publish","4":"has-post-thumbnail","6":"location-v","7":"product_brand-ararat-ari-food","8":"product_cat-makeiset-fi","9":"stock_type-pcs-en","11":"first","12":"instock","13":"taxable","14":"shipping-taxable","15":"purchasable","16":"product-type-simple"},"aioseo_notices":[],"locations":[{"id":1422,"name":"v","slug":"v","quantity":"810"}],"_links":{"self":[{"href":"https:\/\/araratfinland.com\/en\/wp-json\/wp\/v2\/product\/45578","targetHints":{"allow":["GET"]}}],"collection":[{"href":"https:\/\/araratfinland.com\/en\/wp-json\/wp\/v2\/product"}],"about":[{"href":"https:\/\/araratfinland.com\/en\/wp-json\/wp\/v2\/types\/product"}],"version-history":[{"count":4,"href":"https:\/\/araratfinland.com\/en\/wp-json\/wp\/v2\/product\/45578\/revisions"}],"predecessor-version":[{"id":92040,"href":"https:\/\/araratfinland.com\/en\/wp-json\/wp\/v2\/product\/45578\/revisions\/92040"}],"wp:featuredmedia":[{"embeddable":true,"href":"https:\/\/araratfinland.com\/en\/wp-json\/wp\/v2\/media\/92038"}],"wp:attachment":[{"href":"https:\/\/araratfinland.com\/en\/wp-json\/wp\/v2\/media?parent=45578"}],"wp:term":[{"taxonomy":"location","embeddable":true,"href":"https:\/\/araratfinland.com\/en\/wp-json\/wp\/v2\/location?post=45578"},{"taxonomy":"product_brand","embeddable":true,"href":"https:\/\/araratfinland.com\/en\/wp-json\/wp\/v2\/product_brand?post=45578"},{"taxonomy":"product_cat","embeddable":true,"href":"https:\/\/araratfinland.com\/en\/wp-json\/wp\/v2\/product_cat?post=45578"},{"taxonomy":"product_tag","embeddable":true,"href":"https:\/\/araratfinland.com\/en\/wp-json\/wp\/v2\/product_tag?post=45578"}],"curies":[{"name":"wp","href":"https:\/\/api.w.org\/{rel}","templated":true}]}}