{"id":45475,"date":"2024-06-02T02:25:47","date_gmt":"2024-06-01T23:25:47","guid":{"rendered":"https:\/\/araratfinland.com\/?post_type=product&#038;p=45475"},"modified":"2025-10-09T15:32:38","modified_gmt":"2025-10-09T12:32:38","slug":"pistaasipahkinat-suolattu-450g","status":"publish","type":"product","link":"https:\/\/araratfinland.com\/en\/product\/pistaasipahkinat-suolattu-450g\/","title":{"rendered":"Pistaasip\u00e4hkin\u00e4t suolattu 450g"},"content":{"rendered":"<p data-start=\"107\" data-end=\"343\"><strong data-start=\"107\" data-end=\"155\">Pistaasip\u00e4hkin\u00e4t \u2013 Merisuolatut ja Paahdetut<\/strong><br data-start=\"155\" data-end=\"158\" \/> <strong data-start=\"158\" data-end=\"172\">Ainesosat:<\/strong> Pistaasip\u00e4hkin\u00e4t, suola, maissit\u00e4rkkelys, sitruunahappo (E330).<br data-start=\"236\" data-end=\"239\" \/><strong data-start=\"345\" data-end=\"372\">Ravintosis\u00e4lt\u00f6 \/ 100 g:<br \/><\/strong>Energia: 2379 kJ \/ 569 kcal<br \/>Rasva: 46 g (josta tyydyttynytt\u00e4 5,6 g)<br \/>Hiilihydraatit: 28 g (joista sokereita 7,7 g)<br \/>Proteiini: 21 g<br \/>Suola: 3,9 g<br \/><strong data-start=\"527\" data-end=\"545\">Parasta ennen:<\/strong> 09.06.2026<br \/><strong data-start=\"614\" data-end=\"627\">S\u00e4ilytys:<\/strong> S\u00e4ilyt\u00e4 kuivassa, viile\u00e4ss\u00e4 ja valolta suojatussa paikassa.<\/p>\n","protected":false},"excerpt":{"rendered":"<p>Pistaasip\u00e4hkin\u00e4t \u2013 Merisuolatut ja Paahdetut Ainesosat: Pistaasip\u00e4hkin\u00e4t, suola, maissit\u00e4rkkelys, sitruunahappo (E330).Ravintosis\u00e4lt\u00f6 \/ 100 g:Energia: 2379 kJ \/ 569 kcalRasva: 46<\/p>\n","protected":false},"featured_media":96137,"template":"","meta":{"om_disable_all_campaigns":false,"_monsterinsights_skip_tracking":false,"_monsterinsights_sitenote_active":false,"_monsterinsights_sitenote_note":"","_monsterinsights_sitenote_category":0},"location":[1422],"product_brand":[1423],"product_cat":[1479],"product_tag":[],"class_list":{"0":"post-45475","1":"product","2":"type-product","3":"status-publish","4":"has-post-thumbnail","6":"location-v","7":"product_brand-ararat-ari-food","8":"product_cat-phkintrusinat-en-kuiva-tuotteet-fi-2","9":"stock_type-pcs-en","11":"first","12":"instock","13":"taxable","14":"shipping-taxable","15":"purchasable","16":"product-type-simple"},"aioseo_notices":[],"locations":[{"id":1422,"name":"v","slug":"v","quantity":"20"}],"_links":{"self":[{"href":"https:\/\/araratfinland.com\/en\/wp-json\/wp\/v2\/product\/45475","targetHints":{"allow":["GET"]}}],"collection":[{"href":"https:\/\/araratfinland.com\/en\/wp-json\/wp\/v2\/product"}],"about":[{"href":"https:\/\/araratfinland.com\/en\/wp-json\/wp\/v2\/types\/product"}],"version-history":[{"count":2,"href":"https:\/\/araratfinland.com\/en\/wp-json\/wp\/v2\/product\/45475\/revisions"}],"predecessor-version":[{"id":96139,"href":"https:\/\/araratfinland.com\/en\/wp-json\/wp\/v2\/product\/45475\/revisions\/96139"}],"wp:featuredmedia":[{"embeddable":true,"href":"https:\/\/araratfinland.com\/en\/wp-json\/wp\/v2\/media\/96137"}],"wp:attachment":[{"href":"https:\/\/araratfinland.com\/en\/wp-json\/wp\/v2\/media?parent=45475"}],"wp:term":[{"taxonomy":"location","embeddable":true,"href":"https:\/\/araratfinland.com\/en\/wp-json\/wp\/v2\/location?post=45475"},{"taxonomy":"product_brand","embeddable":true,"href":"https:\/\/araratfinland.com\/en\/wp-json\/wp\/v2\/product_brand?post=45475"},{"taxonomy":"product_cat","embeddable":true,"href":"https:\/\/araratfinland.com\/en\/wp-json\/wp\/v2\/product_cat?post=45475"},{"taxonomy":"product_tag","embeddable":true,"href":"https:\/\/araratfinland.com\/en\/wp-json\/wp\/v2\/product_tag?post=45475"}],"curies":[{"name":"wp","href":"https:\/\/api.w.org\/{rel}","templated":true}]}}