{"id":45471,"date":"2024-06-02T02:25:46","date_gmt":"2024-06-01T23:25:46","guid":{"rendered":"https:\/\/araratfinland.com\/?post_type=product&#038;p=45471"},"modified":"2025-08-01T15:22:51","modified_gmt":"2025-08-01T12:22:51","slug":"pistaasipahkinat-kevyesti-suolattu-450g","status":"publish","type":"product","link":"https:\/\/araratfinland.com\/en\/product\/pistaasipahkinat-kevyesti-suolattu-450g\/","title":{"rendered":"Pistaasip\u00e4hkin\u00e4t kevyesti suolattu 450g"},"content":{"rendered":"<p data-start=\"93\" data-end=\"289\"><strong data-start=\"129\" data-end=\"143\">Pistaasip\u00e4hkin\u00e4t \u2013 Suolatut ja Paahdetut<br \/>Ainesosat:<\/strong> Pistaasi, suola, sitruunahappo (E330).<br data-start=\"182\" data-end=\"185\" \/><strong data-start=\"291\" data-end=\"318\">Ravintosis\u00e4lt\u00f6 \/ 100 g:<\/strong> Energia: 2379 kJ \/ 569 kcal<br data-start=\"348\" data-end=\"351\" \/> Rasva: 46 g (josta tyydyttynytt\u00e4 5,6 g)<br data-start=\"390\" data-end=\"393\" \/> Hiilihydraatit: 28 g (joista sokereita 7,7 g)<br data-start=\"438\" data-end=\"441\" \/> Proteiini: 21 g<br data-start=\"456\" data-end=\"459\" \/> Suola: 3,9 g<\/p>\n<p data-start=\"473\" data-end=\"558\"><strong data-start=\"473\" data-end=\"491\">Parasta ennen:<\/strong> 10.06.2026<br data-start=\"502\" data-end=\"505\" \/><strong data-start=\"538\" data-end=\"553\">Nettopaino:<\/strong>\u00a0450g<br \/><strong data-start=\"560\" data-end=\"573\">S\u00e4ilytys:<\/strong> S\u00e4ilyt\u00e4 kuivassa, viile\u00e4ss\u00e4 ja valolta suojatussa paikassa.<\/p>\n","protected":false},"excerpt":{"rendered":"<p>Pistaasip\u00e4hkin\u00e4t \u2013 Suolatut ja PaahdetutAinesosat: Pistaasi, suola, sitruunahappo (E330).Ravintosis\u00e4lt\u00f6 \/ 100 g: Energia: 2379 kJ \/ 569 kcal Rasva: 46<\/p>\n","protected":false},"featured_media":45469,"template":"","meta":{"om_disable_all_campaigns":false,"_monsterinsights_skip_tracking":false,"_monsterinsights_sitenote_active":false,"_monsterinsights_sitenote_note":"","_monsterinsights_sitenote_category":0},"location":[1422],"product_brand":[1423],"product_cat":[1479],"product_tag":[],"class_list":{"0":"post-45471","1":"product","2":"type-product","3":"status-publish","4":"has-post-thumbnail","6":"location-v","7":"product_brand-ararat-ari-food","8":"product_cat-phkintrusinat-en-kuiva-tuotteet-fi-2","9":"stock_type-pcs-en","11":"first","12":"instock","13":"taxable","14":"shipping-taxable","15":"purchasable","16":"product-type-simple"},"aioseo_notices":[],"locations":[{"id":1422,"name":"v","slug":"v","quantity":"20"}],"_links":{"self":[{"href":"https:\/\/araratfinland.com\/en\/wp-json\/wp\/v2\/product\/45471","targetHints":{"allow":["GET"]}}],"collection":[{"href":"https:\/\/araratfinland.com\/en\/wp-json\/wp\/v2\/product"}],"about":[{"href":"https:\/\/araratfinland.com\/en\/wp-json\/wp\/v2\/types\/product"}],"version-history":[{"count":2,"href":"https:\/\/araratfinland.com\/en\/wp-json\/wp\/v2\/product\/45471\/revisions"}],"predecessor-version":[{"id":81784,"href":"https:\/\/araratfinland.com\/en\/wp-json\/wp\/v2\/product\/45471\/revisions\/81784"}],"wp:featuredmedia":[{"embeddable":true,"href":"https:\/\/araratfinland.com\/en\/wp-json\/wp\/v2\/media\/45469"}],"wp:attachment":[{"href":"https:\/\/araratfinland.com\/en\/wp-json\/wp\/v2\/media?parent=45471"}],"wp:term":[{"taxonomy":"location","embeddable":true,"href":"https:\/\/araratfinland.com\/en\/wp-json\/wp\/v2\/location?post=45471"},{"taxonomy":"product_brand","embeddable":true,"href":"https:\/\/araratfinland.com\/en\/wp-json\/wp\/v2\/product_brand?post=45471"},{"taxonomy":"product_cat","embeddable":true,"href":"https:\/\/araratfinland.com\/en\/wp-json\/wp\/v2\/product_cat?post=45471"},{"taxonomy":"product_tag","embeddable":true,"href":"https:\/\/araratfinland.com\/en\/wp-json\/wp\/v2\/product_tag?post=45471"}],"curies":[{"name":"wp","href":"https:\/\/api.w.org\/{rel}","templated":true}]}}