{"id":45231,"date":"2024-06-02T02:25:04","date_gmt":"2024-06-01T23:25:04","guid":{"rendered":"https:\/\/araratfinland.com\/?post_type=product&#038;p=45231"},"modified":"2025-09-15T13:40:17","modified_gmt":"2025-09-15T10:40:17","slug":"meza-sunflower-seeds-roasted-200g","status":"publish","type":"product","link":"https:\/\/araratfinland.com\/en\/product\/meza-sunflower-seeds-roasted-200g\/","title":{"rendered":"Meza Sunflower seeds roasted 200g"},"content":{"rendered":"<p><span style=\"color: #222222;font-family: Arial, Helvetica, sans-serif;font-size: small\">Auringonkukansiemenet &#8211; Paahdetut ja suolatut,<\/span><br style=\"color: #222222;font-family: Arial, Helvetica, sans-serif;font-size: small\" \/><span style=\"color: #222222;font-family: Arial, Helvetica, sans-serif;font-size: small\">Nettopaino 300g<br \/><\/span><br style=\"color: #222222;font-family: Arial, Helvetica, sans-serif;font-size: small\" \/><span style=\"color: #222222;font-family: Arial, Helvetica, sans-serif;font-size: small\">Ainesosat: Auringonkukansiemenet, suola,<\/span><br style=\"color: #222222;font-family: Arial, Helvetica, sans-serif;font-size: small\" \/><span style=\"color: #222222;font-family: Arial, Helvetica, sans-serif;font-size: small\">maissit\u00e4rkkelys, sitruunahappo (E330).<\/span><br style=\"color: #222222;font-family: Arial, Helvetica, sans-serif;font-size: small\" \/><span style=\"color: #222222;font-family: Arial, Helvetica, sans-serif;font-size: small\">Saattaa sis\u00e4lt\u00e4\u00e4 j\u00e4\u00e4mi\u00e4: <strong>Maap\u00e4hkin\u00f6ist\u00e4,<\/strong><\/span><br style=\"color: #222222;font-family: Arial, Helvetica, sans-serif;font-size: small\" \/><strong><span style=\"color: #222222;font-family: Arial, Helvetica, sans-serif;font-size: small\">manteleista ja muista p\u00e4hkin\u00f6ist\u00e4.<br \/><\/span><\/strong><br style=\"color: #222222;font-family: Arial, Helvetica, sans-serif;font-size: small\" \/><span style=\"color: #222222;font-family: Arial, Helvetica, sans-serif;font-size: small\">S\u00e4ilyt\u00e4 viile\u00e4ssa ja kuivassa\u00a0<br \/><\/span><br style=\"color: #222222;font-family: Arial, Helvetica, sans-serif;font-size: small\" \/><strong><span style=\"color: #222222;font-family: Arial, Helvetica, sans-serif;font-size: small\">Varoitus: Pienet lapset voivat tukehtua p\u00e4hkin\u00f6ihin.<\/span><\/strong><br style=\"color: #222222;font-family: Arial, Helvetica, sans-serif;font-size: small\" \/><span style=\"color: #222222;font-family: Arial, Helvetica, sans-serif;font-size: small\">Alkuper\u00e4maa: EU:n ulkopuolelta.<br \/><\/span><br style=\"color: #222222;font-family: Arial, Helvetica, sans-serif;font-size: small\" \/><span style=\"color: #222222;font-family: Arial, Helvetica, sans-serif;font-size: small\"><strong>Ravitsemustiedot per 100 g<\/strong>:<br \/>Energia 2645kJ\/640kcal,rasva 54g <br \/>joista tyydyttynytt 7,9g, hiilihydraatti 3,0g,<\/span><br style=\"color: #222222;font-family: Arial, Helvetica, sans-serif;font-size: small\" \/><span style=\"color: #222222;font-family: Arial, Helvetica, sans-serif;font-size: small\">joista sokereita 3,0g. proteiini 30g, suola 3,9g<br \/><\/span><\/p>\n","protected":false},"excerpt":{"rendered":"<p>Auringonkukansiemenet &#8211; Paahdetut ja suolatut,Nettopaino 300gAinesosat: Auringonkukansiemenet, suola,maissit\u00e4rkkelys, sitruunahappo (E330).Saattaa sis\u00e4lt\u00e4\u00e4 j\u00e4\u00e4mi\u00e4: Maap\u00e4hkin\u00f6ist\u00e4,manteleista ja muista p\u00e4hkin\u00f6ist\u00e4.S\u00e4ilyt\u00e4 viile\u00e4ssa ja kuivassa\u00a0Varoitus: Pienet<\/p>\n","protected":false},"featured_media":91943,"template":"","meta":{"om_disable_all_campaigns":false,"_monsterinsights_skip_tracking":false,"_monsterinsights_sitenote_active":false,"_monsterinsights_sitenote_note":"","_monsterinsights_sitenote_category":0},"location":[1422],"product_brand":[1423],"product_cat":[1479],"product_tag":[],"class_list":{"0":"post-45231","1":"product","2":"type-product","3":"status-publish","4":"has-post-thumbnail","6":"location-v","7":"product_brand-ararat-ari-food","8":"product_cat-phkintrusinat-en-kuiva-tuotteet-fi-2","9":"stock_type-pcs-en","11":"first","12":"instock","13":"taxable","14":"shipping-taxable","15":"purchasable","16":"product-type-simple"},"aioseo_notices":[],"locations":[{"id":1422,"name":"v","slug":"v","quantity":"903"}],"_links":{"self":[{"href":"https:\/\/araratfinland.com\/en\/wp-json\/wp\/v2\/product\/45231","targetHints":{"allow":["GET"]}}],"collection":[{"href":"https:\/\/araratfinland.com\/en\/wp-json\/wp\/v2\/product"}],"about":[{"href":"https:\/\/araratfinland.com\/en\/wp-json\/wp\/v2\/types\/product"}],"version-history":[{"count":2,"href":"https:\/\/araratfinland.com\/en\/wp-json\/wp\/v2\/product\/45231\/revisions"}],"predecessor-version":[{"id":91910,"href":"https:\/\/araratfinland.com\/en\/wp-json\/wp\/v2\/product\/45231\/revisions\/91910"}],"wp:featuredmedia":[{"embeddable":true,"href":"https:\/\/araratfinland.com\/en\/wp-json\/wp\/v2\/media\/91943"}],"wp:attachment":[{"href":"https:\/\/araratfinland.com\/en\/wp-json\/wp\/v2\/media?parent=45231"}],"wp:term":[{"taxonomy":"location","embeddable":true,"href":"https:\/\/araratfinland.com\/en\/wp-json\/wp\/v2\/location?post=45231"},{"taxonomy":"product_brand","embeddable":true,"href":"https:\/\/araratfinland.com\/en\/wp-json\/wp\/v2\/product_brand?post=45231"},{"taxonomy":"product_cat","embeddable":true,"href":"https:\/\/araratfinland.com\/en\/wp-json\/wp\/v2\/product_cat?post=45231"},{"taxonomy":"product_tag","embeddable":true,"href":"https:\/\/araratfinland.com\/en\/wp-json\/wp\/v2\/product_tag?post=45231"}],"curies":[{"name":"wp","href":"https:\/\/api.w.org\/{rel}","templated":true}]}}