{"id":45196,"date":"2024-06-02T02:24:57","date_gmt":"2024-06-01T23:24:57","guid":{"rendered":"https:\/\/araratfinland.com\/product\/pg-tips-tea-bags-160pc-464g\/"},"modified":"2025-08-20T10:14:29","modified_gmt":"2025-08-20T07:14:29","slug":"pg-tips-tea-bags-160pc-464g","status":"publish","type":"product","link":"https:\/\/araratfinland.com\/en\/product\/pg-tips-tea-bags-160pc-464g\/","title":{"rendered":"PG Tips Tea 300 bags"},"content":{"rendered":"<p style=\"color: #222222;font-family: Arial, Helvetica, sans-serif;font-size: small\">PG Tips\u00a0<\/p>\n<p> <strong>Tuote:<\/strong>\u00a0Musta tee (300 teepussia).<br \/> <strong>S\u00e4ilytys:<\/strong>\u00a0S\u00e4ilyt\u00e4 viile\u00e4ss\u00e4 ja kuivassa paikassa. <br \/><strong>Valmistus:<\/strong>\u00a0Hauduta teepussia kuumassa vedess\u00e4 1\u20132 minuuttia ja lis\u00e4\u00e4 maitoa, jos haluat. <\/p>\n<p style=\"color: #222222;font-family: Arial, Helvetica, sans-serif;font-size: small\"><strong style=\"color: #000000;font-family: Arial;font-size: 12px\">Nettopaino:<\/strong><span style=\"color: #000000;font-family: Arial;font-size: 12px\">\u00a0870 g<\/span><\/p>\n","protected":false},"excerpt":{"rendered":"<p>PG Tips\u00a0 Tuote:\u00a0Musta tee (300 teepussia). S\u00e4ilytys:\u00a0S\u00e4ilyt\u00e4 viile\u00e4ss\u00e4 ja kuivassa paikassa. Valmistus:\u00a0Hauduta teepussia kuumassa vedess\u00e4 1\u20132 minuuttia ja lis\u00e4\u00e4 maitoa,<\/p>\n","protected":false},"featured_media":85489,"template":"","meta":{"om_disable_all_campaigns":false,"_monsterinsights_skip_tracking":false,"_monsterinsights_sitenote_active":false,"_monsterinsights_sitenote_note":"","_monsterinsights_sitenote_category":0},"location":[1422],"product_brand":[1423],"product_cat":[1340],"product_tag":[],"class_list":{"0":"post-45196","1":"product","2":"type-product","3":"status-publish","4":"has-post-thumbnail","6":"location-v","7":"product_brand-ararat-ari-food","8":"product_cat-teet-kahvit-fi","9":"stock_type-pcs-en","11":"first","12":"instock","13":"taxable","14":"shipping-taxable","15":"purchasable","16":"product-type-simple"},"aioseo_notices":[],"locations":[{"id":1422,"name":"v","slug":"v","quantity":"0"}],"_links":{"self":[{"href":"https:\/\/araratfinland.com\/en\/wp-json\/wp\/v2\/product\/45196","targetHints":{"allow":["GET"]}}],"collection":[{"href":"https:\/\/araratfinland.com\/en\/wp-json\/wp\/v2\/product"}],"about":[{"href":"https:\/\/araratfinland.com\/en\/wp-json\/wp\/v2\/types\/product"}],"version-history":[{"count":3,"href":"https:\/\/araratfinland.com\/en\/wp-json\/wp\/v2\/product\/45196\/revisions"}],"predecessor-version":[{"id":85488,"href":"https:\/\/araratfinland.com\/en\/wp-json\/wp\/v2\/product\/45196\/revisions\/85488"}],"wp:featuredmedia":[{"embeddable":true,"href":"https:\/\/araratfinland.com\/en\/wp-json\/wp\/v2\/media\/85489"}],"wp:attachment":[{"href":"https:\/\/araratfinland.com\/en\/wp-json\/wp\/v2\/media?parent=45196"}],"wp:term":[{"taxonomy":"location","embeddable":true,"href":"https:\/\/araratfinland.com\/en\/wp-json\/wp\/v2\/location?post=45196"},{"taxonomy":"product_brand","embeddable":true,"href":"https:\/\/araratfinland.com\/en\/wp-json\/wp\/v2\/product_brand?post=45196"},{"taxonomy":"product_cat","embeddable":true,"href":"https:\/\/araratfinland.com\/en\/wp-json\/wp\/v2\/product_cat?post=45196"},{"taxonomy":"product_tag","embeddable":true,"href":"https:\/\/araratfinland.com\/en\/wp-json\/wp\/v2\/product_tag?post=45196"}],"curies":[{"name":"wp","href":"https:\/\/api.w.org\/{rel}","templated":true}]}}