{"id":44636,"date":"2024-06-02T02:22:49","date_gmt":"2024-06-01T23:22:49","guid":{"rendered":"https:\/\/araratfinland.com\/product\/sebahat-lokum-mixed-nuts-180g\/"},"modified":"2025-10-13T10:39:53","modified_gmt":"2025-10-13T07:39:53","slug":"sebahat-lokum-mixed-nuts-180g","status":"publish","type":"product","link":"https:\/\/araratfinland.com\/en\/product\/sebahat-lokum-mixed-nuts-180g\/","title":{"rendered":"Sebahat Lokum Mixed Nuts 180g"},"content":{"rendered":"<h4 style=\", Helvetica, Arial, sans-serif;line-height: 1.1;margin-top: 5px;margin-bottom: 10px;font-size: 14px\"><span style=\"font-size: 18px;color: #000000\">Turkkilainen\u00a0makeinen kanssa p\u00e4hkin\u00e4sekoitus.\u00a0<\/span><\/h4>\n<h4 style=\", Helvetica, Arial, sans-serif;line-height: 1.1;margin-top: 5px;margin-bottom: 10px;font-size: 14px\"><span style=\"font-size: 18px;color: #000000\"><span>Ainesosat:\u00a0<\/span>Sokeri, vesi,\u00a0<span>vehn\u00e4t\u00e4rkkelys, pistaasip\u00e4hkin\u00e4t (2%) hasselp\u00e4hkin\u00e4 (2%), mantelit (2%).\u00a0<br \/><\/span><\/span><\/h4>\n<h4 style=\", Helvetica, Arial, sans-serif;line-height: 1.1;margin-top: 5px;margin-bottom: 10px;font-size: 14px\"><span style=\"font-size: 18px;color: #000000\"><span>Happo: sitruunahappo. S\u00e4ilyt\u00e4 viile\u00e4ss\u00e4 ja kuivassa paikassa.\u00a0<\/span><\/span><\/h4>\n<h4 style=\", Helvetica, Arial, sans-serif;line-height: 1.1;margin-top: 5px;margin-bottom: 10px;font-size: 14px\"><span style=\"font-size: 18px;color: #000000\">Saattaa sis\u00e4lt\u00e4\u00e4 pienia m\u00e4\u00e4ri\u00e4\u00a0maissia.<\/span><\/h4>\n<h4 style=\", Helvetica, Arial, sans-serif;line-height: 1.1;margin-top: 5px;margin-bottom: 10px;font-size: 14px\"><span style=\"font-size: 18px;color: #000000\"><span>S\u00e4ilytys:\u00a0<\/span>Kuivassa ja viile\u00e4ss\u00e4 paikassa.<\/span><\/h4>\n","protected":false},"excerpt":{"rendered":"<p>Turkkilainen\u00a0makeinen kanssa p\u00e4hkin\u00e4sekoitus.\u00a0 Ainesosat:\u00a0Sokeri, vesi,\u00a0vehn\u00e4t\u00e4rkkelys, pistaasip\u00e4hkin\u00e4t (2%) hasselp\u00e4hkin\u00e4 (2%), mantelit (2%).\u00a0 Happo: sitruunahappo. S\u00e4ilyt\u00e4 viile\u00e4ss\u00e4 ja kuivassa paikassa.\u00a0 Saattaa sis\u00e4lt\u00e4\u00e4<\/p>\n","protected":false},"featured_media":96310,"template":"","meta":{"om_disable_all_campaigns":false,"_monsterinsights_skip_tracking":false,"_monsterinsights_sitenote_active":false,"_monsterinsights_sitenote_note":"","_monsterinsights_sitenote_category":0},"location":[1422],"product_brand":[1423],"product_cat":[1324],"product_tag":[],"class_list":{"0":"post-44636","1":"product","2":"type-product","3":"status-publish","4":"has-post-thumbnail","6":"location-v","7":"product_brand-ararat-ari-food","8":"product_cat-makeiset-fi","9":"stock_type-pcs-en","11":"first","12":"instock","13":"taxable","14":"shipping-taxable","15":"purchasable","16":"product-type-simple"},"aioseo_notices":[],"locations":[{"id":1422,"name":"v","slug":"v","quantity":"0"}],"_links":{"self":[{"href":"https:\/\/araratfinland.com\/en\/wp-json\/wp\/v2\/product\/44636","targetHints":{"allow":["GET"]}}],"collection":[{"href":"https:\/\/araratfinland.com\/en\/wp-json\/wp\/v2\/product"}],"about":[{"href":"https:\/\/araratfinland.com\/en\/wp-json\/wp\/v2\/types\/product"}],"version-history":[{"count":1,"href":"https:\/\/araratfinland.com\/en\/wp-json\/wp\/v2\/product\/44636\/revisions"}],"predecessor-version":[{"id":56355,"href":"https:\/\/araratfinland.com\/en\/wp-json\/wp\/v2\/product\/44636\/revisions\/56355"}],"wp:featuredmedia":[{"embeddable":true,"href":"https:\/\/araratfinland.com\/en\/wp-json\/wp\/v2\/media\/96310"}],"wp:attachment":[{"href":"https:\/\/araratfinland.com\/en\/wp-json\/wp\/v2\/media?parent=44636"}],"wp:term":[{"taxonomy":"location","embeddable":true,"href":"https:\/\/araratfinland.com\/en\/wp-json\/wp\/v2\/location?post=44636"},{"taxonomy":"product_brand","embeddable":true,"href":"https:\/\/araratfinland.com\/en\/wp-json\/wp\/v2\/product_brand?post=44636"},{"taxonomy":"product_cat","embeddable":true,"href":"https:\/\/araratfinland.com\/en\/wp-json\/wp\/v2\/product_cat?post=44636"},{"taxonomy":"product_tag","embeddable":true,"href":"https:\/\/araratfinland.com\/en\/wp-json\/wp\/v2\/product_tag?post=44636"}],"curies":[{"name":"wp","href":"https:\/\/api.w.org\/{rel}","templated":true}]}}