{"id":44632,"date":"2024-06-02T02:22:48","date_gmt":"2024-06-01T23:22:48","guid":{"rendered":"https:\/\/araratfinland.com\/product\/peram-fistikli-lokum-360g\/"},"modified":"2025-11-14T13:42:51","modified_gmt":"2025-11-14T11:42:51","slug":"peram-fistikli-lokum-360g","status":"publish","type":"product","link":"https:\/\/araratfinland.com\/en\/product\/peram-fistikli-lokum-360g\/","title":{"rendered":"Peram Fistikli Lokum 360g"},"content":{"rendered":"<h4 style=\", Helvetica, Arial, sans-serif;line-height: 1.1;margin-top: 5px;margin-bottom: 10px;font-size: 14px\"><span style=\"font-size: 18px;color: #000000\">Turkkilainen makeinen kanssa pistaasip\u00e4hkin\u00e4t.<\/span><\/h4>\n<h4 style=\", Helvetica, Arial, sans-serif;line-height: 1.1;margin-top: 5px;margin-bottom: 10px;font-size: 14px\"><span style=\"font-size: 18px;color: #000000\"><span>Ainekset:\u00a0<\/span>Sokeri, vesi, t\u00e4rkelys, pistaasip\u00e4hkin\u00e4t 6%, aromi, happo: sitruunnahappo.\u00a0<\/span><\/h4>\n<h4 style=\", Helvetica, Arial, sans-serif;line-height: 1.1;margin-top: 5px;margin-bottom: 10px;font-size: 14px\"><span style=\"font-size: 18px;color: #000000\">Saattaa sis\u00e4lt\u00e4\u00e4 pienia m\u00e4\u00e4ri\u00e4 p\u00e4hkin\u00f6it\u00e4 p\u00e4hkin\u00f6iden kova.\u00a0<\/span><\/h4>\n<h4 style=\", Helvetica, Arial, sans-serif;line-height: 1.1;margin-top: 5px;margin-bottom: 10px;font-size: 14px\"><span style=\"font-size: 18px;color: #000000\"><span>S\u00e4ilytys:\u00a0<\/span>Kuivassa ja viile\u00e4ss\u00e4 paikassa.<\/span><\/h4>\n<table style=\"border-spacing: 0px;border-collapse: collapse;, Helvetica, Arial, sans-serif;font-size: 11.05px;width: 376.203px\">\n<tbody>\n<tr>\n<td style=\"padding: 0px;width: 357.203px\" colspan=\"2\"><span style=\"font-size: 18px;color: #000000\"><span style=\"font-weight: bold\">Ravintosis\u00e4lt\u00f6 per 100g<\/span><\/span><\/td>\n<\/tr>\n<\/tbody>\n<tbody>\n<tr>\n<td style=\"padding: 0px;width: 196px\"><span style=\"font-size: 18px;color: #000000\">Energia<\/span><\/td>\n<td style=\"padding: 0px;width: 161.203px\"><span style=\"font-size: 18px;color: #000000\">1539kJ \/363kcal<\/span><\/td>\n<\/tr>\n<tr>\n<td style=\"padding: 0px;width: 196px\"><span style=\"font-size: 18px;color: #000000\">Rasva<\/span><\/td>\n<td style=\"padding: 0px;width: 161.203px\"><span style=\"font-size: 18px;color: #000000\">2,8 g<\/span><\/td>\n<\/tr>\n<tr>\n<td style=\"padding: 0px;width: 196px\"><span style=\"font-size: 18px;color: #000000\">josta tyydyttynytt\u00e4<\/span><\/td>\n<td style=\"padding: 0px;width: 161.203px\"><span style=\"font-size: 18px;color: #000000\">0,31 g<\/span><\/td>\n<\/tr>\n<tr>\n<td style=\"padding: 0px;width: 196px\"><span style=\"font-size: 18px;color: #000000\">Hiilihydraatit<\/span><\/td>\n<td style=\"padding: 0px;width: 161.203px\"><span style=\"font-size: 18px;color: #000000\">82,8 g<\/span><\/td>\n<\/tr>\n<tr>\n<td style=\"padding: 0px;width: 196px\"><span style=\"font-size: 18px;color: #000000\">josta sokereita<\/span><\/td>\n<td style=\"padding: 0px;width: 161.203px\"><span style=\"font-size: 18px;color: #000000\">74,1 g<\/span><\/td>\n<\/tr>\n<tr>\n<td style=\"padding: 0px;width: 196px\"><span style=\"font-size: 18px;color: #000000\">Proteiini<\/span><\/td>\n<td style=\"padding: 0px;width: 161.203px\"><span style=\"font-size: 18px;color: #000000\">1,2 g<\/span><\/td>\n<\/tr>\n<tr>\n<td style=\"padding: 0px;width: 196px\"><span style=\"font-size: 18px;color: #000000\">Suola<\/span><\/td>\n<td style=\"padding: 0px;width: 161.203px\"><span style=\"font-size: 18px;color: #000000\">0,01 g<\/span><\/td>\n<\/tr>\n<\/tbody>\n<\/table>\n","protected":false},"excerpt":{"rendered":"<p>Turkkilainen makeinen kanssa pistaasip\u00e4hkin\u00e4t. Ainekset:\u00a0Sokeri, vesi, t\u00e4rkelys, pistaasip\u00e4hkin\u00e4t 6%, aromi, happo: sitruunnahappo.\u00a0 Saattaa sis\u00e4lt\u00e4\u00e4 pienia m\u00e4\u00e4ri\u00e4 p\u00e4hkin\u00f6it\u00e4 p\u00e4hkin\u00f6iden kova.\u00a0 S\u00e4ilytys:\u00a0Kuivassa<\/p>\n","protected":false},"featured_media":100455,"template":"","meta":{"om_disable_all_campaigns":false,"_monsterinsights_skip_tracking":false,"_monsterinsights_sitenote_active":false,"_monsterinsights_sitenote_note":"","_monsterinsights_sitenote_category":0},"location":[1422],"product_brand":[1423],"product_cat":[1324],"product_tag":[],"class_list":{"0":"post-44632","1":"product","2":"type-product","3":"status-publish","4":"has-post-thumbnail","6":"location-v","7":"product_brand-ararat-ari-food","8":"product_cat-makeiset-fi","9":"stock_type-pcs-en","11":"first","12":"instock","13":"taxable","14":"shipping-taxable","15":"purchasable","16":"product-type-simple"},"aioseo_notices":[],"locations":[{"id":1422,"name":"v","slug":"v","quantity":"0"}],"_links":{"self":[{"href":"https:\/\/araratfinland.com\/en\/wp-json\/wp\/v2\/product\/44632","targetHints":{"allow":["GET"]}}],"collection":[{"href":"https:\/\/araratfinland.com\/en\/wp-json\/wp\/v2\/product"}],"about":[{"href":"https:\/\/araratfinland.com\/en\/wp-json\/wp\/v2\/types\/product"}],"version-history":[{"count":1,"href":"https:\/\/araratfinland.com\/en\/wp-json\/wp\/v2\/product\/44632\/revisions"}],"predecessor-version":[{"id":46487,"href":"https:\/\/araratfinland.com\/en\/wp-json\/wp\/v2\/product\/44632\/revisions\/46487"}],"wp:featuredmedia":[{"embeddable":true,"href":"https:\/\/araratfinland.com\/en\/wp-json\/wp\/v2\/media\/100455"}],"wp:attachment":[{"href":"https:\/\/araratfinland.com\/en\/wp-json\/wp\/v2\/media?parent=44632"}],"wp:term":[{"taxonomy":"location","embeddable":true,"href":"https:\/\/araratfinland.com\/en\/wp-json\/wp\/v2\/location?post=44632"},{"taxonomy":"product_brand","embeddable":true,"href":"https:\/\/araratfinland.com\/en\/wp-json\/wp\/v2\/product_brand?post=44632"},{"taxonomy":"product_cat","embeddable":true,"href":"https:\/\/araratfinland.com\/en\/wp-json\/wp\/v2\/product_cat?post=44632"},{"taxonomy":"product_tag","embeddable":true,"href":"https:\/\/araratfinland.com\/en\/wp-json\/wp\/v2\/product_tag?post=44632"}],"curies":[{"name":"wp","href":"https:\/\/api.w.org\/{rel}","templated":true}]}}