{"id":44270,"date":"2024-06-02T02:21:22","date_gmt":"2024-06-01T23:21:22","guid":{"rendered":"https:\/\/araratfinland.com\/product\/fulya-yogurt-25-1-kg\/"},"modified":"2025-11-07T16:06:58","modified_gmt":"2025-11-07T14:06:58","slug":"fulya-yogurt-25-1-kg","status":"publish","type":"product","link":"https:\/\/araratfinland.com\/en\/product\/fulya-yogurt-25-1-kg\/","title":{"rendered":"Fulya Yogurt 2,5% &#8211; 1 Kg"},"content":{"rendered":"<h3 data-start=\"202\" data-end=\"235\"><strong data-start=\"206\" data-end=\"233\">Jogurtti \u2013 2,5 % rasvaa<\/strong><\/h3>\n<p data-start=\"237\" data-end=\"325\"><strong data-start=\"237\" data-end=\"251\">Ainesosat:<\/strong><br data-start=\"251\" data-end=\"254\" \/> Past\u00f6roitu kevytmaito, past\u00f6roitu kerma (maito), maitohappobakteerit.<\/p>\n<p data-start=\"327\" data-end=\"355\"><strong data-start=\"327\" data-end=\"346\">Rasvapitoisuus:<\/strong> 2,5 %.<\/p>\n<p data-start=\"357\" data-end=\"454\"><strong data-start=\"357\" data-end=\"370\">S\u00e4ilytys:<\/strong><br data-start=\"370\" data-end=\"373\" \/> S\u00e4ilyt\u00e4 viile\u00e4ss\u00e4 4 \u00b0C \u2013 6 \u00b0C.<br data-start=\"405\" data-end=\"408\" \/> Avaamisen j\u00e4lkeen k\u00e4yt\u00e4 mahdollisimman pian.<\/p>\n<p data-start=\"456\" data-end=\"492\"><strong data-start=\"456\" data-end=\"474\">Parasta ennen:<\/strong> katso kannesta.<\/p>\n","protected":false},"excerpt":{"rendered":"<p>Jogurtti \u2013 2,5 % rasvaa Ainesosat: Past\u00f6roitu kevytmaito, past\u00f6roitu kerma (maito), maitohappobakteerit. Rasvapitoisuus: 2,5 %. S\u00e4ilytys: S\u00e4ilyt\u00e4 viile\u00e4ss\u00e4 4 \u00b0C<\/p>\n","protected":false},"featured_media":99298,"template":"","meta":{"om_disable_all_campaigns":false,"_monsterinsights_skip_tracking":false,"_monsterinsights_sitenote_active":false,"_monsterinsights_sitenote_note":"","_monsterinsights_sitenote_category":0},"location":[1422],"product_brand":[1423],"product_cat":[1352],"product_tag":[],"class_list":{"0":"post-44270","1":"product","2":"type-product","3":"status-publish","4":"has-post-thumbnail","6":"location-v","7":"product_brand-ararat-ari-food","8":"product_cat-maitotuotteet-fi","9":"stock_type-prk-en","11":"first","12":"instock","13":"taxable","14":"shipping-taxable","15":"purchasable","16":"product-type-simple"},"aioseo_notices":[],"locations":[{"id":1422,"name":"v","slug":"v","quantity":"114"}],"_links":{"self":[{"href":"https:\/\/araratfinland.com\/en\/wp-json\/wp\/v2\/product\/44270","targetHints":{"allow":["GET"]}}],"collection":[{"href":"https:\/\/araratfinland.com\/en\/wp-json\/wp\/v2\/product"}],"about":[{"href":"https:\/\/araratfinland.com\/en\/wp-json\/wp\/v2\/types\/product"}],"version-history":[{"count":5,"href":"https:\/\/araratfinland.com\/en\/wp-json\/wp\/v2\/product\/44270\/revisions"}],"predecessor-version":[{"id":96204,"href":"https:\/\/araratfinland.com\/en\/wp-json\/wp\/v2\/product\/44270\/revisions\/96204"}],"wp:featuredmedia":[{"embeddable":true,"href":"https:\/\/araratfinland.com\/en\/wp-json\/wp\/v2\/media\/99298"}],"wp:attachment":[{"href":"https:\/\/araratfinland.com\/en\/wp-json\/wp\/v2\/media?parent=44270"}],"wp:term":[{"taxonomy":"location","embeddable":true,"href":"https:\/\/araratfinland.com\/en\/wp-json\/wp\/v2\/location?post=44270"},{"taxonomy":"product_brand","embeddable":true,"href":"https:\/\/araratfinland.com\/en\/wp-json\/wp\/v2\/product_brand?post=44270"},{"taxonomy":"product_cat","embeddable":true,"href":"https:\/\/araratfinland.com\/en\/wp-json\/wp\/v2\/product_cat?post=44270"},{"taxonomy":"product_tag","embeddable":true,"href":"https:\/\/araratfinland.com\/en\/wp-json\/wp\/v2\/product_tag?post=44270"}],"curies":[{"name":"wp","href":"https:\/\/api.w.org\/{rel}","templated":true}]}}