{"id":44120,"date":"2024-06-02T02:20:51","date_gmt":"2024-06-01T23:20:51","guid":{"rendered":"https:\/\/araratfinland.com\/product\/al-dahry-taateli-1-kg\/"},"modified":"2025-11-13T11:43:46","modified_gmt":"2025-11-13T09:43:46","slug":"al-dahry-taateli-1-kg","status":"publish","type":"product","link":"https:\/\/araratfinland.com\/en\/product\/al-dahry-taateli-1-kg\/","title":{"rendered":"Al Dahry Taateli 1 Kg"},"content":{"rendered":"<p><span style=\"font-size: 18px;color: #000000\"><strong>S\u00e4ilytys:<\/strong> Kuivassa ja viile\u00e4ss\u00e4 paikassa.<\/span><br \/><span style=\"font-size: 18px;color: #000000\"><strong>Tuotettu:<\/strong> UAE.<\/span> <\/p>\n<table style=\"height: 361px;width: 289px\">\n<tbody>\n<tr style=\"height: 4px\">\n<td style=\"width: 271px;height: 4px\" colspan=\"2\"><span style=\"font-size: 18px;color: #000000\"><strong>Ravintosis\u00e4lt\u00f6 per 100g<\/strong><\/span><\/td>\n<\/tr>\n<\/tbody>\n<tbody>\n<tr style=\"height: 2px\">\n<td style=\"width: 151.078px;height: 2px\"><span style=\"font-size: 18px;color: #000000\">Energiaa<\/span><\/td>\n<td style=\"width: 119.922px;height: 2px\"><span style=\"font-size: 18px;color: #000000\">274,0 kcal<\/span><\/td>\n<\/tr>\n<tr style=\"height: 18.8281px\">\n<td style=\"width: 151.078px;height: 18.8281px\"><span style=\"font-size: 18px;color: #000000\">Rasva<\/span><\/td>\n<td style=\"width: 119.922px;height: 18.8281px\"><span style=\"font-size: 18px;color: #000000\">0,5 g<\/span><\/td>\n<\/tr>\n<tr style=\"height: 16px\">\n<td style=\"width: 151.078px;height: 16px\"><span style=\"font-size: 18px;color: #000000\">Kuitu<\/span><\/td>\n<td style=\"width: 119.922px;height: 16px\"><span style=\"font-size: 18px;color: #000000\">2,5 g<\/span><\/td>\n<\/tr>\n<tr style=\"height: 15px\">\n<td style=\"width: 151.078px;height: 15px\"><span style=\"font-size: 18px;color: #000000\">Hiilihydraatit<\/span><\/td>\n<td style=\"width: 119.922px;height: 15px\"><span style=\"font-size: 18px;color: #000000\">44 g<\/span><\/td>\n<\/tr>\n<tr style=\"height: 9px\">\n<td style=\"width: 151.078px;height: 9px\"><span style=\"font-size: 18px;color: #000000\">Sokeri<\/span><\/td>\n<td style=\"width: 119.922px;height: 9px\"><span style=\"font-size: 18px;color: #000000\">72,5 g<\/span><\/td>\n<\/tr>\n<tr style=\"height: 16px\">\n<td style=\"width: 151.078px;height: 16px\"><span style=\"font-size: 18px;color: #000000\">Proteiini<\/span><\/td>\n<td style=\"width: 119.922px;height: 16px\"><span style=\"font-size: 18px;color: #000000\">2,2 g<\/span><\/td>\n<\/tr>\n<tr style=\"height: 16px\">\n<td style=\"width: 151.078px;height: 16px\">\n<p><span style=\"font-size: 18px;color: #000000\">Kaliumia<\/span><\/p>\n<p><span style=\"font-size: 18px;color: #000000\">Kalsiumia<\/span><\/p>\n<\/td>\n<td style=\"width: 119.922px;height: 16px\">\n<p><span style=\"font-size: 18px;color: #000000\">648,0 mg<\/span><\/p>\n<p><span style=\"font-size: 18px;color: #000000\">59,0 mg<\/span><\/p>\n<\/td>\n<\/tr>\n<\/tbody>\n<\/table>\n","protected":false},"excerpt":{"rendered":"<p>S\u00e4ilytys: Kuivassa ja viile\u00e4ss\u00e4 paikassa.Tuotettu: UAE. Ravintosis\u00e4lt\u00f6 per 100g Energiaa 274,0 kcal Rasva 0,5 g Kuitu 2,5 g Hiilihydraatit 44<\/p>\n","protected":false},"featured_media":100277,"template":"","meta":{"om_disable_all_campaigns":false,"_monsterinsights_skip_tracking":false,"_monsterinsights_sitenote_active":false,"_monsterinsights_sitenote_note":"","_monsterinsights_sitenote_category":0},"location":[1422],"product_brand":[1423],"product_cat":[1336],"product_tag":[],"class_list":{"0":"post-44120","1":"product","2":"type-product","3":"status-publish","4":"has-post-thumbnail","6":"location-v","7":"product_brand-ararat-ari-food","8":"product_cat-taatelit-fi","9":"stock_type-kpl-en","11":"first","12":"instock","13":"taxable","14":"shipping-taxable","15":"purchasable","16":"product-type-simple"},"aioseo_notices":[],"locations":[{"id":1422,"name":"v","slug":"v","quantity":"0"}],"_links":{"self":[{"href":"https:\/\/araratfinland.com\/en\/wp-json\/wp\/v2\/product\/44120","targetHints":{"allow":["GET"]}}],"collection":[{"href":"https:\/\/araratfinland.com\/en\/wp-json\/wp\/v2\/product"}],"about":[{"href":"https:\/\/araratfinland.com\/en\/wp-json\/wp\/v2\/types\/product"}],"version-history":[{"count":1,"href":"https:\/\/araratfinland.com\/en\/wp-json\/wp\/v2\/product\/44120\/revisions"}],"predecessor-version":[{"id":52017,"href":"https:\/\/araratfinland.com\/en\/wp-json\/wp\/v2\/product\/44120\/revisions\/52017"}],"wp:featuredmedia":[{"embeddable":true,"href":"https:\/\/araratfinland.com\/en\/wp-json\/wp\/v2\/media\/100277"}],"wp:attachment":[{"href":"https:\/\/araratfinland.com\/en\/wp-json\/wp\/v2\/media?parent=44120"}],"wp:term":[{"taxonomy":"location","embeddable":true,"href":"https:\/\/araratfinland.com\/en\/wp-json\/wp\/v2\/location?post=44120"},{"taxonomy":"product_brand","embeddable":true,"href":"https:\/\/araratfinland.com\/en\/wp-json\/wp\/v2\/product_brand?post=44120"},{"taxonomy":"product_cat","embeddable":true,"href":"https:\/\/araratfinland.com\/en\/wp-json\/wp\/v2\/product_cat?post=44120"},{"taxonomy":"product_tag","embeddable":true,"href":"https:\/\/araratfinland.com\/en\/wp-json\/wp\/v2\/product_tag?post=44120"}],"curies":[{"name":"wp","href":"https:\/\/api.w.org\/{rel}","templated":true}]}}