{"id":44102,"date":"2024-06-02T02:20:48","date_gmt":"2024-06-01T23:20:48","guid":{"rendered":"https:\/\/araratfinland.com\/product\/durra-foul-natural-fava-papuja-400g\/"},"modified":"2025-09-22T15:38:09","modified_gmt":"2025-09-22T12:38:09","slug":"durra-foul-natural-fava-papuja-400g","status":"publish","type":"product","link":"https:\/\/araratfinland.com\/en\/product\/durra-foul-natural-fava-papuja-400g\/","title":{"rendered":"Durra Foul Natural \/ Fava Papuja 400g"},"content":{"rendered":"<p><span style=\"color: #000000\"><span style=\"font-size: 18px\"><strong>Ainesosat:<\/strong>\u00a0Fava-pavut 65,8%, vesi 32,09%, suola 2%,<br \/><\/span><span style=\"font-size: 18px\">happamuudens\u00e4\u00e4t\u00f6aine: E330 (0,35%),<br \/>antioksidantti: E300 (0,05%),\u00a0<\/span><span style=\"font-size: 18px\">v\u00e4rin stabilointiaine:<br \/>(EDTA) E385 (0,01%).<\/p>\n<p><\/span><span style=\"font-size: 18px\"><strong>S\u00e4ilytys:<\/strong>\u00a0Viile\u00e4ss\u00e4 ja kuivassa paikassa.<br \/>S\u00e4ilyt\u00e4 j\u00e4\u00e4kaapissa avaamisen j\u00e4lkeen ja<br \/>k\u00e4yt\u00e4 3 p\u00e4iv\u00e4n kuluessa.<br \/><\/span><\/span> <\/p>\n<table style=\"height: 238px;width: 399.453px\">\n<tbody>\n<tr style=\"height: 22px\">\n<th style=\"width: 425px;height: 22px;text-align: left\" colspan=\"2\"><span style=\"font-size: 18px;color: #000000\">Ravintosis\u00e4lt\u00f6 per 100g<\/span><\/th>\n<th style=\"width: 10px;height: 22px\"><span style=\"color: #000000\">\u00a0<\/span><\/th>\n<\/tr>\n<\/tbody>\n<tbody>\n<tr style=\"height: 26.1094px\">\n<td style=\"width: 220px;height: 26.1094px\"><span style=\"font-size: 18px;color: #000000\">Energia<\/span><\/td>\n<td style=\"width: 205px;height: 26.1094px\"><span style=\"font-size: 18px;color: #000000\">301 kJ\u00a0 \/ 72 kcal<\/span><\/td>\n<\/tr>\n<tr style=\"height: 23px\">\n<td style=\"width: 220px;height: 23px\"><span style=\"font-size: 18px;color: #000000\">Rasva<\/span><\/td>\n<td style=\"width: 205px;height: 23px\"><span style=\"font-size: 18px;color: #000000\">0,3 g<\/span><\/td>\n<\/tr>\n<tr class=\"sub-content\" style=\"height: 23px\">\n<td style=\"width: 220px;height: 23px\"><span style=\"font-size: 18px;color: #000000\">josta tyydyttynytt\u00e4<\/span><\/td>\n<td style=\"width: 205px;height: 23px\"><span style=\"font-size: 18px;color: #000000\">0 g<\/span><\/td>\n<\/tr>\n<tr style=\"height: 23px\">\n<td style=\"width: 220px;height: 23px\"><span style=\"font-size: 18px;color: #000000\">Hiilihydraatit<\/span><\/td>\n<td style=\"width: 205px;height: 23px\"><span style=\"font-size: 18px;color: #000000\">13\u00a0 g<\/span><\/td>\n<\/tr>\n<tr class=\"sub-content\" style=\"height: 23px\">\n<td style=\"width: 220px;height: 23px\"><span style=\"font-size: 18px;color: #000000\">josta sokereita<\/span><\/td>\n<td style=\"width: 205px;height: 23px\"><span style=\"font-size: 18px;color: #000000\">1,0 g<\/span><\/td>\n<\/tr>\n<tr style=\"height: 23px\">\n<td style=\"width: 220px;height: 23px\"><span style=\"font-size: 18px;color: #000000\">Proteiini<\/span><\/td>\n<td style=\"width: 205px;height: 23px\"><span style=\"font-size: 18px;color: #000000\">5,0 g<\/span><\/td>\n<\/tr>\n<tr style=\"height: 23px\">\n<td style=\"width: 220px;height: 23px\"><span style=\"font-size: 18px;color: #000000\">Suola<\/span><\/td>\n<td style=\"width: 205px;height: 23px\"><span style=\"font-size: 18px;color: #000000\">2,0 g<br \/><\/span><\/td>\n<\/tr>\n<\/tbody>\n<\/table>\n","protected":false},"excerpt":{"rendered":"<p>Ainesosat:\u00a0Fava-pavut 65,8%, vesi 32,09%, suola 2%,happamuudens\u00e4\u00e4t\u00f6aine: E330 (0,35%),antioksidantti: E300 (0,05%),\u00a0v\u00e4rin stabilointiaine:(EDTA) E385 (0,01%). S\u00e4ilytys:\u00a0Viile\u00e4ss\u00e4 ja kuivassa paikassa.S\u00e4ilyt\u00e4 j\u00e4\u00e4kaapissa avaamisen j\u00e4lkeen<\/p>\n","protected":false},"featured_media":93074,"template":"","meta":{"om_disable_all_campaigns":false,"_monsterinsights_skip_tracking":false,"_monsterinsights_sitenote_active":false,"_monsterinsights_sitenote_note":"","_monsterinsights_sitenote_category":0},"location":[1422],"product_brand":[1423],"product_cat":[1360],"product_tag":[],"class_list":{"0":"post-44102","1":"product","2":"type-product","3":"status-publish","4":"has-post-thumbnail","6":"location-v","7":"product_brand-ararat-ari-food","8":"product_cat-silykeetvihannekset-fi","9":"stock_type-kpl-en","11":"first","12":"instock","13":"taxable","14":"shipping-taxable","15":"purchasable","16":"product-type-simple"},"aioseo_notices":[],"locations":[{"id":1422,"name":"v","slug":"v","quantity":"456"}],"_links":{"self":[{"href":"https:\/\/araratfinland.com\/en\/wp-json\/wp\/v2\/product\/44102","targetHints":{"allow":["GET"]}}],"collection":[{"href":"https:\/\/araratfinland.com\/en\/wp-json\/wp\/v2\/product"}],"about":[{"href":"https:\/\/araratfinland.com\/en\/wp-json\/wp\/v2\/types\/product"}],"version-history":[{"count":1,"href":"https:\/\/araratfinland.com\/en\/wp-json\/wp\/v2\/product\/44102\/revisions"}],"predecessor-version":[{"id":55888,"href":"https:\/\/araratfinland.com\/en\/wp-json\/wp\/v2\/product\/44102\/revisions\/55888"}],"wp:featuredmedia":[{"embeddable":true,"href":"https:\/\/araratfinland.com\/en\/wp-json\/wp\/v2\/media\/93074"}],"wp:attachment":[{"href":"https:\/\/araratfinland.com\/en\/wp-json\/wp\/v2\/media?parent=44102"}],"wp:term":[{"taxonomy":"location","embeddable":true,"href":"https:\/\/araratfinland.com\/en\/wp-json\/wp\/v2\/location?post=44102"},{"taxonomy":"product_brand","embeddable":true,"href":"https:\/\/araratfinland.com\/en\/wp-json\/wp\/v2\/product_brand?post=44102"},{"taxonomy":"product_cat","embeddable":true,"href":"https:\/\/araratfinland.com\/en\/wp-json\/wp\/v2\/product_cat?post=44102"},{"taxonomy":"product_tag","embeddable":true,"href":"https:\/\/araratfinland.com\/en\/wp-json\/wp\/v2\/product_tag?post=44102"}],"curies":[{"name":"wp","href":"https:\/\/api.w.org\/{rel}","templated":true}]}}